{"id":6795,"date":"2020-04-20T17:49:38","date_gmt":"2020-04-20T15:49:38","guid":{"rendered":"https:\/\/lanzigroup.com\/?page_id=6795"},"modified":"2025-03-11T12:21:40","modified_gmt":"2025-03-11T11:21:40","slug":"semelles-orthopediques","status":"publish","type":"page","link":"https:\/\/lanzigroup.com\/fr\/divisions-operationnelles\/distribution-multimarque\/semelles-orthopediques\/","title":{"rendered":"Semelles Orthop\u00e9diques"},"content":{"rendered":"","protected":false},"excerpt":{"rendered":"","protected":false},"author":13,"featured_media":5017,"parent":6780,"menu_order":0,"comment_status":"closed","ping_status":"closed","template":"","meta":{"_acf_changed":false,"footnotes":""},"class_list":["post-6795","page","type-page","status-publish","has-post-thumbnail","hentry"],"acf":[],"yoast_head":"<!-- This site is optimized with the Yoast SEO plugin v24.3 - https:\/\/yoast.com\/wordpress\/plugins\/seo\/ -->\n<title>Semelles Orthop\u00e9diques - Lanzi Group<\/title>\n<meta name=\"description\" content=\"Gr\u00e2ce \u00e0 la collaboration du Laboratoire Orthop\u00e9dique Zumaglini, Lanzi propose de r\u00e9aliser des solutions personnalis\u00e9es sur mesure, sur la base d\u2019une ordonnance m\u00e9dicale ou d\u2019un podologue.\" \/>\n<meta name=\"robots\" content=\"index, follow, max-snippet:-1, max-image-preview:large, max-video-preview:-1\" \/>\n<link rel=\"canonical\" href=\"https:\/\/lanzigroup.com\/fr\/divisions-operationnelles\/distribution-multimarque\/semelles-orthopediques\/\" \/>\n<meta property=\"og:locale\" content=\"fr_FR\" \/>\n<meta property=\"og:type\" content=\"article\" \/>\n<meta property=\"og:title\" content=\"Semelles Orthop\u00e9diques - Lanzi Group\" \/>\n<meta property=\"og:description\" content=\"Gr\u00e2ce \u00e0 la collaboration du Laboratoire Orthop\u00e9dique Zumaglini, Lanzi propose de r\u00e9aliser des solutions personnalis\u00e9es sur mesure, sur la base d\u2019une ordonnance m\u00e9dicale ou d\u2019un podologue.\" \/>\n<meta property=\"og:url\" content=\"https:\/\/lanzigroup.com\/fr\/divisions-operationnelles\/distribution-multimarque\/semelles-orthopediques\/\" \/>\n<meta property=\"og:site_name\" content=\"Lanzi Group\" \/>\n<meta property=\"article:modified_time\" content=\"2025-03-11T11:21:40+00:00\" \/>\n<meta property=\"og:image\" content=\"https:\/\/lanzigroup.com\/wp-content\/uploads\/2020\/04\/plantari-ortopedici.jpg\" \/>\n\t<meta property=\"og:image:width\" content=\"1000\" \/>\n\t<meta property=\"og:image:height\" content=\"1000\" \/>\n\t<meta property=\"og:image:type\" content=\"image\/jpeg\" \/>\n<meta name=\"twitter:card\" content=\"summary_large_image\" \/>\n<meta name=\"twitter:label1\" content=\"Dur\u00e9e de lecture estim\u00e9e\" \/>\n\t<meta name=\"twitter:data1\" content=\"1 minute\" \/>\n<script type=\"application\/ld+json\" class=\"yoast-schema-graph\">{\"@context\":\"https:\/\/schema.org\",\"@graph\":[{\"@type\":\"WebPage\",\"@id\":\"https:\/\/lanzigroup.com\/fr\/divisions-operationnelles\/distribution-multimarque\/semelles-orthopediques\/\",\"url\":\"https:\/\/lanzigroup.com\/fr\/divisions-operationnelles\/distribution-multimarque\/semelles-orthopediques\/\",\"name\":\"Semelles Orthop\u00e9diques - Lanzi Group\",\"isPartOf\":{\"@id\":\"https:\/\/lanzigroup.com\/fr\/#website\"},\"primaryImageOfPage\":{\"@id\":\"https:\/\/lanzigroup.com\/fr\/divisions-operationnelles\/distribution-multimarque\/semelles-orthopediques\/#primaryimage\"},\"image\":{\"@id\":\"https:\/\/lanzigroup.com\/fr\/divisions-operationnelles\/distribution-multimarque\/semelles-orthopediques\/#primaryimage\"},\"thumbnailUrl\":\"https:\/\/lanzigroup.com\/wp-content\/uploads\/2020\/04\/plantari-ortopedici.jpg\",\"datePublished\":\"2020-04-20T15:49:38+00:00\",\"dateModified\":\"2025-03-11T11:21:40+00:00\",\"description\":\"Gr\u00e2ce \u00e0 la collaboration du Laboratoire Orthop\u00e9dique Zumaglini, Lanzi propose de r\u00e9aliser des solutions personnalis\u00e9es sur mesure, sur la base d\u2019une ordonnance m\u00e9dicale ou d\u2019un podologue.\",\"breadcrumb\":{\"@id\":\"https:\/\/lanzigroup.com\/fr\/divisions-operationnelles\/distribution-multimarque\/semelles-orthopediques\/#breadcrumb\"},\"inLanguage\":\"fr-FR\",\"potentialAction\":[{\"@type\":\"ReadAction\",\"target\":[\"https:\/\/lanzigroup.com\/fr\/divisions-operationnelles\/distribution-multimarque\/semelles-orthopediques\/\"]}]},{\"@type\":\"ImageObject\",\"inLanguage\":\"fr-FR\",\"@id\":\"https:\/\/lanzigroup.com\/fr\/divisions-operationnelles\/distribution-multimarque\/semelles-orthopediques\/#primaryimage\",\"url\":\"https:\/\/lanzigroup.com\/wp-content\/uploads\/2020\/04\/plantari-ortopedici.jpg\",\"contentUrl\":\"https:\/\/lanzigroup.com\/wp-content\/uploads\/2020\/04\/plantari-ortopedici.jpg\",\"width\":1000,\"height\":1000},{\"@type\":\"BreadcrumbList\",\"@id\":\"https:\/\/lanzigroup.com\/fr\/divisions-operationnelles\/distribution-multimarque\/semelles-orthopediques\/#breadcrumb\",\"itemListElement\":[{\"@type\":\"ListItem\",\"position\":1,\"name\":\"Lanzi\",\"item\":\"https:\/\/lanzigroup.com\/fr\/\"},{\"@type\":\"ListItem\",\"position\":2,\"name\":\"Divisions\",\"item\":\"https:\/\/lanzigroup.com\/fr\/divisions-operationnelles\/\"},{\"@type\":\"ListItem\",\"position\":3,\"name\":\"Distribution Multimarque\",\"item\":\"https:\/\/lanzigroup.com\/fr\/divisions-operationnelles\/distribution-multimarque\/\"},{\"@type\":\"ListItem\",\"position\":4,\"name\":\"Semelles Orthop\u00e9diques\"}]},{\"@type\":\"WebSite\",\"@id\":\"https:\/\/lanzigroup.com\/fr\/#website\",\"url\":\"https:\/\/lanzigroup.com\/fr\/\",\"name\":\"Lanzi Group\",\"description\":\"\",\"publisher\":{\"@id\":\"https:\/\/lanzigroup.com\/fr\/#organization\"},\"potentialAction\":[{\"@type\":\"SearchAction\",\"target\":{\"@type\":\"EntryPoint\",\"urlTemplate\":\"https:\/\/lanzigroup.com\/fr\/?s={search_term_string}\"},\"query-input\":{\"@type\":\"PropertyValueSpecification\",\"valueRequired\":true,\"valueName\":\"search_term_string\"}}],\"inLanguage\":\"fr-FR\"},{\"@type\":\"Organization\",\"@id\":\"https:\/\/lanzigroup.com\/fr\/#organization\",\"name\":\"Lanzi Group\",\"url\":\"https:\/\/lanzigroup.com\/fr\/\",\"logo\":{\"@type\":\"ImageObject\",\"inLanguage\":\"fr-FR\",\"@id\":\"https:\/\/lanzigroup.com\/fr\/#\/schema\/logo\/image\/\",\"url\":\"https:\/\/lanzigroup.com\/wp-content\/uploads\/2024\/12\/logo-lanzi-group.png\",\"contentUrl\":\"https:\/\/lanzigroup.com\/wp-content\/uploads\/2024\/12\/logo-lanzi-group.png\",\"width\":190,\"height\":88,\"caption\":\"Lanzi Group\"},\"image\":{\"@id\":\"https:\/\/lanzigroup.com\/fr\/#\/schema\/logo\/image\/\"},\"sameAs\":[\"https:\/\/www.linkedin.com\/company\/lanzi-group\/\",\"https:\/\/www.youtube.com\/channel\/UCnPuBpzneOCV6CzbmM5n5tw\"]}]}<\/script>\n<!-- \/ Yoast SEO plugin. -->","yoast_head_json":{"title":"Semelles Orthop\u00e9diques - Lanzi Group","description":"Gr\u00e2ce \u00e0 la collaboration du Laboratoire Orthop\u00e9dique Zumaglini, Lanzi propose de r\u00e9aliser des solutions personnalis\u00e9es sur mesure, sur la base d\u2019une ordonnance m\u00e9dicale ou d\u2019un podologue.","robots":{"index":"index","follow":"follow","max-snippet":"max-snippet:-1","max-image-preview":"max-image-preview:large","max-video-preview":"max-video-preview:-1"},"canonical":"https:\/\/lanzigroup.com\/fr\/divisions-operationnelles\/distribution-multimarque\/semelles-orthopediques\/","og_locale":"fr_FR","og_type":"article","og_title":"Semelles Orthop\u00e9diques - Lanzi Group","og_description":"Gr\u00e2ce \u00e0 la collaboration du Laboratoire Orthop\u00e9dique Zumaglini, Lanzi propose de r\u00e9aliser des solutions personnalis\u00e9es sur mesure, sur la base d\u2019une ordonnance m\u00e9dicale ou d\u2019un podologue.","og_url":"https:\/\/lanzigroup.com\/fr\/divisions-operationnelles\/distribution-multimarque\/semelles-orthopediques\/","og_site_name":"Lanzi Group","article_modified_time":"2025-03-11T11:21:40+00:00","og_image":[{"width":1000,"height":1000,"url":"https:\/\/lanzigroup.com\/wp-content\/uploads\/2020\/04\/plantari-ortopedici.jpg","type":"image\/jpeg"}],"twitter_card":"summary_large_image","twitter_misc":{"Dur\u00e9e de lecture estim\u00e9e":"1 minute"},"schema":{"@context":"https:\/\/schema.org","@graph":[{"@type":"WebPage","@id":"https:\/\/lanzigroup.com\/fr\/divisions-operationnelles\/distribution-multimarque\/semelles-orthopediques\/","url":"https:\/\/lanzigroup.com\/fr\/divisions-operationnelles\/distribution-multimarque\/semelles-orthopediques\/","name":"Semelles Orthop\u00e9diques - Lanzi Group","isPartOf":{"@id":"https:\/\/lanzigroup.com\/fr\/#website"},"primaryImageOfPage":{"@id":"https:\/\/lanzigroup.com\/fr\/divisions-operationnelles\/distribution-multimarque\/semelles-orthopediques\/#primaryimage"},"image":{"@id":"https:\/\/lanzigroup.com\/fr\/divisions-operationnelles\/distribution-multimarque\/semelles-orthopediques\/#primaryimage"},"thumbnailUrl":"https:\/\/lanzigroup.com\/wp-content\/uploads\/2020\/04\/plantari-ortopedici.jpg","datePublished":"2020-04-20T15:49:38+00:00","dateModified":"2025-03-11T11:21:40+00:00","description":"Gr\u00e2ce \u00e0 la collaboration du Laboratoire Orthop\u00e9dique Zumaglini, Lanzi propose de r\u00e9aliser des solutions personnalis\u00e9es sur mesure, sur la base d\u2019une ordonnance m\u00e9dicale ou d\u2019un podologue.","breadcrumb":{"@id":"https:\/\/lanzigroup.com\/fr\/divisions-operationnelles\/distribution-multimarque\/semelles-orthopediques\/#breadcrumb"},"inLanguage":"fr-FR","potentialAction":[{"@type":"ReadAction","target":["https:\/\/lanzigroup.com\/fr\/divisions-operationnelles\/distribution-multimarque\/semelles-orthopediques\/"]}]},{"@type":"ImageObject","inLanguage":"fr-FR","@id":"https:\/\/lanzigroup.com\/fr\/divisions-operationnelles\/distribution-multimarque\/semelles-orthopediques\/#primaryimage","url":"https:\/\/lanzigroup.com\/wp-content\/uploads\/2020\/04\/plantari-ortopedici.jpg","contentUrl":"https:\/\/lanzigroup.com\/wp-content\/uploads\/2020\/04\/plantari-ortopedici.jpg","width":1000,"height":1000},{"@type":"BreadcrumbList","@id":"https:\/\/lanzigroup.com\/fr\/divisions-operationnelles\/distribution-multimarque\/semelles-orthopediques\/#breadcrumb","itemListElement":[{"@type":"ListItem","position":1,"name":"Lanzi","item":"https:\/\/lanzigroup.com\/fr\/"},{"@type":"ListItem","position":2,"name":"Divisions","item":"https:\/\/lanzigroup.com\/fr\/divisions-operationnelles\/"},{"@type":"ListItem","position":3,"name":"Distribution Multimarque","item":"https:\/\/lanzigroup.com\/fr\/divisions-operationnelles\/distribution-multimarque\/"},{"@type":"ListItem","position":4,"name":"Semelles Orthop\u00e9diques"}]},{"@type":"WebSite","@id":"https:\/\/lanzigroup.com\/fr\/#website","url":"https:\/\/lanzigroup.com\/fr\/","name":"Lanzi Group","description":"","publisher":{"@id":"https:\/\/lanzigroup.com\/fr\/#organization"},"potentialAction":[{"@type":"SearchAction","target":{"@type":"EntryPoint","urlTemplate":"https:\/\/lanzigroup.com\/fr\/?s={search_term_string}"},"query-input":{"@type":"PropertyValueSpecification","valueRequired":true,"valueName":"search_term_string"}}],"inLanguage":"fr-FR"},{"@type":"Organization","@id":"https:\/\/lanzigroup.com\/fr\/#organization","name":"Lanzi Group","url":"https:\/\/lanzigroup.com\/fr\/","logo":{"@type":"ImageObject","inLanguage":"fr-FR","@id":"https:\/\/lanzigroup.com\/fr\/#\/schema\/logo\/image\/","url":"https:\/\/lanzigroup.com\/wp-content\/uploads\/2024\/12\/logo-lanzi-group.png","contentUrl":"https:\/\/lanzigroup.com\/wp-content\/uploads\/2024\/12\/logo-lanzi-group.png","width":190,"height":88,"caption":"Lanzi Group"},"image":{"@id":"https:\/\/lanzigroup.com\/fr\/#\/schema\/logo\/image\/"},"sameAs":["https:\/\/www.linkedin.com\/company\/lanzi-group\/","https:\/\/www.youtube.com\/channel\/UCnPuBpzneOCV6CzbmM5n5tw"]}]}},"_links":{"self":[{"href":"https:\/\/lanzigroup.com\/fr\/wp-json\/wp\/v2\/pages\/6795","targetHints":{"allow":["GET"]}}],"collection":[{"href":"https:\/\/lanzigroup.com\/fr\/wp-json\/wp\/v2\/pages"}],"about":[{"href":"https:\/\/lanzigroup.com\/fr\/wp-json\/wp\/v2\/types\/page"}],"author":[{"embeddable":true,"href":"https:\/\/lanzigroup.com\/fr\/wp-json\/wp\/v2\/users\/13"}],"replies":[{"embeddable":true,"href":"https:\/\/lanzigroup.com\/fr\/wp-json\/wp\/v2\/comments?post=6795"}],"version-history":[{"count":1,"href":"https:\/\/lanzigroup.com\/fr\/wp-json\/wp\/v2\/pages\/6795\/revisions"}],"predecessor-version":[{"id":6796,"href":"https:\/\/lanzigroup.com\/fr\/wp-json\/wp\/v2\/pages\/6795\/revisions\/6796"}],"up":[{"embeddable":true,"href":"https:\/\/lanzigroup.com\/fr\/wp-json\/wp\/v2\/pages\/6780"}],"wp:featuredmedia":[{"embeddable":true,"href":"https:\/\/lanzigroup.com\/fr\/wp-json\/wp\/v2\/media\/5017"}],"wp:attachment":[{"href":"https:\/\/lanzigroup.com\/fr\/wp-json\/wp\/v2\/media?parent=6795"}],"curies":[{"name":"wp","href":"https:\/\/api.w.org\/{rel}","templated":true}]}}