{"id":137359,"date":"2023-08-21T12:28:08","date_gmt":"2023-08-21T10:28:08","guid":{"rendered":"https:\/\/lanzigroup.com\/handprotection\/regen\/"},"modified":"2024-12-05T14:48:47","modified_gmt":"2024-12-05T13:48:47","slug":"regen","status":"publish","type":"page","link":"https:\/\/lanzigroup.com\/handprotection\/fr\/regen\/","title":{"rendered":"Regen"},"content":{"rendered":"","protected":false},"excerpt":{"rendered":"","protected":false},"author":13,"featured_media":137508,"parent":0,"menu_order":0,"comment_status":"closed","ping_status":"closed","template":"elementor_header_footer","meta":{"footnotes":""},"class_list":["post-137359","page","type-page","status-publish","has-post-thumbnail","hentry"],"acf":[],"yoast_head":"<!-- This site is optimized with the Yoast SEO plugin v24.3 - https:\/\/yoast.com\/wordpress\/plugins\/seo\/ -->\n<title>Regen - Safety Systems Hand Protection<\/title>\n<meta name=\"description\" content=\"M\u00eame une bouteille en plastique peut donner vie \u00e0 la protection. Comme celle garantie par une paire de gants de la ligne Regen, con\u00e7us selon les principes de la pens\u00e9e rationnelle et de l\u2019\u00e9conomie circulaire auxquels s\u2019inspire Lanzi, en offrant en plus un service de r\u00e9g\u00e9n\u00e9ration\" \/>\n<meta name=\"robots\" content=\"index, follow, max-snippet:-1, max-image-preview:large, max-video-preview:-1\" \/>\n<link rel=\"canonical\" href=\"https:\/\/lanzigroup.com\/handprotection\/fr\/regen\/\" \/>\n<meta property=\"og:locale\" content=\"fr_FR\" \/>\n<meta property=\"og:type\" content=\"article\" \/>\n<meta property=\"og:title\" content=\"Regen - Safety Systems Hand Protection\" \/>\n<meta property=\"og:description\" content=\"M\u00eame une bouteille en plastique peut donner vie \u00e0 la protection. Comme celle garantie par une paire de gants de la ligne Regen, con\u00e7us selon les principes de la pens\u00e9e rationnelle et de l\u2019\u00e9conomie circulaire auxquels s\u2019inspire Lanzi, en offrant en plus un service de r\u00e9g\u00e9n\u00e9ration\" \/>\n<meta property=\"og:url\" content=\"https:\/\/lanzigroup.com\/handprotection\/fr\/regen\/\" \/>\n<meta property=\"og:site_name\" content=\"Safety Systems Hand Protection\" \/>\n<meta property=\"article:modified_time\" content=\"2024-12-05T13:48:47+00:00\" \/>\n<meta property=\"og:image\" content=\"https:\/\/lanzigroup.com\/handprotection\/wp-content\/uploads\/sites\/9\/2024\/12\/Visual-Regen-landing-FR.jpg\" \/>\n\t<meta property=\"og:image:width\" content=\"1818\" \/>\n\t<meta property=\"og:image:height\" content=\"1698\" \/>\n\t<meta property=\"og:image:type\" content=\"image\/jpeg\" \/>\n<meta name=\"twitter:card\" content=\"summary_large_image\" \/>\n<script type=\"application\/ld+json\" class=\"yoast-schema-graph\">{\"@context\":\"https:\/\/schema.org\",\"@graph\":[{\"@type\":\"WebPage\",\"@id\":\"https:\/\/lanzigroup.com\/handprotection\/fr\/regen\/\",\"url\":\"https:\/\/lanzigroup.com\/handprotection\/fr\/regen\/\",\"name\":\"Regen - Safety Systems Hand Protection\",\"isPartOf\":{\"@id\":\"https:\/\/lanzigroup.com\/handprotection\/fr\/#website\"},\"primaryImageOfPage\":{\"@id\":\"https:\/\/lanzigroup.com\/handprotection\/fr\/regen\/#primaryimage\"},\"image\":{\"@id\":\"https:\/\/lanzigroup.com\/handprotection\/fr\/regen\/#primaryimage\"},\"thumbnailUrl\":\"https:\/\/lanzigroup.com\/handprotection\/wp-content\/uploads\/sites\/9\/2024\/12\/Visual-Regen-landing-FR.jpg\",\"datePublished\":\"2023-08-21T10:28:08+00:00\",\"dateModified\":\"2024-12-05T13:48:47+00:00\",\"description\":\"M\u00eame une bouteille en plastique peut donner vie \u00e0 la protection. Comme celle garantie par une paire de gants de la ligne Regen, con\u00e7us selon les principes de la pens\u00e9e rationnelle et de l\u2019\u00e9conomie circulaire auxquels s\u2019inspire Lanzi, en offrant en plus un service de r\u00e9g\u00e9n\u00e9ration\",\"breadcrumb\":{\"@id\":\"https:\/\/lanzigroup.com\/handprotection\/fr\/regen\/#breadcrumb\"},\"inLanguage\":\"fr-FR\",\"potentialAction\":[{\"@type\":\"ReadAction\",\"target\":[\"https:\/\/lanzigroup.com\/handprotection\/fr\/regen\/\"]}]},{\"@type\":\"ImageObject\",\"inLanguage\":\"fr-FR\",\"@id\":\"https:\/\/lanzigroup.com\/handprotection\/fr\/regen\/#primaryimage\",\"url\":\"https:\/\/lanzigroup.com\/handprotection\/wp-content\/uploads\/sites\/9\/2024\/12\/Visual-Regen-landing-FR.jpg\",\"contentUrl\":\"https:\/\/lanzigroup.com\/handprotection\/wp-content\/uploads\/sites\/9\/2024\/12\/Visual-Regen-landing-FR.jpg\",\"width\":1818,\"height\":1698},{\"@type\":\"BreadcrumbList\",\"@id\":\"https:\/\/lanzigroup.com\/handprotection\/fr\/regen\/#breadcrumb\",\"itemListElement\":[{\"@type\":\"ListItem\",\"position\":1,\"name\":\"Lanzi\",\"item\":\"https:\/\/lanzigroup.com\/fr\/\"},{\"@type\":\"ListItem\",\"position\":2,\"name\":\"SS Hand Protection\",\"item\":\"https:\/\/lanzigroup.com\/handprotection\/fr\/\"},{\"@type\":\"ListItem\",\"position\":3,\"name\":\"Regen\"}]},{\"@type\":\"WebSite\",\"@id\":\"https:\/\/lanzigroup.com\/handprotection\/fr\/#website\",\"url\":\"https:\/\/lanzigroup.com\/handprotection\/fr\/\",\"name\":\"Safety Systems Hand Protection\",\"description\":\"\",\"publisher\":{\"@id\":\"https:\/\/lanzigroup.com\/handprotection\/fr\/#organization\"},\"potentialAction\":[{\"@type\":\"SearchAction\",\"target\":{\"@type\":\"EntryPoint\",\"urlTemplate\":\"https:\/\/lanzigroup.com\/handprotection\/fr\/?s={search_term_string}\"},\"query-input\":{\"@type\":\"PropertyValueSpecification\",\"valueRequired\":true,\"valueName\":\"search_term_string\"}}],\"inLanguage\":\"fr-FR\"},{\"@type\":\"Organization\",\"@id\":\"https:\/\/lanzigroup.com\/handprotection\/fr\/#organization\",\"name\":\"Safety Systems Hand Protection\",\"url\":\"https:\/\/lanzigroup.com\/handprotection\/fr\/\",\"logo\":{\"@type\":\"ImageObject\",\"inLanguage\":\"fr-FR\",\"@id\":\"https:\/\/lanzigroup.com\/handprotection\/fr\/#\/schema\/logo\/image\/\",\"url\":\"https:\/\/lanzigroup.com\/handprotection\/wp-content\/uploads\/sites\/9\/2021\/09\/SS-hand-protecyion-1.png\",\"contentUrl\":\"https:\/\/lanzigroup.com\/handprotection\/wp-content\/uploads\/sites\/9\/2021\/09\/SS-hand-protecyion-1.png\",\"width\":300,\"height\":146,\"caption\":\"Safety Systems Hand Protection\"},\"image\":{\"@id\":\"https:\/\/lanzigroup.com\/handprotection\/fr\/#\/schema\/logo\/image\/\"},\"sameAs\":[\"https:\/\/www.linkedin.com\/company\/lanzi-group\/\",\"https:\/\/www.youtube.com\/channel\/UCnPuBpzneOCV6CzbmM5n5tw\"]}]}<\/script>\n<!-- \/ Yoast SEO plugin. -->","yoast_head_json":{"title":"Regen - Safety Systems Hand Protection","description":"M\u00eame une bouteille en plastique peut donner vie \u00e0 la protection. Comme celle garantie par une paire de gants de la ligne Regen, con\u00e7us selon les principes de la pens\u00e9e rationnelle et de l\u2019\u00e9conomie circulaire auxquels s\u2019inspire Lanzi, en offrant en plus un service de r\u00e9g\u00e9n\u00e9ration","robots":{"index":"index","follow":"follow","max-snippet":"max-snippet:-1","max-image-preview":"max-image-preview:large","max-video-preview":"max-video-preview:-1"},"canonical":"https:\/\/lanzigroup.com\/handprotection\/fr\/regen\/","og_locale":"fr_FR","og_type":"article","og_title":"Regen - Safety Systems Hand Protection","og_description":"M\u00eame une bouteille en plastique peut donner vie \u00e0 la protection. Comme celle garantie par une paire de gants de la ligne Regen, con\u00e7us selon les principes de la pens\u00e9e rationnelle et de l\u2019\u00e9conomie circulaire auxquels s\u2019inspire Lanzi, en offrant en plus un service de r\u00e9g\u00e9n\u00e9ration","og_url":"https:\/\/lanzigroup.com\/handprotection\/fr\/regen\/","og_site_name":"Safety Systems Hand Protection","article_modified_time":"2024-12-05T13:48:47+00:00","og_image":[{"width":1818,"height":1698,"url":"https:\/\/lanzigroup.com\/handprotection\/wp-content\/uploads\/sites\/9\/2024\/12\/Visual-Regen-landing-FR.jpg","type":"image\/jpeg"}],"twitter_card":"summary_large_image","schema":{"@context":"https:\/\/schema.org","@graph":[{"@type":"WebPage","@id":"https:\/\/lanzigroup.com\/handprotection\/fr\/regen\/","url":"https:\/\/lanzigroup.com\/handprotection\/fr\/regen\/","name":"Regen - Safety Systems Hand Protection","isPartOf":{"@id":"https:\/\/lanzigroup.com\/handprotection\/fr\/#website"},"primaryImageOfPage":{"@id":"https:\/\/lanzigroup.com\/handprotection\/fr\/regen\/#primaryimage"},"image":{"@id":"https:\/\/lanzigroup.com\/handprotection\/fr\/regen\/#primaryimage"},"thumbnailUrl":"https:\/\/lanzigroup.com\/handprotection\/wp-content\/uploads\/sites\/9\/2024\/12\/Visual-Regen-landing-FR.jpg","datePublished":"2023-08-21T10:28:08+00:00","dateModified":"2024-12-05T13:48:47+00:00","description":"M\u00eame une bouteille en plastique peut donner vie \u00e0 la protection. Comme celle garantie par une paire de gants de la ligne Regen, con\u00e7us selon les principes de la pens\u00e9e rationnelle et de l\u2019\u00e9conomie circulaire auxquels s\u2019inspire Lanzi, en offrant en plus un service de r\u00e9g\u00e9n\u00e9ration","breadcrumb":{"@id":"https:\/\/lanzigroup.com\/handprotection\/fr\/regen\/#breadcrumb"},"inLanguage":"fr-FR","potentialAction":[{"@type":"ReadAction","target":["https:\/\/lanzigroup.com\/handprotection\/fr\/regen\/"]}]},{"@type":"ImageObject","inLanguage":"fr-FR","@id":"https:\/\/lanzigroup.com\/handprotection\/fr\/regen\/#primaryimage","url":"https:\/\/lanzigroup.com\/handprotection\/wp-content\/uploads\/sites\/9\/2024\/12\/Visual-Regen-landing-FR.jpg","contentUrl":"https:\/\/lanzigroup.com\/handprotection\/wp-content\/uploads\/sites\/9\/2024\/12\/Visual-Regen-landing-FR.jpg","width":1818,"height":1698},{"@type":"BreadcrumbList","@id":"https:\/\/lanzigroup.com\/handprotection\/fr\/regen\/#breadcrumb","itemListElement":[{"@type":"ListItem","position":1,"name":"Lanzi","item":"https:\/\/lanzigroup.com\/fr\/"},{"@type":"ListItem","position":2,"name":"SS Hand Protection","item":"https:\/\/lanzigroup.com\/handprotection\/fr\/"},{"@type":"ListItem","position":3,"name":"Regen"}]},{"@type":"WebSite","@id":"https:\/\/lanzigroup.com\/handprotection\/fr\/#website","url":"https:\/\/lanzigroup.com\/handprotection\/fr\/","name":"Safety Systems Hand Protection","description":"","publisher":{"@id":"https:\/\/lanzigroup.com\/handprotection\/fr\/#organization"},"potentialAction":[{"@type":"SearchAction","target":{"@type":"EntryPoint","urlTemplate":"https:\/\/lanzigroup.com\/handprotection\/fr\/?s={search_term_string}"},"query-input":{"@type":"PropertyValueSpecification","valueRequired":true,"valueName":"search_term_string"}}],"inLanguage":"fr-FR"},{"@type":"Organization","@id":"https:\/\/lanzigroup.com\/handprotection\/fr\/#organization","name":"Safety Systems Hand Protection","url":"https:\/\/lanzigroup.com\/handprotection\/fr\/","logo":{"@type":"ImageObject","inLanguage":"fr-FR","@id":"https:\/\/lanzigroup.com\/handprotection\/fr\/#\/schema\/logo\/image\/","url":"https:\/\/lanzigroup.com\/handprotection\/wp-content\/uploads\/sites\/9\/2021\/09\/SS-hand-protecyion-1.png","contentUrl":"https:\/\/lanzigroup.com\/handprotection\/wp-content\/uploads\/sites\/9\/2021\/09\/SS-hand-protecyion-1.png","width":300,"height":146,"caption":"Safety Systems Hand Protection"},"image":{"@id":"https:\/\/lanzigroup.com\/handprotection\/fr\/#\/schema\/logo\/image\/"},"sameAs":["https:\/\/www.linkedin.com\/company\/lanzi-group\/","https:\/\/www.youtube.com\/channel\/UCnPuBpzneOCV6CzbmM5n5tw"]}]}},"_links":{"self":[{"href":"https:\/\/lanzigroup.com\/handprotection\/fr\/wp-json\/wp\/v2\/pages\/137359","targetHints":{"allow":["GET"]}}],"collection":[{"href":"https:\/\/lanzigroup.com\/handprotection\/fr\/wp-json\/wp\/v2\/pages"}],"about":[{"href":"https:\/\/lanzigroup.com\/handprotection\/fr\/wp-json\/wp\/v2\/types\/page"}],"author":[{"embeddable":true,"href":"https:\/\/lanzigroup.com\/handprotection\/fr\/wp-json\/wp\/v2\/users\/13"}],"replies":[{"embeddable":true,"href":"https:\/\/lanzigroup.com\/handprotection\/fr\/wp-json\/wp\/v2\/comments?post=137359"}],"version-history":[{"count":1,"href":"https:\/\/lanzigroup.com\/handprotection\/fr\/wp-json\/wp\/v2\/pages\/137359\/revisions"}],"predecessor-version":[{"id":137488,"href":"https:\/\/lanzigroup.com\/handprotection\/fr\/wp-json\/wp\/v2\/pages\/137359\/revisions\/137488"}],"wp:featuredmedia":[{"embeddable":true,"href":"https:\/\/lanzigroup.com\/handprotection\/fr\/wp-json\/wp\/v2\/media\/137508"}],"wp:attachment":[{"href":"https:\/\/lanzigroup.com\/handprotection\/fr\/wp-json\/wp\/v2\/media?parent=137359"}],"curies":[{"name":"wp","href":"https:\/\/api.w.org\/{rel}","templated":true}]}}