{"id":137380,"date":"2020-07-09T19:15:20","date_gmt":"2020-07-09T17:15:20","guid":{"rendered":"https:\/\/lanzigroup.com\/handprotection\/guanti-protezione-chimica\/"},"modified":"2024-12-04T16:15:07","modified_gmt":"2024-12-04T15:15:07","slug":"gants-de-protection-chimique","status":"publish","type":"page","link":"https:\/\/lanzigroup.com\/handprotection\/fr\/gants-de-protection-chimique\/","title":{"rendered":"Gants de protection chimique"},"content":{"rendered":"","protected":false},"excerpt":{"rendered":"","protected":false},"author":13,"featured_media":0,"parent":0,"menu_order":0,"comment_status":"open","ping_status":"open","template":"elementor_header_footer","meta":{"footnotes":""},"class_list":["post-137380","page","type-page","status-publish","hentry"],"acf":[],"yoast_head":"<!-- This site is optimized with the Yoast SEO plugin v24.3 - https:\/\/yoast.com\/wordpress\/plugins\/seo\/ -->\n<title>Gants de protection chimique - Safety Systems Hand Protection<\/title>\n<meta name=\"description\" content=\"Gants de protection chimique Tous nos gants de protection chimique sont test\u00e9s et approuv\u00e9s conform\u00e9ment \u00e0 la norme EN ISO 374:2016. Visualiser les gants Nombreux sont les ouvriers qui doivent manipuler quotidiennement des substances chimiques telles que des huiles, des acides, des solvants, etc. Si ces substances entrent directement en contact avec l\u2019\u00e9piderme, elles peuvent [\u2026]&quot;\" \/>\n<meta name=\"robots\" content=\"index, follow, max-snippet:-1, max-image-preview:large, max-video-preview:-1\" \/>\n<link rel=\"canonical\" href=\"https:\/\/lanzigroup.com\/handprotection\/fr\/gants-de-protection-chimique\/\" \/>\n<meta property=\"og:locale\" content=\"fr_FR\" \/>\n<meta property=\"og:type\" content=\"article\" \/>\n<meta property=\"og:title\" content=\"Gants de protection chimique - Safety Systems Hand Protection\" \/>\n<meta property=\"og:description\" content=\"Gants de protection chimique Tous nos gants de protection chimique sont test\u00e9s et approuv\u00e9s conform\u00e9ment \u00e0 la norme EN ISO 374:2016. Visualiser les gants Nombreux sont les ouvriers qui doivent manipuler quotidiennement des substances chimiques telles que des huiles, des acides, des solvants, etc. Si ces substances entrent directement en contact avec l\u2019\u00e9piderme, elles peuvent [\u2026]&quot;\" \/>\n<meta property=\"og:url\" content=\"https:\/\/lanzigroup.com\/handprotection\/fr\/gants-de-protection-chimique\/\" \/>\n<meta property=\"og:site_name\" content=\"Safety Systems Hand Protection\" \/>\n<meta property=\"article:modified_time\" content=\"2024-12-04T15:15:07+00:00\" \/>\n<meta name=\"twitter:card\" content=\"summary_large_image\" \/>\n<script type=\"application\/ld+json\" class=\"yoast-schema-graph\">{\"@context\":\"https:\/\/schema.org\",\"@graph\":[{\"@type\":\"WebPage\",\"@id\":\"https:\/\/lanzigroup.com\/handprotection\/fr\/gants-de-protection-chimique\/\",\"url\":\"https:\/\/lanzigroup.com\/handprotection\/fr\/gants-de-protection-chimique\/\",\"name\":\"Gants de protection chimique - Safety Systems Hand Protection\",\"isPartOf\":{\"@id\":\"https:\/\/lanzigroup.com\/handprotection\/fr\/#website\"},\"datePublished\":\"2020-07-09T17:15:20+00:00\",\"dateModified\":\"2024-12-04T15:15:07+00:00\",\"description\":\"Gants de protection chimique Tous nos gants de protection chimique sont test\u00e9s et approuv\u00e9s conform\u00e9ment \u00e0 la norme EN ISO 374:2016. Visualiser les gants Nombreux sont les ouvriers qui doivent manipuler quotidiennement des substances chimiques telles que des huiles, des acides, des solvants, etc. Si ces substances entrent directement en contact avec l\u2019\u00e9piderme, elles peuvent [\u2026]\\\"\",\"breadcrumb\":{\"@id\":\"https:\/\/lanzigroup.com\/handprotection\/fr\/gants-de-protection-chimique\/#breadcrumb\"},\"inLanguage\":\"fr-FR\",\"potentialAction\":[{\"@type\":\"ReadAction\",\"target\":[\"https:\/\/lanzigroup.com\/handprotection\/fr\/gants-de-protection-chimique\/\"]}]},{\"@type\":\"BreadcrumbList\",\"@id\":\"https:\/\/lanzigroup.com\/handprotection\/fr\/gants-de-protection-chimique\/#breadcrumb\",\"itemListElement\":[{\"@type\":\"ListItem\",\"position\":1,\"name\":\"Lanzi\",\"item\":\"https:\/\/lanzigroup.com\/fr\/\"},{\"@type\":\"ListItem\",\"position\":2,\"name\":\"SS Hand Protection\",\"item\":\"https:\/\/lanzigroup.com\/handprotection\/fr\/\"},{\"@type\":\"ListItem\",\"position\":3,\"name\":\"Gants de protection chimique\"}]},{\"@type\":\"WebSite\",\"@id\":\"https:\/\/lanzigroup.com\/handprotection\/fr\/#website\",\"url\":\"https:\/\/lanzigroup.com\/handprotection\/fr\/\",\"name\":\"Safety Systems Hand Protection\",\"description\":\"\",\"publisher\":{\"@id\":\"https:\/\/lanzigroup.com\/handprotection\/fr\/#organization\"},\"potentialAction\":[{\"@type\":\"SearchAction\",\"target\":{\"@type\":\"EntryPoint\",\"urlTemplate\":\"https:\/\/lanzigroup.com\/handprotection\/fr\/?s={search_term_string}\"},\"query-input\":{\"@type\":\"PropertyValueSpecification\",\"valueRequired\":true,\"valueName\":\"search_term_string\"}}],\"inLanguage\":\"fr-FR\"},{\"@type\":\"Organization\",\"@id\":\"https:\/\/lanzigroup.com\/handprotection\/fr\/#organization\",\"name\":\"Safety Systems Hand Protection\",\"url\":\"https:\/\/lanzigroup.com\/handprotection\/fr\/\",\"logo\":{\"@type\":\"ImageObject\",\"inLanguage\":\"fr-FR\",\"@id\":\"https:\/\/lanzigroup.com\/handprotection\/fr\/#\/schema\/logo\/image\/\",\"url\":\"https:\/\/lanzigroup.com\/handprotection\/wp-content\/uploads\/sites\/9\/2021\/09\/SS-hand-protecyion-1.png\",\"contentUrl\":\"https:\/\/lanzigroup.com\/handprotection\/wp-content\/uploads\/sites\/9\/2021\/09\/SS-hand-protecyion-1.png\",\"width\":300,\"height\":146,\"caption\":\"Safety Systems Hand Protection\"},\"image\":{\"@id\":\"https:\/\/lanzigroup.com\/handprotection\/fr\/#\/schema\/logo\/image\/\"},\"sameAs\":[\"https:\/\/www.linkedin.com\/company\/lanzi-group\/\",\"https:\/\/www.youtube.com\/channel\/UCnPuBpzneOCV6CzbmM5n5tw\"]}]}<\/script>\n<!-- \/ Yoast SEO plugin. -->","yoast_head_json":{"title":"Gants de protection chimique - Safety Systems Hand Protection","description":"Gants de protection chimique Tous nos gants de protection chimique sont test\u00e9s et approuv\u00e9s conform\u00e9ment \u00e0 la norme EN ISO 374:2016. Visualiser les gants Nombreux sont les ouvriers qui doivent manipuler quotidiennement des substances chimiques telles que des huiles, des acides, des solvants, etc. Si ces substances entrent directement en contact avec l\u2019\u00e9piderme, elles peuvent [\u2026]\"","robots":{"index":"index","follow":"follow","max-snippet":"max-snippet:-1","max-image-preview":"max-image-preview:large","max-video-preview":"max-video-preview:-1"},"canonical":"https:\/\/lanzigroup.com\/handprotection\/fr\/gants-de-protection-chimique\/","og_locale":"fr_FR","og_type":"article","og_title":"Gants de protection chimique - Safety Systems Hand Protection","og_description":"Gants de protection chimique Tous nos gants de protection chimique sont test\u00e9s et approuv\u00e9s conform\u00e9ment \u00e0 la norme EN ISO 374:2016. Visualiser les gants Nombreux sont les ouvriers qui doivent manipuler quotidiennement des substances chimiques telles que des huiles, des acides, des solvants, etc. Si ces substances entrent directement en contact avec l\u2019\u00e9piderme, elles peuvent [\u2026]\"","og_url":"https:\/\/lanzigroup.com\/handprotection\/fr\/gants-de-protection-chimique\/","og_site_name":"Safety Systems Hand Protection","article_modified_time":"2024-12-04T15:15:07+00:00","twitter_card":"summary_large_image","schema":{"@context":"https:\/\/schema.org","@graph":[{"@type":"WebPage","@id":"https:\/\/lanzigroup.com\/handprotection\/fr\/gants-de-protection-chimique\/","url":"https:\/\/lanzigroup.com\/handprotection\/fr\/gants-de-protection-chimique\/","name":"Gants de protection chimique - Safety Systems Hand Protection","isPartOf":{"@id":"https:\/\/lanzigroup.com\/handprotection\/fr\/#website"},"datePublished":"2020-07-09T17:15:20+00:00","dateModified":"2024-12-04T15:15:07+00:00","description":"Gants de protection chimique Tous nos gants de protection chimique sont test\u00e9s et approuv\u00e9s conform\u00e9ment \u00e0 la norme EN ISO 374:2016. Visualiser les gants Nombreux sont les ouvriers qui doivent manipuler quotidiennement des substances chimiques telles que des huiles, des acides, des solvants, etc. Si ces substances entrent directement en contact avec l\u2019\u00e9piderme, elles peuvent [\u2026]\"","breadcrumb":{"@id":"https:\/\/lanzigroup.com\/handprotection\/fr\/gants-de-protection-chimique\/#breadcrumb"},"inLanguage":"fr-FR","potentialAction":[{"@type":"ReadAction","target":["https:\/\/lanzigroup.com\/handprotection\/fr\/gants-de-protection-chimique\/"]}]},{"@type":"BreadcrumbList","@id":"https:\/\/lanzigroup.com\/handprotection\/fr\/gants-de-protection-chimique\/#breadcrumb","itemListElement":[{"@type":"ListItem","position":1,"name":"Lanzi","item":"https:\/\/lanzigroup.com\/fr\/"},{"@type":"ListItem","position":2,"name":"SS Hand Protection","item":"https:\/\/lanzigroup.com\/handprotection\/fr\/"},{"@type":"ListItem","position":3,"name":"Gants de protection chimique"}]},{"@type":"WebSite","@id":"https:\/\/lanzigroup.com\/handprotection\/fr\/#website","url":"https:\/\/lanzigroup.com\/handprotection\/fr\/","name":"Safety Systems Hand Protection","description":"","publisher":{"@id":"https:\/\/lanzigroup.com\/handprotection\/fr\/#organization"},"potentialAction":[{"@type":"SearchAction","target":{"@type":"EntryPoint","urlTemplate":"https:\/\/lanzigroup.com\/handprotection\/fr\/?s={search_term_string}"},"query-input":{"@type":"PropertyValueSpecification","valueRequired":true,"valueName":"search_term_string"}}],"inLanguage":"fr-FR"},{"@type":"Organization","@id":"https:\/\/lanzigroup.com\/handprotection\/fr\/#organization","name":"Safety Systems Hand Protection","url":"https:\/\/lanzigroup.com\/handprotection\/fr\/","logo":{"@type":"ImageObject","inLanguage":"fr-FR","@id":"https:\/\/lanzigroup.com\/handprotection\/fr\/#\/schema\/logo\/image\/","url":"https:\/\/lanzigroup.com\/handprotection\/wp-content\/uploads\/sites\/9\/2021\/09\/SS-hand-protecyion-1.png","contentUrl":"https:\/\/lanzigroup.com\/handprotection\/wp-content\/uploads\/sites\/9\/2021\/09\/SS-hand-protecyion-1.png","width":300,"height":146,"caption":"Safety Systems Hand Protection"},"image":{"@id":"https:\/\/lanzigroup.com\/handprotection\/fr\/#\/schema\/logo\/image\/"},"sameAs":["https:\/\/www.linkedin.com\/company\/lanzi-group\/","https:\/\/www.youtube.com\/channel\/UCnPuBpzneOCV6CzbmM5n5tw"]}]}},"_links":{"self":[{"href":"https:\/\/lanzigroup.com\/handprotection\/fr\/wp-json\/wp\/v2\/pages\/137380","targetHints":{"allow":["GET"]}}],"collection":[{"href":"https:\/\/lanzigroup.com\/handprotection\/fr\/wp-json\/wp\/v2\/pages"}],"about":[{"href":"https:\/\/lanzigroup.com\/handprotection\/fr\/wp-json\/wp\/v2\/types\/page"}],"author":[{"embeddable":true,"href":"https:\/\/lanzigroup.com\/handprotection\/fr\/wp-json\/wp\/v2\/users\/13"}],"replies":[{"embeddable":true,"href":"https:\/\/lanzigroup.com\/handprotection\/fr\/wp-json\/wp\/v2\/comments?post=137380"}],"version-history":[{"count":1,"href":"https:\/\/lanzigroup.com\/handprotection\/fr\/wp-json\/wp\/v2\/pages\/137380\/revisions"}],"predecessor-version":[{"id":137446,"href":"https:\/\/lanzigroup.com\/handprotection\/fr\/wp-json\/wp\/v2\/pages\/137380\/revisions\/137446"}],"wp:attachment":[{"href":"https:\/\/lanzigroup.com\/handprotection\/fr\/wp-json\/wp\/v2\/media?parent=137380"}],"curies":[{"name":"wp","href":"https:\/\/api.w.org\/{rel}","templated":true}]}}