{"id":137386,"date":"2020-07-09T19:15:20","date_gmt":"2020-07-09T17:15:20","guid":{"rendered":"https:\/\/lanzigroup.com\/handprotection\/guanti-protezione-meccanica\/guanti-manipolazione-pesante\/"},"modified":"2024-12-05T12:34:21","modified_gmt":"2024-12-05T11:34:21","slug":"gants-pour-manipulation-lourdes","status":"publish","type":"page","link":"https:\/\/lanzigroup.com\/handprotection\/fr\/gants-de-protection-mecanique\/gants-pour-manipulation-lourdes\/","title":{"rendered":"Gants pour manipulation lourdes"},"content":{"rendered":"","protected":false},"excerpt":{"rendered":"","protected":false},"author":13,"featured_media":0,"parent":137383,"menu_order":0,"comment_status":"closed","ping_status":"open","template":"elementor_header_footer","meta":{"footnotes":""},"class_list":["post-137386","page","type-page","status-publish","hentry"],"acf":[],"yoast_head":"<!-- This site is optimized with the Yoast SEO plugin v24.3 - https:\/\/yoast.com\/wordpress\/plugins\/seo\/ -->\n<title>Gants pour manipulation lourdes - Safety Systems Hand Protection<\/title>\n<meta name=\"description\" content=\"Gants de protection m\u00e9canique - Les gants pour manutentions lourdes doivent prot\u00e9ger l&#039;op\u00e9rateur contre les blessures par abrasion.\" \/>\n<meta name=\"robots\" content=\"index, follow, max-snippet:-1, max-image-preview:large, max-video-preview:-1\" \/>\n<link rel=\"canonical\" href=\"https:\/\/lanzigroup.com\/handprotection\/fr\/gants-de-protection-mecanique\/gants-pour-manipulation-lourdes\/\" \/>\n<meta property=\"og:locale\" content=\"fr_FR\" \/>\n<meta property=\"og:type\" content=\"article\" \/>\n<meta property=\"og:title\" content=\"Gants pour manipulation lourdes - Safety Systems Hand Protection\" \/>\n<meta property=\"og:description\" content=\"Gants de protection m\u00e9canique - Les gants pour manutentions lourdes doivent prot\u00e9ger l&#039;op\u00e9rateur contre les blessures par abrasion.\" \/>\n<meta property=\"og:url\" content=\"https:\/\/lanzigroup.com\/handprotection\/fr\/gants-de-protection-mecanique\/gants-pour-manipulation-lourdes\/\" \/>\n<meta property=\"og:site_name\" content=\"Safety Systems Hand Protection\" \/>\n<meta property=\"article:modified_time\" content=\"2024-12-05T11:34:21+00:00\" \/>\n<meta name=\"twitter:card\" content=\"summary_large_image\" \/>\n<script type=\"application\/ld+json\" class=\"yoast-schema-graph\">{\"@context\":\"https:\/\/schema.org\",\"@graph\":[{\"@type\":\"WebPage\",\"@id\":\"https:\/\/lanzigroup.com\/handprotection\/fr\/gants-de-protection-mecanique\/gants-pour-manipulation-lourdes\/\",\"url\":\"https:\/\/lanzigroup.com\/handprotection\/fr\/gants-de-protection-mecanique\/gants-pour-manipulation-lourdes\/\",\"name\":\"Gants pour manipulation lourdes - Safety Systems Hand Protection\",\"isPartOf\":{\"@id\":\"https:\/\/lanzigroup.com\/handprotection\/fr\/#website\"},\"datePublished\":\"2020-07-09T17:15:20+00:00\",\"dateModified\":\"2024-12-05T11:34:21+00:00\",\"description\":\"Gants de protection m\u00e9canique - Les gants pour manutentions lourdes doivent prot\u00e9ger l'op\u00e9rateur contre les blessures par abrasion.\",\"breadcrumb\":{\"@id\":\"https:\/\/lanzigroup.com\/handprotection\/fr\/gants-de-protection-mecanique\/gants-pour-manipulation-lourdes\/#breadcrumb\"},\"inLanguage\":\"fr-FR\",\"potentialAction\":[{\"@type\":\"ReadAction\",\"target\":[\"https:\/\/lanzigroup.com\/handprotection\/fr\/gants-de-protection-mecanique\/gants-pour-manipulation-lourdes\/\"]}]},{\"@type\":\"BreadcrumbList\",\"@id\":\"https:\/\/lanzigroup.com\/handprotection\/fr\/gants-de-protection-mecanique\/gants-pour-manipulation-lourdes\/#breadcrumb\",\"itemListElement\":[{\"@type\":\"ListItem\",\"position\":1,\"name\":\"Lanzi\",\"item\":\"https:\/\/lanzigroup.com\/fr\/\"},{\"@type\":\"ListItem\",\"position\":2,\"name\":\"SS Hand Protection\",\"item\":\"https:\/\/lanzigroup.com\/handprotection\/fr\/\"},{\"@type\":\"ListItem\",\"position\":3,\"name\":\"Gants de protection m\u00e9canique\",\"item\":\"https:\/\/lanzigroup.com\/handprotection\/fr\/gants-de-protection-mecanique\/\"},{\"@type\":\"ListItem\",\"position\":4,\"name\":\"Gants pour manipulation lourdes\"}]},{\"@type\":\"WebSite\",\"@id\":\"https:\/\/lanzigroup.com\/handprotection\/fr\/#website\",\"url\":\"https:\/\/lanzigroup.com\/handprotection\/fr\/\",\"name\":\"Safety Systems Hand Protection\",\"description\":\"\",\"publisher\":{\"@id\":\"https:\/\/lanzigroup.com\/handprotection\/fr\/#organization\"},\"potentialAction\":[{\"@type\":\"SearchAction\",\"target\":{\"@type\":\"EntryPoint\",\"urlTemplate\":\"https:\/\/lanzigroup.com\/handprotection\/fr\/?s={search_term_string}\"},\"query-input\":{\"@type\":\"PropertyValueSpecification\",\"valueRequired\":true,\"valueName\":\"search_term_string\"}}],\"inLanguage\":\"fr-FR\"},{\"@type\":\"Organization\",\"@id\":\"https:\/\/lanzigroup.com\/handprotection\/fr\/#organization\",\"name\":\"Safety Systems Hand Protection\",\"url\":\"https:\/\/lanzigroup.com\/handprotection\/fr\/\",\"logo\":{\"@type\":\"ImageObject\",\"inLanguage\":\"fr-FR\",\"@id\":\"https:\/\/lanzigroup.com\/handprotection\/fr\/#\/schema\/logo\/image\/\",\"url\":\"https:\/\/lanzigroup.com\/handprotection\/wp-content\/uploads\/sites\/9\/2021\/09\/SS-hand-protecyion-1.png\",\"contentUrl\":\"https:\/\/lanzigroup.com\/handprotection\/wp-content\/uploads\/sites\/9\/2021\/09\/SS-hand-protecyion-1.png\",\"width\":300,\"height\":146,\"caption\":\"Safety Systems Hand Protection\"},\"image\":{\"@id\":\"https:\/\/lanzigroup.com\/handprotection\/fr\/#\/schema\/logo\/image\/\"},\"sameAs\":[\"https:\/\/www.linkedin.com\/company\/lanzi-group\/\",\"https:\/\/www.youtube.com\/channel\/UCnPuBpzneOCV6CzbmM5n5tw\"]}]}<\/script>\n<!-- \/ Yoast SEO plugin. -->","yoast_head_json":{"title":"Gants pour manipulation lourdes - Safety Systems Hand Protection","description":"Gants de protection m\u00e9canique - Les gants pour manutentions lourdes doivent prot\u00e9ger l'op\u00e9rateur contre les blessures par abrasion.","robots":{"index":"index","follow":"follow","max-snippet":"max-snippet:-1","max-image-preview":"max-image-preview:large","max-video-preview":"max-video-preview:-1"},"canonical":"https:\/\/lanzigroup.com\/handprotection\/fr\/gants-de-protection-mecanique\/gants-pour-manipulation-lourdes\/","og_locale":"fr_FR","og_type":"article","og_title":"Gants pour manipulation lourdes - Safety Systems Hand Protection","og_description":"Gants de protection m\u00e9canique - Les gants pour manutentions lourdes doivent prot\u00e9ger l'op\u00e9rateur contre les blessures par abrasion.","og_url":"https:\/\/lanzigroup.com\/handprotection\/fr\/gants-de-protection-mecanique\/gants-pour-manipulation-lourdes\/","og_site_name":"Safety Systems Hand Protection","article_modified_time":"2024-12-05T11:34:21+00:00","twitter_card":"summary_large_image","schema":{"@context":"https:\/\/schema.org","@graph":[{"@type":"WebPage","@id":"https:\/\/lanzigroup.com\/handprotection\/fr\/gants-de-protection-mecanique\/gants-pour-manipulation-lourdes\/","url":"https:\/\/lanzigroup.com\/handprotection\/fr\/gants-de-protection-mecanique\/gants-pour-manipulation-lourdes\/","name":"Gants pour manipulation lourdes - Safety Systems Hand Protection","isPartOf":{"@id":"https:\/\/lanzigroup.com\/handprotection\/fr\/#website"},"datePublished":"2020-07-09T17:15:20+00:00","dateModified":"2024-12-05T11:34:21+00:00","description":"Gants de protection m\u00e9canique - Les gants pour manutentions lourdes doivent prot\u00e9ger l'op\u00e9rateur contre les blessures par abrasion.","breadcrumb":{"@id":"https:\/\/lanzigroup.com\/handprotection\/fr\/gants-de-protection-mecanique\/gants-pour-manipulation-lourdes\/#breadcrumb"},"inLanguage":"fr-FR","potentialAction":[{"@type":"ReadAction","target":["https:\/\/lanzigroup.com\/handprotection\/fr\/gants-de-protection-mecanique\/gants-pour-manipulation-lourdes\/"]}]},{"@type":"BreadcrumbList","@id":"https:\/\/lanzigroup.com\/handprotection\/fr\/gants-de-protection-mecanique\/gants-pour-manipulation-lourdes\/#breadcrumb","itemListElement":[{"@type":"ListItem","position":1,"name":"Lanzi","item":"https:\/\/lanzigroup.com\/fr\/"},{"@type":"ListItem","position":2,"name":"SS Hand Protection","item":"https:\/\/lanzigroup.com\/handprotection\/fr\/"},{"@type":"ListItem","position":3,"name":"Gants de protection m\u00e9canique","item":"https:\/\/lanzigroup.com\/handprotection\/fr\/gants-de-protection-mecanique\/"},{"@type":"ListItem","position":4,"name":"Gants pour manipulation lourdes"}]},{"@type":"WebSite","@id":"https:\/\/lanzigroup.com\/handprotection\/fr\/#website","url":"https:\/\/lanzigroup.com\/handprotection\/fr\/","name":"Safety Systems Hand Protection","description":"","publisher":{"@id":"https:\/\/lanzigroup.com\/handprotection\/fr\/#organization"},"potentialAction":[{"@type":"SearchAction","target":{"@type":"EntryPoint","urlTemplate":"https:\/\/lanzigroup.com\/handprotection\/fr\/?s={search_term_string}"},"query-input":{"@type":"PropertyValueSpecification","valueRequired":true,"valueName":"search_term_string"}}],"inLanguage":"fr-FR"},{"@type":"Organization","@id":"https:\/\/lanzigroup.com\/handprotection\/fr\/#organization","name":"Safety Systems Hand Protection","url":"https:\/\/lanzigroup.com\/handprotection\/fr\/","logo":{"@type":"ImageObject","inLanguage":"fr-FR","@id":"https:\/\/lanzigroup.com\/handprotection\/fr\/#\/schema\/logo\/image\/","url":"https:\/\/lanzigroup.com\/handprotection\/wp-content\/uploads\/sites\/9\/2021\/09\/SS-hand-protecyion-1.png","contentUrl":"https:\/\/lanzigroup.com\/handprotection\/wp-content\/uploads\/sites\/9\/2021\/09\/SS-hand-protecyion-1.png","width":300,"height":146,"caption":"Safety Systems Hand Protection"},"image":{"@id":"https:\/\/lanzigroup.com\/handprotection\/fr\/#\/schema\/logo\/image\/"},"sameAs":["https:\/\/www.linkedin.com\/company\/lanzi-group\/","https:\/\/www.youtube.com\/channel\/UCnPuBpzneOCV6CzbmM5n5tw"]}]}},"_links":{"self":[{"href":"https:\/\/lanzigroup.com\/handprotection\/fr\/wp-json\/wp\/v2\/pages\/137386","targetHints":{"allow":["GET"]}}],"collection":[{"href":"https:\/\/lanzigroup.com\/handprotection\/fr\/wp-json\/wp\/v2\/pages"}],"about":[{"href":"https:\/\/lanzigroup.com\/handprotection\/fr\/wp-json\/wp\/v2\/types\/page"}],"author":[{"embeddable":true,"href":"https:\/\/lanzigroup.com\/handprotection\/fr\/wp-json\/wp\/v2\/users\/13"}],"replies":[{"embeddable":true,"href":"https:\/\/lanzigroup.com\/handprotection\/fr\/wp-json\/wp\/v2\/comments?post=137386"}],"version-history":[{"count":1,"href":"https:\/\/lanzigroup.com\/handprotection\/fr\/wp-json\/wp\/v2\/pages\/137386\/revisions"}],"predecessor-version":[{"id":137451,"href":"https:\/\/lanzigroup.com\/handprotection\/fr\/wp-json\/wp\/v2\/pages\/137386\/revisions\/137451"}],"up":[{"embeddable":true,"href":"https:\/\/lanzigroup.com\/handprotection\/fr\/wp-json\/wp\/v2\/pages\/137383"}],"wp:attachment":[{"href":"https:\/\/lanzigroup.com\/handprotection\/fr\/wp-json\/wp\/v2\/media?parent=137386"}],"curies":[{"name":"wp","href":"https:\/\/api.w.org\/{rel}","templated":true}]}}