{"id":136867,"date":"2024-11-15T10:01:11","date_gmt":"2024-11-15T10:01:11","guid":{"rendered":""},"modified":"2026-04-22T15:15:09","modified_gmt":"2026-04-22T15:15:09","slug":"gpa428","status":"publish","type":"product","link":"https:\/\/lanzigroup.com\/handprotection\/fr\/produit\/gpa428\/","title":{"rendered":"GPA428"},"content":{"rendered":"<p>Pour manipulations prolong\u00e9es de pi\u00e8ces humides\/huileuses, avec un maximum de confort et dext\u00e9rit\u00e9 gr\u00e2ce \u00e0 l'\u00e9lasticit\u00e9 de la maille<br \/>Premi\u00e8re enduction en nitrile imperm\u00e9able<br \/>Deuxi\u00e8me enduction en mousse de nitrile avec finition sabl\u00e9e pour un exceptionnel grip en milieu humide<br \/>Dos totalement a\u00e9r\u00e9 pour limiter la transpiration, m\u00eame pendant un usage \u00e9tendu<br \/>R\u00e9sistance \u00e0 l'abrasion nettement sup\u00e9rieure par rapport \u00e0 un rev\u00eatement en nitrile imperm\u00e9able<\/p>\n","protected":false},"excerpt":{"rendered":"<p>Pour manipulations prolong\u00e9es de pi\u00e8ces humides\/huileuses, avec un maximum de confort et dext\u00e9rit\u00e9 gr\u00e2ce \u00e0 l'\u00e9lasticit\u00e9 de la maille<br \/>Premi\u00e8re enduction en nitrile imperm\u00e9able<br \/>Deuxi\u00e8me enduction en mousse de nitrile avec finition sabl\u00e9e pour un exceptionnel grip en milieu humide<br \/>Dos totalement a\u00e9r\u00e9 pour limiter la transpiration, m\u00eame pendant un usage \u00e9tendu<br \/>R\u00e9sistance \u00e0 l'abrasion nettement sup\u00e9rieure par rapport \u00e0 un rev\u00eatement en nitrile imperm\u00e9able<\/p>\n","protected":false},"featured_media":0,"comment_status":"closed","ping_status":"closed","template":"","meta":[],"product_cat":[787],"product_tag":[],"class_list":{"0":"post-136867","1":"product","2":"type-product","3":"status-publish","5":"product_cat-grande-dexterite-pour-les-manipulations-de-precision","7":"first","8":"instock","9":"shipping-taxable","10":"product-type-simple"},"acf":[],"yoast_head":"<!-- This site is optimized with the Yoast SEO plugin v24.3 - https:\/\/yoast.com\/wordpress\/plugins\/seo\/ -->\n<title>GPA428 - Safety Systems Hand Protection<\/title>\n<meta name=\"robots\" content=\"index, follow, max-snippet:-1, max-image-preview:large, max-video-preview:-1\" \/>\n<link rel=\"canonical\" href=\"https:\/\/lanzigroup.com\/handprotection\/fr\/produit\/gpa428\/\" \/>\n<meta property=\"og:locale\" content=\"fr_FR\" \/>\n<meta property=\"og:type\" content=\"article\" \/>\n<meta property=\"og:title\" content=\"GPA428 - Safety Systems Hand Protection\" \/>\n<meta property=\"og:description\" content=\"Pour manipulations prolong\u00e9es de pi\u00e8ces humides\/huileuses, avec un maximum de confort et dext\u00e9rit\u00e9 gr\u00e2ce \u00e0 l&#039;\u00e9lasticit\u00e9 de la maillePremi\u00e8re enduction en nitrile imperm\u00e9ableDeuxi\u00e8me enduction en mousse de nitrile avec finition sabl\u00e9e pour un exceptionnel grip en milieu humideDos totalement a\u00e9r\u00e9 pour limiter la transpiration, m\u00eame pendant un usage \u00e9tenduR\u00e9sistance \u00e0 l&#039;abrasion nettement sup\u00e9rieure par rapport \u00e0 un rev\u00eatement en nitrile imperm\u00e9able\" \/>\n<meta property=\"og:url\" content=\"https:\/\/lanzigroup.com\/handprotection\/fr\/produit\/gpa428\/\" \/>\n<meta property=\"og:site_name\" content=\"Safety Systems Hand Protection\" \/>\n<meta property=\"article:modified_time\" content=\"2026-04-22T15:15:09+00:00\" \/>\n<meta name=\"twitter:card\" content=\"summary_large_image\" \/>\n<script type=\"application\/ld+json\" class=\"yoast-schema-graph\">{\"@context\":\"https:\/\/schema.org\",\"@graph\":[{\"@type\":\"WebPage\",\"@id\":\"https:\/\/lanzigroup.com\/handprotection\/fr\/produit\/gpa428\/\",\"url\":\"https:\/\/lanzigroup.com\/handprotection\/fr\/produit\/gpa428\/\",\"name\":\"GPA428 - Safety Systems Hand Protection\",\"isPartOf\":{\"@id\":\"https:\/\/lanzigroup.com\/handprotection\/fr\/#website\"},\"datePublished\":\"2024-11-15T10:01:11+00:00\",\"dateModified\":\"2026-04-22T15:15:09+00:00\",\"breadcrumb\":{\"@id\":\"https:\/\/lanzigroup.com\/handprotection\/fr\/produit\/gpa428\/#breadcrumb\"},\"inLanguage\":\"fr-FR\",\"potentialAction\":[{\"@type\":\"ReadAction\",\"target\":[\"https:\/\/lanzigroup.com\/handprotection\/fr\/produit\/gpa428\/\"]}]},{\"@type\":\"BreadcrumbList\",\"@id\":\"https:\/\/lanzigroup.com\/handprotection\/fr\/produit\/gpa428\/#breadcrumb\",\"itemListElement\":[{\"@type\":\"ListItem\",\"position\":1,\"name\":\"Lanzi\",\"item\":\"https:\/\/lanzigroup.com\/fr\/\"},{\"@type\":\"ListItem\",\"position\":2,\"name\":\"SS Hand Protection\",\"item\":\"https:\/\/lanzigroup.com\/handprotection\/fr\/\"},{\"@type\":\"ListItem\",\"position\":3,\"name\":\"Produits\",\"item\":\"https:\/\/lanzigroup.com\/handprotection\/fr\/produits\/\"},{\"@type\":\"ListItem\",\"position\":4,\"name\":\"Grande dext\u00e9rit\u00e9 pour les manipulations de pr\u00e9cision\",\"item\":\"https:\/\/lanzigroup.com\/handprotection\/fr\/c\/grande-dexterite-pour-les-manipulations-de-precision\/\"},{\"@type\":\"ListItem\",\"position\":5,\"name\":\"GPA428\"}]},{\"@type\":\"WebSite\",\"@id\":\"https:\/\/lanzigroup.com\/handprotection\/fr\/#website\",\"url\":\"https:\/\/lanzigroup.com\/handprotection\/fr\/\",\"name\":\"Safety Systems Hand Protection\",\"description\":\"\",\"publisher\":{\"@id\":\"https:\/\/lanzigroup.com\/handprotection\/fr\/#organization\"},\"potentialAction\":[{\"@type\":\"SearchAction\",\"target\":{\"@type\":\"EntryPoint\",\"urlTemplate\":\"https:\/\/lanzigroup.com\/handprotection\/fr\/?s={search_term_string}\"},\"query-input\":{\"@type\":\"PropertyValueSpecification\",\"valueRequired\":true,\"valueName\":\"search_term_string\"}}],\"inLanguage\":\"fr-FR\"},{\"@type\":\"Organization\",\"@id\":\"https:\/\/lanzigroup.com\/handprotection\/fr\/#organization\",\"name\":\"Safety Systems Hand Protection\",\"url\":\"https:\/\/lanzigroup.com\/handprotection\/fr\/\",\"logo\":{\"@type\":\"ImageObject\",\"inLanguage\":\"fr-FR\",\"@id\":\"https:\/\/lanzigroup.com\/handprotection\/fr\/#\/schema\/logo\/image\/\",\"url\":\"https:\/\/lanzigroup.com\/handprotection\/wp-content\/uploads\/sites\/9\/2021\/09\/SS-hand-protecyion-1.png\",\"contentUrl\":\"https:\/\/lanzigroup.com\/handprotection\/wp-content\/uploads\/sites\/9\/2021\/09\/SS-hand-protecyion-1.png\",\"width\":300,\"height\":146,\"caption\":\"Safety Systems Hand Protection\"},\"image\":{\"@id\":\"https:\/\/lanzigroup.com\/handprotection\/fr\/#\/schema\/logo\/image\/\"},\"sameAs\":[\"https:\/\/www.linkedin.com\/company\/lanzi-group\/\",\"https:\/\/www.youtube.com\/channel\/UCnPuBpzneOCV6CzbmM5n5tw\"]}]}<\/script>\n<!-- \/ Yoast SEO plugin. -->","yoast_head_json":{"title":"GPA428 - Safety Systems Hand Protection","robots":{"index":"index","follow":"follow","max-snippet":"max-snippet:-1","max-image-preview":"max-image-preview:large","max-video-preview":"max-video-preview:-1"},"canonical":"https:\/\/lanzigroup.com\/handprotection\/fr\/produit\/gpa428\/","og_locale":"fr_FR","og_type":"article","og_title":"GPA428 - Safety Systems Hand Protection","og_description":"Pour manipulations prolong\u00e9es de pi\u00e8ces humides\/huileuses, avec un maximum de confort et dext\u00e9rit\u00e9 gr\u00e2ce \u00e0 l'\u00e9lasticit\u00e9 de la maillePremi\u00e8re enduction en nitrile imperm\u00e9ableDeuxi\u00e8me enduction en mousse de nitrile avec finition sabl\u00e9e pour un exceptionnel grip en milieu humideDos totalement a\u00e9r\u00e9 pour limiter la transpiration, m\u00eame pendant un usage \u00e9tenduR\u00e9sistance \u00e0 l'abrasion nettement sup\u00e9rieure par rapport \u00e0 un rev\u00eatement en nitrile imperm\u00e9able","og_url":"https:\/\/lanzigroup.com\/handprotection\/fr\/produit\/gpa428\/","og_site_name":"Safety Systems Hand Protection","article_modified_time":"2026-04-22T15:15:09+00:00","twitter_card":"summary_large_image","schema":{"@context":"https:\/\/schema.org","@graph":[{"@type":"WebPage","@id":"https:\/\/lanzigroup.com\/handprotection\/fr\/produit\/gpa428\/","url":"https:\/\/lanzigroup.com\/handprotection\/fr\/produit\/gpa428\/","name":"GPA428 - Safety Systems Hand Protection","isPartOf":{"@id":"https:\/\/lanzigroup.com\/handprotection\/fr\/#website"},"datePublished":"2024-11-15T10:01:11+00:00","dateModified":"2026-04-22T15:15:09+00:00","breadcrumb":{"@id":"https:\/\/lanzigroup.com\/handprotection\/fr\/produit\/gpa428\/#breadcrumb"},"inLanguage":"fr-FR","potentialAction":[{"@type":"ReadAction","target":["https:\/\/lanzigroup.com\/handprotection\/fr\/produit\/gpa428\/"]}]},{"@type":"BreadcrumbList","@id":"https:\/\/lanzigroup.com\/handprotection\/fr\/produit\/gpa428\/#breadcrumb","itemListElement":[{"@type":"ListItem","position":1,"name":"Lanzi","item":"https:\/\/lanzigroup.com\/fr\/"},{"@type":"ListItem","position":2,"name":"SS Hand Protection","item":"https:\/\/lanzigroup.com\/handprotection\/fr\/"},{"@type":"ListItem","position":3,"name":"Produits","item":"https:\/\/lanzigroup.com\/handprotection\/fr\/produits\/"},{"@type":"ListItem","position":4,"name":"Grande dext\u00e9rit\u00e9 pour les manipulations de pr\u00e9cision","item":"https:\/\/lanzigroup.com\/handprotection\/fr\/c\/grande-dexterite-pour-les-manipulations-de-precision\/"},{"@type":"ListItem","position":5,"name":"GPA428"}]},{"@type":"WebSite","@id":"https:\/\/lanzigroup.com\/handprotection\/fr\/#website","url":"https:\/\/lanzigroup.com\/handprotection\/fr\/","name":"Safety Systems Hand Protection","description":"","publisher":{"@id":"https:\/\/lanzigroup.com\/handprotection\/fr\/#organization"},"potentialAction":[{"@type":"SearchAction","target":{"@type":"EntryPoint","urlTemplate":"https:\/\/lanzigroup.com\/handprotection\/fr\/?s={search_term_string}"},"query-input":{"@type":"PropertyValueSpecification","valueRequired":true,"valueName":"search_term_string"}}],"inLanguage":"fr-FR"},{"@type":"Organization","@id":"https:\/\/lanzigroup.com\/handprotection\/fr\/#organization","name":"Safety Systems Hand Protection","url":"https:\/\/lanzigroup.com\/handprotection\/fr\/","logo":{"@type":"ImageObject","inLanguage":"fr-FR","@id":"https:\/\/lanzigroup.com\/handprotection\/fr\/#\/schema\/logo\/image\/","url":"https:\/\/lanzigroup.com\/handprotection\/wp-content\/uploads\/sites\/9\/2021\/09\/SS-hand-protecyion-1.png","contentUrl":"https:\/\/lanzigroup.com\/handprotection\/wp-content\/uploads\/sites\/9\/2021\/09\/SS-hand-protecyion-1.png","width":300,"height":146,"caption":"Safety Systems Hand Protection"},"image":{"@id":"https:\/\/lanzigroup.com\/handprotection\/fr\/#\/schema\/logo\/image\/"},"sameAs":["https:\/\/www.linkedin.com\/company\/lanzi-group\/","https:\/\/www.youtube.com\/channel\/UCnPuBpzneOCV6CzbmM5n5tw"]}]}},"_links":{"self":[{"href":"https:\/\/lanzigroup.com\/handprotection\/fr\/wp-json\/wp\/v2\/product\/136867","targetHints":{"allow":["GET"]}}],"collection":[{"href":"https:\/\/lanzigroup.com\/handprotection\/fr\/wp-json\/wp\/v2\/product"}],"about":[{"href":"https:\/\/lanzigroup.com\/handprotection\/fr\/wp-json\/wp\/v2\/types\/product"}],"replies":[{"embeddable":true,"href":"https:\/\/lanzigroup.com\/handprotection\/fr\/wp-json\/wp\/v2\/comments?post=136867"}],"wp:attachment":[{"href":"https:\/\/lanzigroup.com\/handprotection\/fr\/wp-json\/wp\/v2\/media?parent=136867"}],"wp:term":[{"taxonomy":"product_cat","embeddable":true,"href":"https:\/\/lanzigroup.com\/handprotection\/fr\/wp-json\/wp\/v2\/product_cat?post=136867"},{"taxonomy":"product_tag","embeddable":true,"href":"https:\/\/lanzigroup.com\/handprotection\/fr\/wp-json\/wp\/v2\/product_tag?post=136867"}],"curies":[{"name":"wp","href":"https:\/\/api.w.org\/{rel}","templated":true}]}}