{"id":136911,"date":"2024-11-15T10:01:12","date_gmt":"2024-11-15T10:01:12","guid":{"rendered":""},"modified":"2026-04-22T15:15:09","modified_gmt":"2026-04-22T15:15:09","slug":"gt52e","status":"publish","type":"product","link":"https:\/\/lanzigroup.com\/handprotection\/fr\/produit\/gt52e\/","title":{"rendered":"GT52E"},"content":{"rendered":"<p>Rev\u00eatement en polyur\u00e9thane sur le bout des doigts pour une excellente dext\u00e9rit\u00e9 et tactilit\u00e9<br \/>Excellente r\u00e9sistance \u00e0 l'abrasion du rev\u00eatement en polyur\u00e9thane des bouts de doigts<br \/>Respirabilit\u00e9 et adh\u00e9rence garanties en milieu sec<br \/>Anti-statique selon la norme EN16350 pour pr\u00e9venir les risques d'explosion dans les environnements ATEX<\/p>\n<p>R\u00e9sultat du test antistatique: 4,53 X 10<sup>5<\/sup> Ohms<\/p>\n","protected":false},"excerpt":{"rendered":"<p>Rev\u00eatement en polyur\u00e9thane sur le bout des doigts pour une excellente dext\u00e9rit\u00e9 et tactilit\u00e9<br \/>Excellente r\u00e9sistance \u00e0 l'abrasion du rev\u00eatement en polyur\u00e9thane des bouts de doigts<br \/>Respirabilit\u00e9 et adh\u00e9rence garanties en milieu sec<br \/>Anti-statique selon la norme EN16350 pour pr\u00e9venir les risques d'explosion dans les environnements ATEX<\/p>\n<p>R\u00e9sultat du test antistatique: 4,53 X 10<sup>5<\/sup> Ohms<\/p>\n","protected":false},"featured_media":0,"comment_status":"closed","ping_status":"closed","template":"","meta":[],"product_cat":[791],"product_tag":[],"class_list":{"0":"post-136911","1":"product","2":"type-product","3":"status-publish","5":"product_cat-gants-de-protection-du-produit","7":"first","8":"instock","9":"shipping-taxable","10":"product-type-simple"},"acf":[],"yoast_head":"<!-- This site is optimized with the Yoast SEO plugin v24.3 - https:\/\/yoast.com\/wordpress\/plugins\/seo\/ -->\n<title>GT52E - Safety Systems Hand Protection<\/title>\n<meta name=\"robots\" content=\"index, follow, max-snippet:-1, max-image-preview:large, max-video-preview:-1\" \/>\n<link rel=\"canonical\" href=\"https:\/\/lanzigroup.com\/handprotection\/fr\/produit\/gt52e\/\" \/>\n<meta property=\"og:locale\" content=\"fr_FR\" \/>\n<meta property=\"og:type\" content=\"article\" \/>\n<meta property=\"og:title\" content=\"GT52E - Safety Systems Hand Protection\" \/>\n<meta property=\"og:description\" content=\"Rev\u00eatement en polyur\u00e9thane sur le bout des doigts pour une excellente dext\u00e9rit\u00e9 et tactilit\u00e9Excellente r\u00e9sistance \u00e0 l&#039;abrasion du rev\u00eatement en polyur\u00e9thane des bouts de doigtsRespirabilit\u00e9 et adh\u00e9rence garanties en milieu secAnti-statique selon la norme EN16350 pour pr\u00e9venir les risques d&#039;explosion dans les environnements ATEXR\u00e9sultat du test antistatique: 4,53 X 105 Ohms\" \/>\n<meta property=\"og:url\" content=\"https:\/\/lanzigroup.com\/handprotection\/fr\/produit\/gt52e\/\" \/>\n<meta property=\"og:site_name\" content=\"Safety Systems Hand Protection\" \/>\n<meta property=\"article:modified_time\" content=\"2026-04-22T15:15:09+00:00\" \/>\n<meta name=\"twitter:card\" content=\"summary_large_image\" \/>\n<script type=\"application\/ld+json\" class=\"yoast-schema-graph\">{\"@context\":\"https:\/\/schema.org\",\"@graph\":[{\"@type\":\"WebPage\",\"@id\":\"https:\/\/lanzigroup.com\/handprotection\/fr\/produit\/gt52e\/\",\"url\":\"https:\/\/lanzigroup.com\/handprotection\/fr\/produit\/gt52e\/\",\"name\":\"GT52E - Safety Systems Hand Protection\",\"isPartOf\":{\"@id\":\"https:\/\/lanzigroup.com\/handprotection\/fr\/#website\"},\"datePublished\":\"2024-11-15T10:01:12+00:00\",\"dateModified\":\"2026-04-22T15:15:09+00:00\",\"breadcrumb\":{\"@id\":\"https:\/\/lanzigroup.com\/handprotection\/fr\/produit\/gt52e\/#breadcrumb\"},\"inLanguage\":\"fr-FR\",\"potentialAction\":[{\"@type\":\"ReadAction\",\"target\":[\"https:\/\/lanzigroup.com\/handprotection\/fr\/produit\/gt52e\/\"]}]},{\"@type\":\"BreadcrumbList\",\"@id\":\"https:\/\/lanzigroup.com\/handprotection\/fr\/produit\/gt52e\/#breadcrumb\",\"itemListElement\":[{\"@type\":\"ListItem\",\"position\":1,\"name\":\"Lanzi\",\"item\":\"https:\/\/lanzigroup.com\/fr\/\"},{\"@type\":\"ListItem\",\"position\":2,\"name\":\"SS Hand Protection\",\"item\":\"https:\/\/lanzigroup.com\/handprotection\/fr\/\"},{\"@type\":\"ListItem\",\"position\":3,\"name\":\"Produits\",\"item\":\"https:\/\/lanzigroup.com\/handprotection\/fr\/produits\/\"},{\"@type\":\"ListItem\",\"position\":4,\"name\":\"Gants de protection du produit\",\"item\":\"https:\/\/lanzigroup.com\/handprotection\/fr\/c\/gants-de-protection-du-produit\/\"},{\"@type\":\"ListItem\",\"position\":5,\"name\":\"GT52E\"}]},{\"@type\":\"WebSite\",\"@id\":\"https:\/\/lanzigroup.com\/handprotection\/fr\/#website\",\"url\":\"https:\/\/lanzigroup.com\/handprotection\/fr\/\",\"name\":\"Safety Systems Hand Protection\",\"description\":\"\",\"publisher\":{\"@id\":\"https:\/\/lanzigroup.com\/handprotection\/fr\/#organization\"},\"potentialAction\":[{\"@type\":\"SearchAction\",\"target\":{\"@type\":\"EntryPoint\",\"urlTemplate\":\"https:\/\/lanzigroup.com\/handprotection\/fr\/?s={search_term_string}\"},\"query-input\":{\"@type\":\"PropertyValueSpecification\",\"valueRequired\":true,\"valueName\":\"search_term_string\"}}],\"inLanguage\":\"fr-FR\"},{\"@type\":\"Organization\",\"@id\":\"https:\/\/lanzigroup.com\/handprotection\/fr\/#organization\",\"name\":\"Safety Systems Hand Protection\",\"url\":\"https:\/\/lanzigroup.com\/handprotection\/fr\/\",\"logo\":{\"@type\":\"ImageObject\",\"inLanguage\":\"fr-FR\",\"@id\":\"https:\/\/lanzigroup.com\/handprotection\/fr\/#\/schema\/logo\/image\/\",\"url\":\"https:\/\/lanzigroup.com\/handprotection\/wp-content\/uploads\/sites\/9\/2021\/09\/SS-hand-protecyion-1.png\",\"contentUrl\":\"https:\/\/lanzigroup.com\/handprotection\/wp-content\/uploads\/sites\/9\/2021\/09\/SS-hand-protecyion-1.png\",\"width\":300,\"height\":146,\"caption\":\"Safety Systems Hand Protection\"},\"image\":{\"@id\":\"https:\/\/lanzigroup.com\/handprotection\/fr\/#\/schema\/logo\/image\/\"},\"sameAs\":[\"https:\/\/www.linkedin.com\/company\/lanzi-group\/\",\"https:\/\/www.youtube.com\/channel\/UCnPuBpzneOCV6CzbmM5n5tw\"]}]}<\/script>\n<!-- \/ Yoast SEO plugin. -->","yoast_head_json":{"title":"GT52E - Safety Systems Hand Protection","robots":{"index":"index","follow":"follow","max-snippet":"max-snippet:-1","max-image-preview":"max-image-preview:large","max-video-preview":"max-video-preview:-1"},"canonical":"https:\/\/lanzigroup.com\/handprotection\/fr\/produit\/gt52e\/","og_locale":"fr_FR","og_type":"article","og_title":"GT52E - Safety Systems Hand Protection","og_description":"Rev\u00eatement en polyur\u00e9thane sur le bout des doigts pour une excellente dext\u00e9rit\u00e9 et tactilit\u00e9Excellente r\u00e9sistance \u00e0 l'abrasion du rev\u00eatement en polyur\u00e9thane des bouts de doigtsRespirabilit\u00e9 et adh\u00e9rence garanties en milieu secAnti-statique selon la norme EN16350 pour pr\u00e9venir les risques d'explosion dans les environnements ATEXR\u00e9sultat du test antistatique: 4,53 X 105 Ohms","og_url":"https:\/\/lanzigroup.com\/handprotection\/fr\/produit\/gt52e\/","og_site_name":"Safety Systems Hand Protection","article_modified_time":"2026-04-22T15:15:09+00:00","twitter_card":"summary_large_image","schema":{"@context":"https:\/\/schema.org","@graph":[{"@type":"WebPage","@id":"https:\/\/lanzigroup.com\/handprotection\/fr\/produit\/gt52e\/","url":"https:\/\/lanzigroup.com\/handprotection\/fr\/produit\/gt52e\/","name":"GT52E - Safety Systems Hand Protection","isPartOf":{"@id":"https:\/\/lanzigroup.com\/handprotection\/fr\/#website"},"datePublished":"2024-11-15T10:01:12+00:00","dateModified":"2026-04-22T15:15:09+00:00","breadcrumb":{"@id":"https:\/\/lanzigroup.com\/handprotection\/fr\/produit\/gt52e\/#breadcrumb"},"inLanguage":"fr-FR","potentialAction":[{"@type":"ReadAction","target":["https:\/\/lanzigroup.com\/handprotection\/fr\/produit\/gt52e\/"]}]},{"@type":"BreadcrumbList","@id":"https:\/\/lanzigroup.com\/handprotection\/fr\/produit\/gt52e\/#breadcrumb","itemListElement":[{"@type":"ListItem","position":1,"name":"Lanzi","item":"https:\/\/lanzigroup.com\/fr\/"},{"@type":"ListItem","position":2,"name":"SS Hand Protection","item":"https:\/\/lanzigroup.com\/handprotection\/fr\/"},{"@type":"ListItem","position":3,"name":"Produits","item":"https:\/\/lanzigroup.com\/handprotection\/fr\/produits\/"},{"@type":"ListItem","position":4,"name":"Gants de protection du produit","item":"https:\/\/lanzigroup.com\/handprotection\/fr\/c\/gants-de-protection-du-produit\/"},{"@type":"ListItem","position":5,"name":"GT52E"}]},{"@type":"WebSite","@id":"https:\/\/lanzigroup.com\/handprotection\/fr\/#website","url":"https:\/\/lanzigroup.com\/handprotection\/fr\/","name":"Safety Systems Hand Protection","description":"","publisher":{"@id":"https:\/\/lanzigroup.com\/handprotection\/fr\/#organization"},"potentialAction":[{"@type":"SearchAction","target":{"@type":"EntryPoint","urlTemplate":"https:\/\/lanzigroup.com\/handprotection\/fr\/?s={search_term_string}"},"query-input":{"@type":"PropertyValueSpecification","valueRequired":true,"valueName":"search_term_string"}}],"inLanguage":"fr-FR"},{"@type":"Organization","@id":"https:\/\/lanzigroup.com\/handprotection\/fr\/#organization","name":"Safety Systems Hand Protection","url":"https:\/\/lanzigroup.com\/handprotection\/fr\/","logo":{"@type":"ImageObject","inLanguage":"fr-FR","@id":"https:\/\/lanzigroup.com\/handprotection\/fr\/#\/schema\/logo\/image\/","url":"https:\/\/lanzigroup.com\/handprotection\/wp-content\/uploads\/sites\/9\/2021\/09\/SS-hand-protecyion-1.png","contentUrl":"https:\/\/lanzigroup.com\/handprotection\/wp-content\/uploads\/sites\/9\/2021\/09\/SS-hand-protecyion-1.png","width":300,"height":146,"caption":"Safety Systems Hand Protection"},"image":{"@id":"https:\/\/lanzigroup.com\/handprotection\/fr\/#\/schema\/logo\/image\/"},"sameAs":["https:\/\/www.linkedin.com\/company\/lanzi-group\/","https:\/\/www.youtube.com\/channel\/UCnPuBpzneOCV6CzbmM5n5tw"]}]}},"_links":{"self":[{"href":"https:\/\/lanzigroup.com\/handprotection\/fr\/wp-json\/wp\/v2\/product\/136911","targetHints":{"allow":["GET"]}}],"collection":[{"href":"https:\/\/lanzigroup.com\/handprotection\/fr\/wp-json\/wp\/v2\/product"}],"about":[{"href":"https:\/\/lanzigroup.com\/handprotection\/fr\/wp-json\/wp\/v2\/types\/product"}],"replies":[{"embeddable":true,"href":"https:\/\/lanzigroup.com\/handprotection\/fr\/wp-json\/wp\/v2\/comments?post=136911"}],"wp:attachment":[{"href":"https:\/\/lanzigroup.com\/handprotection\/fr\/wp-json\/wp\/v2\/media?parent=136911"}],"wp:term":[{"taxonomy":"product_cat","embeddable":true,"href":"https:\/\/lanzigroup.com\/handprotection\/fr\/wp-json\/wp\/v2\/product_cat?post=136911"},{"taxonomy":"product_tag","embeddable":true,"href":"https:\/\/lanzigroup.com\/handprotection\/fr\/wp-json\/wp\/v2\/product_tag?post=136911"}],"curies":[{"name":"wp","href":"https:\/\/api.w.org\/{rel}","templated":true}]}}