{"id":136919,"date":"2024-11-15T10:01:12","date_gmt":"2024-11-15T10:01:12","guid":{"rendered":""},"modified":"2026-04-24T10:15:09","modified_gmt":"2026-04-24T10:15:09","slug":"gt533","status":"publish","type":"product","link":"https:\/\/lanzigroup.com\/handprotection\/fr\/produit\/gt533\/","title":{"rendered":"GT533"},"content":{"rendered":"<p>Paume double couche en peau fleur pour une r\u00e9sistance \u00e0 l'abrasion accrue<\/p>\n<p>Bonne imperm\u00e9abilit\u00e9 et adh\u00e9rence de la fleur de cuir en pr\u00e9sence de r\u00e9sidus d'huile<\/p>\n<p><\/p>\n<p>Excellente respirabilit\u00e9 et confort gr\u00e2ce au dos en coton interlock<\/p>\n<p>Renfort cousu en fil para-aramide pour une durabilit\u00e9 prolong\u00e9e<\/p>\n<p>R\u00e9sistance \u00e0 la chaleur par contact 1 (100 \u00b0C pendant au moins 15 secondes)<\/p>\n","protected":false},"excerpt":{"rendered":"<p>Paume double couche en peau fleur pour une r\u00e9sistance \u00e0 l'abrasion accrue<\/p>\n<p>Bonne imperm\u00e9abilit\u00e9 et adh\u00e9rence de la fleur de cuir en pr\u00e9sence de r\u00e9sidus d'huile<\/p>\n<p><\/p>\n<p>Excellente respirabilit\u00e9 et confort gr\u00e2ce au dos en coton interlock<\/p>\n<p>Renfort cousu en fil para-aramide pour une durabilit\u00e9 prolong\u00e9e<\/p>\n<p>R\u00e9sistance \u00e0 la chaleur par contact 1 (100 \u00b0C pendant au moins 15 secondes)<\/p>\n","protected":false},"featured_media":0,"comment_status":"closed","ping_status":"closed","template":"","meta":[],"product_cat":[795],"product_tag":[],"class_list":{"0":"post-136919","1":"product","2":"type-product","3":"status-publish","5":"product_cat-gants-pour-manipulations-lourdes","7":"first","8":"instock","9":"shipping-taxable","10":"product-type-simple"},"acf":[],"yoast_head":"<!-- This site is optimized with the Yoast SEO plugin v24.3 - https:\/\/yoast.com\/wordpress\/plugins\/seo\/ -->\n<title>GT533 - Safety Systems Hand Protection<\/title>\n<meta name=\"robots\" content=\"index, follow, max-snippet:-1, max-image-preview:large, max-video-preview:-1\" \/>\n<link rel=\"canonical\" href=\"https:\/\/lanzigroup.com\/handprotection\/fr\/produit\/gt533\/\" \/>\n<meta property=\"og:locale\" content=\"fr_FR\" \/>\n<meta property=\"og:type\" content=\"article\" \/>\n<meta property=\"og:title\" content=\"GT533 - Safety Systems Hand Protection\" \/>\n<meta property=\"og:description\" content=\"Paume double couche en peau fleur pour une r\u00e9sistance \u00e0 l&#039;abrasion accrueBonne imperm\u00e9abilit\u00e9 et adh\u00e9rence de la fleur de cuir en pr\u00e9sence de r\u00e9sidus d&#039;huileExcellente respirabilit\u00e9 et confort gr\u00e2ce au dos en coton interlockRenfort cousu en fil para-aramide pour une durabilit\u00e9 prolong\u00e9eR\u00e9sistance \u00e0 la chaleur par contact 1 (100 \u00b0C pendant au moins 15 secondes)\" \/>\n<meta property=\"og:url\" content=\"https:\/\/lanzigroup.com\/handprotection\/fr\/produit\/gt533\/\" \/>\n<meta property=\"og:site_name\" content=\"Safety Systems Hand Protection\" \/>\n<meta property=\"article:modified_time\" content=\"2026-04-24T10:15:09+00:00\" \/>\n<meta name=\"twitter:card\" content=\"summary_large_image\" \/>\n<script type=\"application\/ld+json\" class=\"yoast-schema-graph\">{\"@context\":\"https:\/\/schema.org\",\"@graph\":[{\"@type\":\"WebPage\",\"@id\":\"https:\/\/lanzigroup.com\/handprotection\/fr\/produit\/gt533\/\",\"url\":\"https:\/\/lanzigroup.com\/handprotection\/fr\/produit\/gt533\/\",\"name\":\"GT533 - Safety Systems Hand Protection\",\"isPartOf\":{\"@id\":\"https:\/\/lanzigroup.com\/handprotection\/fr\/#website\"},\"datePublished\":\"2024-11-15T10:01:12+00:00\",\"dateModified\":\"2026-04-24T10:15:09+00:00\",\"breadcrumb\":{\"@id\":\"https:\/\/lanzigroup.com\/handprotection\/fr\/produit\/gt533\/#breadcrumb\"},\"inLanguage\":\"fr-FR\",\"potentialAction\":[{\"@type\":\"ReadAction\",\"target\":[\"https:\/\/lanzigroup.com\/handprotection\/fr\/produit\/gt533\/\"]}]},{\"@type\":\"BreadcrumbList\",\"@id\":\"https:\/\/lanzigroup.com\/handprotection\/fr\/produit\/gt533\/#breadcrumb\",\"itemListElement\":[{\"@type\":\"ListItem\",\"position\":1,\"name\":\"Lanzi\",\"item\":\"https:\/\/lanzigroup.com\/fr\/\"},{\"@type\":\"ListItem\",\"position\":2,\"name\":\"SS Hand Protection\",\"item\":\"https:\/\/lanzigroup.com\/handprotection\/fr\/\"},{\"@type\":\"ListItem\",\"position\":3,\"name\":\"Produits\",\"item\":\"https:\/\/lanzigroup.com\/handprotection\/fr\/produits\/\"},{\"@type\":\"ListItem\",\"position\":4,\"name\":\"Gants pour manipulations lourdes\",\"item\":\"https:\/\/lanzigroup.com\/handprotection\/fr\/c\/gants-pour-manipulations-lourdes\/\"},{\"@type\":\"ListItem\",\"position\":5,\"name\":\"GT533\"}]},{\"@type\":\"WebSite\",\"@id\":\"https:\/\/lanzigroup.com\/handprotection\/fr\/#website\",\"url\":\"https:\/\/lanzigroup.com\/handprotection\/fr\/\",\"name\":\"Safety Systems Hand Protection\",\"description\":\"\",\"publisher\":{\"@id\":\"https:\/\/lanzigroup.com\/handprotection\/fr\/#organization\"},\"potentialAction\":[{\"@type\":\"SearchAction\",\"target\":{\"@type\":\"EntryPoint\",\"urlTemplate\":\"https:\/\/lanzigroup.com\/handprotection\/fr\/?s={search_term_string}\"},\"query-input\":{\"@type\":\"PropertyValueSpecification\",\"valueRequired\":true,\"valueName\":\"search_term_string\"}}],\"inLanguage\":\"fr-FR\"},{\"@type\":\"Organization\",\"@id\":\"https:\/\/lanzigroup.com\/handprotection\/fr\/#organization\",\"name\":\"Safety Systems Hand Protection\",\"url\":\"https:\/\/lanzigroup.com\/handprotection\/fr\/\",\"logo\":{\"@type\":\"ImageObject\",\"inLanguage\":\"fr-FR\",\"@id\":\"https:\/\/lanzigroup.com\/handprotection\/fr\/#\/schema\/logo\/image\/\",\"url\":\"https:\/\/lanzigroup.com\/handprotection\/wp-content\/uploads\/sites\/9\/2021\/09\/SS-hand-protecyion-1.png\",\"contentUrl\":\"https:\/\/lanzigroup.com\/handprotection\/wp-content\/uploads\/sites\/9\/2021\/09\/SS-hand-protecyion-1.png\",\"width\":300,\"height\":146,\"caption\":\"Safety Systems Hand Protection\"},\"image\":{\"@id\":\"https:\/\/lanzigroup.com\/handprotection\/fr\/#\/schema\/logo\/image\/\"},\"sameAs\":[\"https:\/\/www.linkedin.com\/company\/lanzi-group\/\",\"https:\/\/www.youtube.com\/channel\/UCnPuBpzneOCV6CzbmM5n5tw\"]}]}<\/script>\n<!-- \/ Yoast SEO plugin. -->","yoast_head_json":{"title":"GT533 - Safety Systems Hand Protection","robots":{"index":"index","follow":"follow","max-snippet":"max-snippet:-1","max-image-preview":"max-image-preview:large","max-video-preview":"max-video-preview:-1"},"canonical":"https:\/\/lanzigroup.com\/handprotection\/fr\/produit\/gt533\/","og_locale":"fr_FR","og_type":"article","og_title":"GT533 - Safety Systems Hand Protection","og_description":"Paume double couche en peau fleur pour une r\u00e9sistance \u00e0 l'abrasion accrueBonne imperm\u00e9abilit\u00e9 et adh\u00e9rence de la fleur de cuir en pr\u00e9sence de r\u00e9sidus d'huileExcellente respirabilit\u00e9 et confort gr\u00e2ce au dos en coton interlockRenfort cousu en fil para-aramide pour une durabilit\u00e9 prolong\u00e9eR\u00e9sistance \u00e0 la chaleur par contact 1 (100 \u00b0C pendant au moins 15 secondes)","og_url":"https:\/\/lanzigroup.com\/handprotection\/fr\/produit\/gt533\/","og_site_name":"Safety Systems Hand Protection","article_modified_time":"2026-04-24T10:15:09+00:00","twitter_card":"summary_large_image","schema":{"@context":"https:\/\/schema.org","@graph":[{"@type":"WebPage","@id":"https:\/\/lanzigroup.com\/handprotection\/fr\/produit\/gt533\/","url":"https:\/\/lanzigroup.com\/handprotection\/fr\/produit\/gt533\/","name":"GT533 - Safety Systems Hand Protection","isPartOf":{"@id":"https:\/\/lanzigroup.com\/handprotection\/fr\/#website"},"datePublished":"2024-11-15T10:01:12+00:00","dateModified":"2026-04-24T10:15:09+00:00","breadcrumb":{"@id":"https:\/\/lanzigroup.com\/handprotection\/fr\/produit\/gt533\/#breadcrumb"},"inLanguage":"fr-FR","potentialAction":[{"@type":"ReadAction","target":["https:\/\/lanzigroup.com\/handprotection\/fr\/produit\/gt533\/"]}]},{"@type":"BreadcrumbList","@id":"https:\/\/lanzigroup.com\/handprotection\/fr\/produit\/gt533\/#breadcrumb","itemListElement":[{"@type":"ListItem","position":1,"name":"Lanzi","item":"https:\/\/lanzigroup.com\/fr\/"},{"@type":"ListItem","position":2,"name":"SS Hand Protection","item":"https:\/\/lanzigroup.com\/handprotection\/fr\/"},{"@type":"ListItem","position":3,"name":"Produits","item":"https:\/\/lanzigroup.com\/handprotection\/fr\/produits\/"},{"@type":"ListItem","position":4,"name":"Gants pour manipulations lourdes","item":"https:\/\/lanzigroup.com\/handprotection\/fr\/c\/gants-pour-manipulations-lourdes\/"},{"@type":"ListItem","position":5,"name":"GT533"}]},{"@type":"WebSite","@id":"https:\/\/lanzigroup.com\/handprotection\/fr\/#website","url":"https:\/\/lanzigroup.com\/handprotection\/fr\/","name":"Safety Systems Hand Protection","description":"","publisher":{"@id":"https:\/\/lanzigroup.com\/handprotection\/fr\/#organization"},"potentialAction":[{"@type":"SearchAction","target":{"@type":"EntryPoint","urlTemplate":"https:\/\/lanzigroup.com\/handprotection\/fr\/?s={search_term_string}"},"query-input":{"@type":"PropertyValueSpecification","valueRequired":true,"valueName":"search_term_string"}}],"inLanguage":"fr-FR"},{"@type":"Organization","@id":"https:\/\/lanzigroup.com\/handprotection\/fr\/#organization","name":"Safety Systems Hand Protection","url":"https:\/\/lanzigroup.com\/handprotection\/fr\/","logo":{"@type":"ImageObject","inLanguage":"fr-FR","@id":"https:\/\/lanzigroup.com\/handprotection\/fr\/#\/schema\/logo\/image\/","url":"https:\/\/lanzigroup.com\/handprotection\/wp-content\/uploads\/sites\/9\/2021\/09\/SS-hand-protecyion-1.png","contentUrl":"https:\/\/lanzigroup.com\/handprotection\/wp-content\/uploads\/sites\/9\/2021\/09\/SS-hand-protecyion-1.png","width":300,"height":146,"caption":"Safety Systems Hand Protection"},"image":{"@id":"https:\/\/lanzigroup.com\/handprotection\/fr\/#\/schema\/logo\/image\/"},"sameAs":["https:\/\/www.linkedin.com\/company\/lanzi-group\/","https:\/\/www.youtube.com\/channel\/UCnPuBpzneOCV6CzbmM5n5tw"]}]}},"_links":{"self":[{"href":"https:\/\/lanzigroup.com\/handprotection\/fr\/wp-json\/wp\/v2\/product\/136919","targetHints":{"allow":["GET"]}}],"collection":[{"href":"https:\/\/lanzigroup.com\/handprotection\/fr\/wp-json\/wp\/v2\/product"}],"about":[{"href":"https:\/\/lanzigroup.com\/handprotection\/fr\/wp-json\/wp\/v2\/types\/product"}],"replies":[{"embeddable":true,"href":"https:\/\/lanzigroup.com\/handprotection\/fr\/wp-json\/wp\/v2\/comments?post=136919"}],"wp:attachment":[{"href":"https:\/\/lanzigroup.com\/handprotection\/fr\/wp-json\/wp\/v2\/media?parent=136919"}],"wp:term":[{"taxonomy":"product_cat","embeddable":true,"href":"https:\/\/lanzigroup.com\/handprotection\/fr\/wp-json\/wp\/v2\/product_cat?post=136919"},{"taxonomy":"product_tag","embeddable":true,"href":"https:\/\/lanzigroup.com\/handprotection\/fr\/wp-json\/wp\/v2\/product_tag?post=136919"}],"curies":[{"name":"wp","href":"https:\/\/api.w.org\/{rel}","templated":true}]}}