{"id":137031,"date":"2024-11-15T10:01:12","date_gmt":"2024-11-15T10:01:12","guid":{"rendered":""},"modified":"2026-04-02T15:15:10","modified_gmt":"2026-04-02T15:15:10","slug":"gkk633c","status":"publish","type":"product","link":"https:\/\/lanzigroup.com\/handprotection\/fr\/produit\/gkk633c\/","title":{"rendered":"GKK633C"},"content":{"rendered":"<p>Advanced Knitting Technology pour une flexibilit\u00e9 et un confort accrus<br \/>Fil technique r\u00e9sistant \u00e0 la coupure renforc\u00e9 avec fibre min\u00e9rale et acier pour une protection maximale<br \/>Exceptionnel grip de la paume en cuir croute en pr\u00e9sence de r\u00e9sidus huileux<br \/>Maille \u00e9lastique et design ergonomique pour assurer une exceptionnelle dext\u00e9rit\u00e9 et confort<br \/>Fil technique con\u00e7u pour minimiser le r\u00e9trecissement apr\u00e8s-lavage<\/p>\n<p>R\u00e9sistance \u00e0 la chaleur par contact 1 (100 \u00b0C pendant au moins 15 secondes)<\/p>\n<p><\/p>\n<p>Manchette \u00e9lastique extra longue<\/p>\n","protected":false},"excerpt":{"rendered":"<p>Advanced Knitting Technology pour une flexibilit\u00e9 et un confort accrus<br \/>Fil technique r\u00e9sistant \u00e0 la coupure renforc\u00e9 avec fibre min\u00e9rale et acier pour une protection maximale<br \/>Exceptionnel grip de la paume en cuir croute en pr\u00e9sence de r\u00e9sidus huileux<br \/>Maille \u00e9lastique et design ergonomique pour assurer une exceptionnelle dext\u00e9rit\u00e9 et confort<br \/>Fil technique con\u00e7u pour minimiser le r\u00e9trecissement apr\u00e8s-lavage<\/p>\n<p>R\u00e9sistance \u00e0 la chaleur par contact 1 (100 \u00b0C pendant au moins 15 secondes)<\/p>\n<p><\/p>\n<p>Manchette \u00e9lastique extra longue<\/p>\n","protected":false},"featured_media":0,"comment_status":"closed","ping_status":"closed","template":"","meta":[],"product_cat":[799],"product_tag":[],"class_list":{"0":"post-137031","1":"product","2":"type-product","3":"status-publish","5":"product_cat-gants-et-manchettes-resistants-a-la-coupure","7":"first","8":"instock","9":"shipping-taxable","10":"product-type-simple"},"acf":[],"yoast_head":"<!-- This site is optimized with the Yoast SEO plugin v24.3 - https:\/\/yoast.com\/wordpress\/plugins\/seo\/ -->\n<title>GKK633C - Safety Systems Hand Protection<\/title>\n<meta name=\"robots\" content=\"index, follow, max-snippet:-1, max-image-preview:large, max-video-preview:-1\" \/>\n<link rel=\"canonical\" href=\"https:\/\/lanzigroup.com\/handprotection\/fr\/produit\/gkk633c\/\" \/>\n<meta property=\"og:locale\" content=\"fr_FR\" \/>\n<meta property=\"og:type\" content=\"article\" \/>\n<meta property=\"og:title\" content=\"GKK633C - Safety Systems Hand Protection\" \/>\n<meta property=\"og:description\" content=\"Advanced Knitting Technology pour une flexibilit\u00e9 et un confort accrusFil technique r\u00e9sistant \u00e0 la coupure renforc\u00e9 avec fibre min\u00e9rale et acier pour une protection maximaleExceptionnel grip de la paume en cuir croute en pr\u00e9sence de r\u00e9sidus huileuxMaille \u00e9lastique et design ergonomique pour assurer une exceptionnelle dext\u00e9rit\u00e9 et confortFil technique con\u00e7u pour minimiser le r\u00e9trecissement apr\u00e8s-lavageR\u00e9sistance \u00e0 la chaleur par contact 1 (100 \u00b0C pendant au moins 15 secondes)Manchette \u00e9lastique extra longue\" \/>\n<meta property=\"og:url\" content=\"https:\/\/lanzigroup.com\/handprotection\/fr\/produit\/gkk633c\/\" \/>\n<meta property=\"og:site_name\" content=\"Safety Systems Hand Protection\" \/>\n<meta property=\"article:modified_time\" content=\"2026-04-02T15:15:10+00:00\" \/>\n<meta name=\"twitter:card\" content=\"summary_large_image\" \/>\n<script type=\"application\/ld+json\" class=\"yoast-schema-graph\">{\"@context\":\"https:\/\/schema.org\",\"@graph\":[{\"@type\":\"WebPage\",\"@id\":\"https:\/\/lanzigroup.com\/handprotection\/fr\/produit\/gkk633c\/\",\"url\":\"https:\/\/lanzigroup.com\/handprotection\/fr\/produit\/gkk633c\/\",\"name\":\"GKK633C - Safety Systems Hand Protection\",\"isPartOf\":{\"@id\":\"https:\/\/lanzigroup.com\/handprotection\/fr\/#website\"},\"datePublished\":\"2024-11-15T10:01:12+00:00\",\"dateModified\":\"2026-04-02T15:15:10+00:00\",\"breadcrumb\":{\"@id\":\"https:\/\/lanzigroup.com\/handprotection\/fr\/produit\/gkk633c\/#breadcrumb\"},\"inLanguage\":\"fr-FR\",\"potentialAction\":[{\"@type\":\"ReadAction\",\"target\":[\"https:\/\/lanzigroup.com\/handprotection\/fr\/produit\/gkk633c\/\"]}]},{\"@type\":\"BreadcrumbList\",\"@id\":\"https:\/\/lanzigroup.com\/handprotection\/fr\/produit\/gkk633c\/#breadcrumb\",\"itemListElement\":[{\"@type\":\"ListItem\",\"position\":1,\"name\":\"Lanzi\",\"item\":\"https:\/\/lanzigroup.com\/fr\/\"},{\"@type\":\"ListItem\",\"position\":2,\"name\":\"SS Hand Protection\",\"item\":\"https:\/\/lanzigroup.com\/handprotection\/fr\/\"},{\"@type\":\"ListItem\",\"position\":3,\"name\":\"Produits\",\"item\":\"https:\/\/lanzigroup.com\/handprotection\/fr\/produits\/\"},{\"@type\":\"ListItem\",\"position\":4,\"name\":\"Gants et manchettes r\u00e9sistants \u00e0 la coupure\",\"item\":\"https:\/\/lanzigroup.com\/handprotection\/fr\/c\/gants-et-manchettes-resistants-a-la-coupure\/\"},{\"@type\":\"ListItem\",\"position\":5,\"name\":\"GKK633C\"}]},{\"@type\":\"WebSite\",\"@id\":\"https:\/\/lanzigroup.com\/handprotection\/fr\/#website\",\"url\":\"https:\/\/lanzigroup.com\/handprotection\/fr\/\",\"name\":\"Safety Systems Hand Protection\",\"description\":\"\",\"publisher\":{\"@id\":\"https:\/\/lanzigroup.com\/handprotection\/fr\/#organization\"},\"potentialAction\":[{\"@type\":\"SearchAction\",\"target\":{\"@type\":\"EntryPoint\",\"urlTemplate\":\"https:\/\/lanzigroup.com\/handprotection\/fr\/?s={search_term_string}\"},\"query-input\":{\"@type\":\"PropertyValueSpecification\",\"valueRequired\":true,\"valueName\":\"search_term_string\"}}],\"inLanguage\":\"fr-FR\"},{\"@type\":\"Organization\",\"@id\":\"https:\/\/lanzigroup.com\/handprotection\/fr\/#organization\",\"name\":\"Safety Systems Hand Protection\",\"url\":\"https:\/\/lanzigroup.com\/handprotection\/fr\/\",\"logo\":{\"@type\":\"ImageObject\",\"inLanguage\":\"fr-FR\",\"@id\":\"https:\/\/lanzigroup.com\/handprotection\/fr\/#\/schema\/logo\/image\/\",\"url\":\"https:\/\/lanzigroup.com\/handprotection\/wp-content\/uploads\/sites\/9\/2021\/09\/SS-hand-protecyion-1.png\",\"contentUrl\":\"https:\/\/lanzigroup.com\/handprotection\/wp-content\/uploads\/sites\/9\/2021\/09\/SS-hand-protecyion-1.png\",\"width\":300,\"height\":146,\"caption\":\"Safety Systems Hand Protection\"},\"image\":{\"@id\":\"https:\/\/lanzigroup.com\/handprotection\/fr\/#\/schema\/logo\/image\/\"},\"sameAs\":[\"https:\/\/www.linkedin.com\/company\/lanzi-group\/\",\"https:\/\/www.youtube.com\/channel\/UCnPuBpzneOCV6CzbmM5n5tw\"]}]}<\/script>\n<!-- \/ Yoast SEO plugin. -->","yoast_head_json":{"title":"GKK633C - Safety Systems Hand Protection","robots":{"index":"index","follow":"follow","max-snippet":"max-snippet:-1","max-image-preview":"max-image-preview:large","max-video-preview":"max-video-preview:-1"},"canonical":"https:\/\/lanzigroup.com\/handprotection\/fr\/produit\/gkk633c\/","og_locale":"fr_FR","og_type":"article","og_title":"GKK633C - Safety Systems Hand Protection","og_description":"Advanced Knitting Technology pour une flexibilit\u00e9 et un confort accrusFil technique r\u00e9sistant \u00e0 la coupure renforc\u00e9 avec fibre min\u00e9rale et acier pour une protection maximaleExceptionnel grip de la paume en cuir croute en pr\u00e9sence de r\u00e9sidus huileuxMaille \u00e9lastique et design ergonomique pour assurer une exceptionnelle dext\u00e9rit\u00e9 et confortFil technique con\u00e7u pour minimiser le r\u00e9trecissement apr\u00e8s-lavageR\u00e9sistance \u00e0 la chaleur par contact 1 (100 \u00b0C pendant au moins 15 secondes)Manchette \u00e9lastique extra longue","og_url":"https:\/\/lanzigroup.com\/handprotection\/fr\/produit\/gkk633c\/","og_site_name":"Safety Systems Hand Protection","article_modified_time":"2026-04-02T15:15:10+00:00","twitter_card":"summary_large_image","schema":{"@context":"https:\/\/schema.org","@graph":[{"@type":"WebPage","@id":"https:\/\/lanzigroup.com\/handprotection\/fr\/produit\/gkk633c\/","url":"https:\/\/lanzigroup.com\/handprotection\/fr\/produit\/gkk633c\/","name":"GKK633C - Safety Systems Hand Protection","isPartOf":{"@id":"https:\/\/lanzigroup.com\/handprotection\/fr\/#website"},"datePublished":"2024-11-15T10:01:12+00:00","dateModified":"2026-04-02T15:15:10+00:00","breadcrumb":{"@id":"https:\/\/lanzigroup.com\/handprotection\/fr\/produit\/gkk633c\/#breadcrumb"},"inLanguage":"fr-FR","potentialAction":[{"@type":"ReadAction","target":["https:\/\/lanzigroup.com\/handprotection\/fr\/produit\/gkk633c\/"]}]},{"@type":"BreadcrumbList","@id":"https:\/\/lanzigroup.com\/handprotection\/fr\/produit\/gkk633c\/#breadcrumb","itemListElement":[{"@type":"ListItem","position":1,"name":"Lanzi","item":"https:\/\/lanzigroup.com\/fr\/"},{"@type":"ListItem","position":2,"name":"SS Hand Protection","item":"https:\/\/lanzigroup.com\/handprotection\/fr\/"},{"@type":"ListItem","position":3,"name":"Produits","item":"https:\/\/lanzigroup.com\/handprotection\/fr\/produits\/"},{"@type":"ListItem","position":4,"name":"Gants et manchettes r\u00e9sistants \u00e0 la coupure","item":"https:\/\/lanzigroup.com\/handprotection\/fr\/c\/gants-et-manchettes-resistants-a-la-coupure\/"},{"@type":"ListItem","position":5,"name":"GKK633C"}]},{"@type":"WebSite","@id":"https:\/\/lanzigroup.com\/handprotection\/fr\/#website","url":"https:\/\/lanzigroup.com\/handprotection\/fr\/","name":"Safety Systems Hand Protection","description":"","publisher":{"@id":"https:\/\/lanzigroup.com\/handprotection\/fr\/#organization"},"potentialAction":[{"@type":"SearchAction","target":{"@type":"EntryPoint","urlTemplate":"https:\/\/lanzigroup.com\/handprotection\/fr\/?s={search_term_string}"},"query-input":{"@type":"PropertyValueSpecification","valueRequired":true,"valueName":"search_term_string"}}],"inLanguage":"fr-FR"},{"@type":"Organization","@id":"https:\/\/lanzigroup.com\/handprotection\/fr\/#organization","name":"Safety Systems Hand Protection","url":"https:\/\/lanzigroup.com\/handprotection\/fr\/","logo":{"@type":"ImageObject","inLanguage":"fr-FR","@id":"https:\/\/lanzigroup.com\/handprotection\/fr\/#\/schema\/logo\/image\/","url":"https:\/\/lanzigroup.com\/handprotection\/wp-content\/uploads\/sites\/9\/2021\/09\/SS-hand-protecyion-1.png","contentUrl":"https:\/\/lanzigroup.com\/handprotection\/wp-content\/uploads\/sites\/9\/2021\/09\/SS-hand-protecyion-1.png","width":300,"height":146,"caption":"Safety Systems Hand Protection"},"image":{"@id":"https:\/\/lanzigroup.com\/handprotection\/fr\/#\/schema\/logo\/image\/"},"sameAs":["https:\/\/www.linkedin.com\/company\/lanzi-group\/","https:\/\/www.youtube.com\/channel\/UCnPuBpzneOCV6CzbmM5n5tw"]}]}},"_links":{"self":[{"href":"https:\/\/lanzigroup.com\/handprotection\/fr\/wp-json\/wp\/v2\/product\/137031","targetHints":{"allow":["GET"]}}],"collection":[{"href":"https:\/\/lanzigroup.com\/handprotection\/fr\/wp-json\/wp\/v2\/product"}],"about":[{"href":"https:\/\/lanzigroup.com\/handprotection\/fr\/wp-json\/wp\/v2\/types\/product"}],"replies":[{"embeddable":true,"href":"https:\/\/lanzigroup.com\/handprotection\/fr\/wp-json\/wp\/v2\/comments?post=137031"}],"wp:attachment":[{"href":"https:\/\/lanzigroup.com\/handprotection\/fr\/wp-json\/wp\/v2\/media?parent=137031"}],"wp:term":[{"taxonomy":"product_cat","embeddable":true,"href":"https:\/\/lanzigroup.com\/handprotection\/fr\/wp-json\/wp\/v2\/product_cat?post=137031"},{"taxonomy":"product_tag","embeddable":true,"href":"https:\/\/lanzigroup.com\/handprotection\/fr\/wp-json\/wp\/v2\/product_tag?post=137031"}],"curies":[{"name":"wp","href":"https:\/\/api.w.org\/{rel}","templated":true}]}}