{"id":137103,"date":"2024-11-15T10:01:12","date_gmt":"2024-11-15T10:01:12","guid":{"rendered":""},"modified":"2026-04-18T10:15:09","modified_gmt":"2026-04-18T10:15:09","slug":"gprg74","status":"publish","type":"product","link":"https:\/\/lanzigroup.com\/handprotection\/fr\/produit\/gprg74\/","title":{"rendered":"GPRG74"},"content":{"rendered":"<p>Coussinets absoreurs cousus \u00e0 l'int\u00e9rieur sur la paume et sur les bouts des doigts pouce, index et majeur<\/p>\n<p>Tricot tr\u00e8s \u00e9lastique et conception ergonomique pour une dext\u00e9rit\u00e9 et un confort exceptionnels lors d'une utilisation prolong\u00e9e<\/p>\n<p>Grip \u00e9lev\u00e9 en milieu mod\u00e9r\u00e9ment humide\/huileux gr\u00e2ce \u00e0 l'enduction en mousse de nitrile, pas en contact avec la peau<br \/>Tissu technique \u00ab touch-screen \u00bb sur les bouts des doigts pouce, index et majeur<br \/>Coutures en fil para-aramide pour une durabilit\u00e9 prolong\u00e9e<\/p>\n","protected":false},"excerpt":{"rendered":"<p>Coussinets absoreurs cousus \u00e0 l'int\u00e9rieur sur la paume et sur les bouts des doigts pouce, index et majeur<\/p>\n<p>Tricot tr\u00e8s \u00e9lastique et conception ergonomique pour une dext\u00e9rit\u00e9 et un confort exceptionnels lors d'une utilisation prolong\u00e9e<\/p>\n<p>Grip \u00e9lev\u00e9 en milieu mod\u00e9r\u00e9ment humide\/huileux gr\u00e2ce \u00e0 l'enduction en mousse de nitrile, pas en contact avec la peau<br \/>Tissu technique \u00ab touch-screen \u00bb sur les bouts des doigts pouce, index et majeur<br \/>Coutures en fil para-aramide pour une durabilit\u00e9 prolong\u00e9e<\/p>\n","protected":false},"featured_media":0,"comment_status":"closed","ping_status":"closed","template":"","meta":[],"product_cat":[803],"product_tag":[],"class_list":{"0":"post-137103","1":"product","2":"type-product","3":"status-publish","5":"product_cat-gants-a-usages-speciaux","7":"first","8":"instock","9":"shipping-taxable","10":"product-type-simple"},"acf":[],"yoast_head":"<!-- This site is optimized with the Yoast SEO plugin v24.3 - https:\/\/yoast.com\/wordpress\/plugins\/seo\/ -->\n<title>GPRG74 - Safety Systems Hand Protection<\/title>\n<meta name=\"robots\" content=\"index, follow, max-snippet:-1, max-image-preview:large, max-video-preview:-1\" \/>\n<link rel=\"canonical\" href=\"https:\/\/lanzigroup.com\/handprotection\/fr\/produit\/gprg74\/\" \/>\n<meta property=\"og:locale\" content=\"fr_FR\" \/>\n<meta property=\"og:type\" content=\"article\" \/>\n<meta property=\"og:title\" content=\"GPRG74 - Safety Systems Hand Protection\" \/>\n<meta property=\"og:description\" content=\"Coussinets absoreurs cousus \u00e0 l&#039;int\u00e9rieur sur la paume et sur les bouts des doigts pouce, index et majeurTricot tr\u00e8s \u00e9lastique et conception ergonomique pour une dext\u00e9rit\u00e9 et un confort exceptionnels lors d&#039;une utilisation prolong\u00e9eGrip \u00e9lev\u00e9 en milieu mod\u00e9r\u00e9ment humide\/huileux gr\u00e2ce \u00e0 l&#039;enduction en mousse de nitrile, pas en contact avec la peauTissu technique \u00ab touch-screen \u00bb sur les bouts des doigts pouce, index et majeurCoutures en fil para-aramide pour une durabilit\u00e9 prolong\u00e9e\" \/>\n<meta property=\"og:url\" content=\"https:\/\/lanzigroup.com\/handprotection\/fr\/produit\/gprg74\/\" \/>\n<meta property=\"og:site_name\" content=\"Safety Systems Hand Protection\" \/>\n<meta property=\"article:modified_time\" content=\"2026-04-18T10:15:09+00:00\" \/>\n<meta name=\"twitter:card\" content=\"summary_large_image\" \/>\n<script type=\"application\/ld+json\" class=\"yoast-schema-graph\">{\"@context\":\"https:\/\/schema.org\",\"@graph\":[{\"@type\":\"WebPage\",\"@id\":\"https:\/\/lanzigroup.com\/handprotection\/fr\/produit\/gprg74\/\",\"url\":\"https:\/\/lanzigroup.com\/handprotection\/fr\/produit\/gprg74\/\",\"name\":\"GPRG74 - Safety Systems Hand Protection\",\"isPartOf\":{\"@id\":\"https:\/\/lanzigroup.com\/handprotection\/fr\/#website\"},\"datePublished\":\"2024-11-15T10:01:12+00:00\",\"dateModified\":\"2026-04-18T10:15:09+00:00\",\"breadcrumb\":{\"@id\":\"https:\/\/lanzigroup.com\/handprotection\/fr\/produit\/gprg74\/#breadcrumb\"},\"inLanguage\":\"fr-FR\",\"potentialAction\":[{\"@type\":\"ReadAction\",\"target\":[\"https:\/\/lanzigroup.com\/handprotection\/fr\/produit\/gprg74\/\"]}]},{\"@type\":\"BreadcrumbList\",\"@id\":\"https:\/\/lanzigroup.com\/handprotection\/fr\/produit\/gprg74\/#breadcrumb\",\"itemListElement\":[{\"@type\":\"ListItem\",\"position\":1,\"name\":\"Lanzi\",\"item\":\"https:\/\/lanzigroup.com\/fr\/\"},{\"@type\":\"ListItem\",\"position\":2,\"name\":\"SS Hand Protection\",\"item\":\"https:\/\/lanzigroup.com\/handprotection\/fr\/\"},{\"@type\":\"ListItem\",\"position\":3,\"name\":\"Produits\",\"item\":\"https:\/\/lanzigroup.com\/handprotection\/fr\/produits\/\"},{\"@type\":\"ListItem\",\"position\":4,\"name\":\"Gants \u00e0 usages sp\u00e9ciaux\",\"item\":\"https:\/\/lanzigroup.com\/handprotection\/fr\/c\/gants-a-usages-speciaux\/\"},{\"@type\":\"ListItem\",\"position\":5,\"name\":\"GPRG74\"}]},{\"@type\":\"WebSite\",\"@id\":\"https:\/\/lanzigroup.com\/handprotection\/fr\/#website\",\"url\":\"https:\/\/lanzigroup.com\/handprotection\/fr\/\",\"name\":\"Safety Systems Hand Protection\",\"description\":\"\",\"publisher\":{\"@id\":\"https:\/\/lanzigroup.com\/handprotection\/fr\/#organization\"},\"potentialAction\":[{\"@type\":\"SearchAction\",\"target\":{\"@type\":\"EntryPoint\",\"urlTemplate\":\"https:\/\/lanzigroup.com\/handprotection\/fr\/?s={search_term_string}\"},\"query-input\":{\"@type\":\"PropertyValueSpecification\",\"valueRequired\":true,\"valueName\":\"search_term_string\"}}],\"inLanguage\":\"fr-FR\"},{\"@type\":\"Organization\",\"@id\":\"https:\/\/lanzigroup.com\/handprotection\/fr\/#organization\",\"name\":\"Safety Systems Hand Protection\",\"url\":\"https:\/\/lanzigroup.com\/handprotection\/fr\/\",\"logo\":{\"@type\":\"ImageObject\",\"inLanguage\":\"fr-FR\",\"@id\":\"https:\/\/lanzigroup.com\/handprotection\/fr\/#\/schema\/logo\/image\/\",\"url\":\"https:\/\/lanzigroup.com\/handprotection\/wp-content\/uploads\/sites\/9\/2021\/09\/SS-hand-protecyion-1.png\",\"contentUrl\":\"https:\/\/lanzigroup.com\/handprotection\/wp-content\/uploads\/sites\/9\/2021\/09\/SS-hand-protecyion-1.png\",\"width\":300,\"height\":146,\"caption\":\"Safety Systems Hand Protection\"},\"image\":{\"@id\":\"https:\/\/lanzigroup.com\/handprotection\/fr\/#\/schema\/logo\/image\/\"},\"sameAs\":[\"https:\/\/www.linkedin.com\/company\/lanzi-group\/\",\"https:\/\/www.youtube.com\/channel\/UCnPuBpzneOCV6CzbmM5n5tw\"]}]}<\/script>\n<!-- \/ Yoast SEO plugin. -->","yoast_head_json":{"title":"GPRG74 - Safety Systems Hand Protection","robots":{"index":"index","follow":"follow","max-snippet":"max-snippet:-1","max-image-preview":"max-image-preview:large","max-video-preview":"max-video-preview:-1"},"canonical":"https:\/\/lanzigroup.com\/handprotection\/fr\/produit\/gprg74\/","og_locale":"fr_FR","og_type":"article","og_title":"GPRG74 - Safety Systems Hand Protection","og_description":"Coussinets absoreurs cousus \u00e0 l'int\u00e9rieur sur la paume et sur les bouts des doigts pouce, index et majeurTricot tr\u00e8s \u00e9lastique et conception ergonomique pour une dext\u00e9rit\u00e9 et un confort exceptionnels lors d'une utilisation prolong\u00e9eGrip \u00e9lev\u00e9 en milieu mod\u00e9r\u00e9ment humide\/huileux gr\u00e2ce \u00e0 l'enduction en mousse de nitrile, pas en contact avec la peauTissu technique \u00ab touch-screen \u00bb sur les bouts des doigts pouce, index et majeurCoutures en fil para-aramide pour une durabilit\u00e9 prolong\u00e9e","og_url":"https:\/\/lanzigroup.com\/handprotection\/fr\/produit\/gprg74\/","og_site_name":"Safety Systems Hand Protection","article_modified_time":"2026-04-18T10:15:09+00:00","twitter_card":"summary_large_image","schema":{"@context":"https:\/\/schema.org","@graph":[{"@type":"WebPage","@id":"https:\/\/lanzigroup.com\/handprotection\/fr\/produit\/gprg74\/","url":"https:\/\/lanzigroup.com\/handprotection\/fr\/produit\/gprg74\/","name":"GPRG74 - Safety Systems Hand Protection","isPartOf":{"@id":"https:\/\/lanzigroup.com\/handprotection\/fr\/#website"},"datePublished":"2024-11-15T10:01:12+00:00","dateModified":"2026-04-18T10:15:09+00:00","breadcrumb":{"@id":"https:\/\/lanzigroup.com\/handprotection\/fr\/produit\/gprg74\/#breadcrumb"},"inLanguage":"fr-FR","potentialAction":[{"@type":"ReadAction","target":["https:\/\/lanzigroup.com\/handprotection\/fr\/produit\/gprg74\/"]}]},{"@type":"BreadcrumbList","@id":"https:\/\/lanzigroup.com\/handprotection\/fr\/produit\/gprg74\/#breadcrumb","itemListElement":[{"@type":"ListItem","position":1,"name":"Lanzi","item":"https:\/\/lanzigroup.com\/fr\/"},{"@type":"ListItem","position":2,"name":"SS Hand Protection","item":"https:\/\/lanzigroup.com\/handprotection\/fr\/"},{"@type":"ListItem","position":3,"name":"Produits","item":"https:\/\/lanzigroup.com\/handprotection\/fr\/produits\/"},{"@type":"ListItem","position":4,"name":"Gants \u00e0 usages sp\u00e9ciaux","item":"https:\/\/lanzigroup.com\/handprotection\/fr\/c\/gants-a-usages-speciaux\/"},{"@type":"ListItem","position":5,"name":"GPRG74"}]},{"@type":"WebSite","@id":"https:\/\/lanzigroup.com\/handprotection\/fr\/#website","url":"https:\/\/lanzigroup.com\/handprotection\/fr\/","name":"Safety Systems Hand Protection","description":"","publisher":{"@id":"https:\/\/lanzigroup.com\/handprotection\/fr\/#organization"},"potentialAction":[{"@type":"SearchAction","target":{"@type":"EntryPoint","urlTemplate":"https:\/\/lanzigroup.com\/handprotection\/fr\/?s={search_term_string}"},"query-input":{"@type":"PropertyValueSpecification","valueRequired":true,"valueName":"search_term_string"}}],"inLanguage":"fr-FR"},{"@type":"Organization","@id":"https:\/\/lanzigroup.com\/handprotection\/fr\/#organization","name":"Safety Systems Hand Protection","url":"https:\/\/lanzigroup.com\/handprotection\/fr\/","logo":{"@type":"ImageObject","inLanguage":"fr-FR","@id":"https:\/\/lanzigroup.com\/handprotection\/fr\/#\/schema\/logo\/image\/","url":"https:\/\/lanzigroup.com\/handprotection\/wp-content\/uploads\/sites\/9\/2021\/09\/SS-hand-protecyion-1.png","contentUrl":"https:\/\/lanzigroup.com\/handprotection\/wp-content\/uploads\/sites\/9\/2021\/09\/SS-hand-protecyion-1.png","width":300,"height":146,"caption":"Safety Systems Hand Protection"},"image":{"@id":"https:\/\/lanzigroup.com\/handprotection\/fr\/#\/schema\/logo\/image\/"},"sameAs":["https:\/\/www.linkedin.com\/company\/lanzi-group\/","https:\/\/www.youtube.com\/channel\/UCnPuBpzneOCV6CzbmM5n5tw"]}]}},"_links":{"self":[{"href":"https:\/\/lanzigroup.com\/handprotection\/fr\/wp-json\/wp\/v2\/product\/137103","targetHints":{"allow":["GET"]}}],"collection":[{"href":"https:\/\/lanzigroup.com\/handprotection\/fr\/wp-json\/wp\/v2\/product"}],"about":[{"href":"https:\/\/lanzigroup.com\/handprotection\/fr\/wp-json\/wp\/v2\/types\/product"}],"replies":[{"embeddable":true,"href":"https:\/\/lanzigroup.com\/handprotection\/fr\/wp-json\/wp\/v2\/comments?post=137103"}],"wp:attachment":[{"href":"https:\/\/lanzigroup.com\/handprotection\/fr\/wp-json\/wp\/v2\/media?parent=137103"}],"wp:term":[{"taxonomy":"product_cat","embeddable":true,"href":"https:\/\/lanzigroup.com\/handprotection\/fr\/wp-json\/wp\/v2\/product_cat?post=137103"},{"taxonomy":"product_tag","embeddable":true,"href":"https:\/\/lanzigroup.com\/handprotection\/fr\/wp-json\/wp\/v2\/product_tag?post=137103"}],"curies":[{"name":"wp","href":"https:\/\/api.w.org\/{rel}","templated":true}]}}