{"id":137243,"date":"2024-11-15T10:01:13","date_gmt":"2024-11-15T10:01:13","guid":{"rendered":""},"modified":"2026-04-08T10:15:10","modified_gmt":"2026-04-08T10:15:10","slug":"gis955","status":"publish","type":"product","link":"https:\/\/lanzigroup.com\/handprotection\/fr\/produit\/gis955\/","title":{"rendered":"ISO-SKIN GIS955"},"content":{"rendered":"<p>Technologie de tricotage Iso-Shield : Coquille ultra-mince offrant une r\u00e9sistance maximale aux coupures, une dext\u00e9rit\u00e9 et une flexibilit\u00e9 in\u00e9gal\u00e9es.<br \/>Excellente r\u00e9sistance \u00e0 l'abrasion de l'enduction en polyur\u00e9thane<br \/>Enduction \u00e0 faible rejet de mati\u00e8re<br \/>Transpirabilit\u00e9 et grip en milieu sec<br \/>Compatible \u00e9crans tactiles<\/p>\n","protected":false},"excerpt":{"rendered":"<p>Technologie de tricotage Iso-Shield : Coquille ultra-mince offrant une r\u00e9sistance maximale aux coupures, une dext\u00e9rit\u00e9 et une flexibilit\u00e9 in\u00e9gal\u00e9es.<br \/>Excellente r\u00e9sistance \u00e0 l'abrasion de l'enduction en polyur\u00e9thane<br \/>Enduction \u00e0 faible rejet de mati\u00e8re<br \/>Transpirabilit\u00e9 et grip en milieu sec<br \/>Compatible \u00e9crans tactiles<\/p>\n","protected":false},"featured_media":0,"comment_status":"closed","ping_status":"closed","template":"","meta":[],"product_cat":[799],"product_tag":[],"class_list":{"0":"post-137243","1":"product","2":"type-product","3":"status-publish","5":"product_cat-gants-et-manchettes-resistants-a-la-coupure","7":"first","8":"instock","9":"shipping-taxable","10":"product-type-simple"},"acf":[],"yoast_head":"<!-- This site is optimized with the Yoast SEO plugin v24.3 - https:\/\/yoast.com\/wordpress\/plugins\/seo\/ -->\n<title>ISO-SKIN GIS955 - Safety Systems Hand Protection<\/title>\n<meta name=\"robots\" content=\"index, follow, max-snippet:-1, max-image-preview:large, max-video-preview:-1\" \/>\n<link rel=\"canonical\" href=\"https:\/\/lanzigroup.com\/handprotection\/fr\/produit\/gis955\/\" \/>\n<meta property=\"og:locale\" content=\"fr_FR\" \/>\n<meta property=\"og:type\" content=\"article\" \/>\n<meta property=\"og:title\" content=\"ISO-SKIN GIS955 - Safety Systems Hand Protection\" \/>\n<meta property=\"og:description\" content=\"Technologie de tricotage Iso-Shield : Coquille ultra-mince offrant une r\u00e9sistance maximale aux coupures, une dext\u00e9rit\u00e9 et une flexibilit\u00e9 in\u00e9gal\u00e9es.Excellente r\u00e9sistance \u00e0 l&#039;abrasion de l&#039;enduction en polyur\u00e9thaneEnduction \u00e0 faible rejet de mati\u00e8reTranspirabilit\u00e9 et grip en milieu secCompatible \u00e9crans tactiles\" \/>\n<meta property=\"og:url\" content=\"https:\/\/lanzigroup.com\/handprotection\/fr\/produit\/gis955\/\" \/>\n<meta property=\"og:site_name\" content=\"Safety Systems Hand Protection\" \/>\n<meta property=\"article:modified_time\" content=\"2026-04-08T10:15:10+00:00\" \/>\n<meta name=\"twitter:card\" content=\"summary_large_image\" \/>\n<script type=\"application\/ld+json\" class=\"yoast-schema-graph\">{\"@context\":\"https:\/\/schema.org\",\"@graph\":[{\"@type\":\"WebPage\",\"@id\":\"https:\/\/lanzigroup.com\/handprotection\/fr\/produit\/gis955\/\",\"url\":\"https:\/\/lanzigroup.com\/handprotection\/fr\/produit\/gis955\/\",\"name\":\"ISO-SKIN GIS955 - Safety Systems Hand Protection\",\"isPartOf\":{\"@id\":\"https:\/\/lanzigroup.com\/handprotection\/fr\/#website\"},\"datePublished\":\"2024-11-15T10:01:13+00:00\",\"dateModified\":\"2026-04-08T10:15:10+00:00\",\"breadcrumb\":{\"@id\":\"https:\/\/lanzigroup.com\/handprotection\/fr\/produit\/gis955\/#breadcrumb\"},\"inLanguage\":\"fr-FR\",\"potentialAction\":[{\"@type\":\"ReadAction\",\"target\":[\"https:\/\/lanzigroup.com\/handprotection\/fr\/produit\/gis955\/\"]}]},{\"@type\":\"BreadcrumbList\",\"@id\":\"https:\/\/lanzigroup.com\/handprotection\/fr\/produit\/gis955\/#breadcrumb\",\"itemListElement\":[{\"@type\":\"ListItem\",\"position\":1,\"name\":\"Lanzi\",\"item\":\"https:\/\/lanzigroup.com\/fr\/\"},{\"@type\":\"ListItem\",\"position\":2,\"name\":\"SS Hand Protection\",\"item\":\"https:\/\/lanzigroup.com\/handprotection\/fr\/\"},{\"@type\":\"ListItem\",\"position\":3,\"name\":\"Produits\",\"item\":\"https:\/\/lanzigroup.com\/handprotection\/fr\/produits\/\"},{\"@type\":\"ListItem\",\"position\":4,\"name\":\"Gants et manchettes r\u00e9sistants \u00e0 la coupure\",\"item\":\"https:\/\/lanzigroup.com\/handprotection\/fr\/c\/gants-et-manchettes-resistants-a-la-coupure\/\"},{\"@type\":\"ListItem\",\"position\":5,\"name\":\"ISO-SKIN GIS955\"}]},{\"@type\":\"WebSite\",\"@id\":\"https:\/\/lanzigroup.com\/handprotection\/fr\/#website\",\"url\":\"https:\/\/lanzigroup.com\/handprotection\/fr\/\",\"name\":\"Safety Systems Hand Protection\",\"description\":\"\",\"publisher\":{\"@id\":\"https:\/\/lanzigroup.com\/handprotection\/fr\/#organization\"},\"potentialAction\":[{\"@type\":\"SearchAction\",\"target\":{\"@type\":\"EntryPoint\",\"urlTemplate\":\"https:\/\/lanzigroup.com\/handprotection\/fr\/?s={search_term_string}\"},\"query-input\":{\"@type\":\"PropertyValueSpecification\",\"valueRequired\":true,\"valueName\":\"search_term_string\"}}],\"inLanguage\":\"fr-FR\"},{\"@type\":\"Organization\",\"@id\":\"https:\/\/lanzigroup.com\/handprotection\/fr\/#organization\",\"name\":\"Safety Systems Hand Protection\",\"url\":\"https:\/\/lanzigroup.com\/handprotection\/fr\/\",\"logo\":{\"@type\":\"ImageObject\",\"inLanguage\":\"fr-FR\",\"@id\":\"https:\/\/lanzigroup.com\/handprotection\/fr\/#\/schema\/logo\/image\/\",\"url\":\"https:\/\/lanzigroup.com\/handprotection\/wp-content\/uploads\/sites\/9\/2021\/09\/SS-hand-protecyion-1.png\",\"contentUrl\":\"https:\/\/lanzigroup.com\/handprotection\/wp-content\/uploads\/sites\/9\/2021\/09\/SS-hand-protecyion-1.png\",\"width\":300,\"height\":146,\"caption\":\"Safety Systems Hand Protection\"},\"image\":{\"@id\":\"https:\/\/lanzigroup.com\/handprotection\/fr\/#\/schema\/logo\/image\/\"},\"sameAs\":[\"https:\/\/www.linkedin.com\/company\/lanzi-group\/\",\"https:\/\/www.youtube.com\/channel\/UCnPuBpzneOCV6CzbmM5n5tw\"]}]}<\/script>\n<!-- \/ Yoast SEO plugin. -->","yoast_head_json":{"title":"ISO-SKIN GIS955 - Safety Systems Hand Protection","robots":{"index":"index","follow":"follow","max-snippet":"max-snippet:-1","max-image-preview":"max-image-preview:large","max-video-preview":"max-video-preview:-1"},"canonical":"https:\/\/lanzigroup.com\/handprotection\/fr\/produit\/gis955\/","og_locale":"fr_FR","og_type":"article","og_title":"ISO-SKIN GIS955 - Safety Systems Hand Protection","og_description":"Technologie de tricotage Iso-Shield : Coquille ultra-mince offrant une r\u00e9sistance maximale aux coupures, une dext\u00e9rit\u00e9 et une flexibilit\u00e9 in\u00e9gal\u00e9es.Excellente r\u00e9sistance \u00e0 l'abrasion de l'enduction en polyur\u00e9thaneEnduction \u00e0 faible rejet de mati\u00e8reTranspirabilit\u00e9 et grip en milieu secCompatible \u00e9crans tactiles","og_url":"https:\/\/lanzigroup.com\/handprotection\/fr\/produit\/gis955\/","og_site_name":"Safety Systems Hand Protection","article_modified_time":"2026-04-08T10:15:10+00:00","twitter_card":"summary_large_image","schema":{"@context":"https:\/\/schema.org","@graph":[{"@type":"WebPage","@id":"https:\/\/lanzigroup.com\/handprotection\/fr\/produit\/gis955\/","url":"https:\/\/lanzigroup.com\/handprotection\/fr\/produit\/gis955\/","name":"ISO-SKIN GIS955 - Safety Systems Hand Protection","isPartOf":{"@id":"https:\/\/lanzigroup.com\/handprotection\/fr\/#website"},"datePublished":"2024-11-15T10:01:13+00:00","dateModified":"2026-04-08T10:15:10+00:00","breadcrumb":{"@id":"https:\/\/lanzigroup.com\/handprotection\/fr\/produit\/gis955\/#breadcrumb"},"inLanguage":"fr-FR","potentialAction":[{"@type":"ReadAction","target":["https:\/\/lanzigroup.com\/handprotection\/fr\/produit\/gis955\/"]}]},{"@type":"BreadcrumbList","@id":"https:\/\/lanzigroup.com\/handprotection\/fr\/produit\/gis955\/#breadcrumb","itemListElement":[{"@type":"ListItem","position":1,"name":"Lanzi","item":"https:\/\/lanzigroup.com\/fr\/"},{"@type":"ListItem","position":2,"name":"SS Hand Protection","item":"https:\/\/lanzigroup.com\/handprotection\/fr\/"},{"@type":"ListItem","position":3,"name":"Produits","item":"https:\/\/lanzigroup.com\/handprotection\/fr\/produits\/"},{"@type":"ListItem","position":4,"name":"Gants et manchettes r\u00e9sistants \u00e0 la coupure","item":"https:\/\/lanzigroup.com\/handprotection\/fr\/c\/gants-et-manchettes-resistants-a-la-coupure\/"},{"@type":"ListItem","position":5,"name":"ISO-SKIN GIS955"}]},{"@type":"WebSite","@id":"https:\/\/lanzigroup.com\/handprotection\/fr\/#website","url":"https:\/\/lanzigroup.com\/handprotection\/fr\/","name":"Safety Systems Hand Protection","description":"","publisher":{"@id":"https:\/\/lanzigroup.com\/handprotection\/fr\/#organization"},"potentialAction":[{"@type":"SearchAction","target":{"@type":"EntryPoint","urlTemplate":"https:\/\/lanzigroup.com\/handprotection\/fr\/?s={search_term_string}"},"query-input":{"@type":"PropertyValueSpecification","valueRequired":true,"valueName":"search_term_string"}}],"inLanguage":"fr-FR"},{"@type":"Organization","@id":"https:\/\/lanzigroup.com\/handprotection\/fr\/#organization","name":"Safety Systems Hand Protection","url":"https:\/\/lanzigroup.com\/handprotection\/fr\/","logo":{"@type":"ImageObject","inLanguage":"fr-FR","@id":"https:\/\/lanzigroup.com\/handprotection\/fr\/#\/schema\/logo\/image\/","url":"https:\/\/lanzigroup.com\/handprotection\/wp-content\/uploads\/sites\/9\/2021\/09\/SS-hand-protecyion-1.png","contentUrl":"https:\/\/lanzigroup.com\/handprotection\/wp-content\/uploads\/sites\/9\/2021\/09\/SS-hand-protecyion-1.png","width":300,"height":146,"caption":"Safety Systems Hand Protection"},"image":{"@id":"https:\/\/lanzigroup.com\/handprotection\/fr\/#\/schema\/logo\/image\/"},"sameAs":["https:\/\/www.linkedin.com\/company\/lanzi-group\/","https:\/\/www.youtube.com\/channel\/UCnPuBpzneOCV6CzbmM5n5tw"]}]}},"_links":{"self":[{"href":"https:\/\/lanzigroup.com\/handprotection\/fr\/wp-json\/wp\/v2\/product\/137243","targetHints":{"allow":["GET"]}}],"collection":[{"href":"https:\/\/lanzigroup.com\/handprotection\/fr\/wp-json\/wp\/v2\/product"}],"about":[{"href":"https:\/\/lanzigroup.com\/handprotection\/fr\/wp-json\/wp\/v2\/types\/product"}],"replies":[{"embeddable":true,"href":"https:\/\/lanzigroup.com\/handprotection\/fr\/wp-json\/wp\/v2\/comments?post=137243"}],"wp:attachment":[{"href":"https:\/\/lanzigroup.com\/handprotection\/fr\/wp-json\/wp\/v2\/media?parent=137243"}],"wp:term":[{"taxonomy":"product_cat","embeddable":true,"href":"https:\/\/lanzigroup.com\/handprotection\/fr\/wp-json\/wp\/v2\/product_cat?post=137243"},{"taxonomy":"product_tag","embeddable":true,"href":"https:\/\/lanzigroup.com\/handprotection\/fr\/wp-json\/wp\/v2\/product_tag?post=137243"}],"curies":[{"name":"wp","href":"https:\/\/api.w.org\/{rel}","templated":true}]}}