{"id":137387,"date":"2020-07-09T19:15:20","date_gmt":"2020-07-09T17:15:20","guid":{"rendered":"https:\/\/lanzigroup.com\/handprotection\/guanti-protezione-meccanica\/guanti-manipolazione-pesante\/"},"modified":"2024-12-05T16:01:23","modified_gmt":"2024-12-05T15:01:23","slug":"rekawice-do-prac-ciezkich","status":"publish","type":"page","link":"https:\/\/lanzigroup.com\/handprotection\/pl\/rekawice-ochronne-mechaniczne\/rekawice-do-prac-ciezkich\/","title":{"rendered":"R\u0119kawice do prac ci\u0119\u017ckich"},"content":{"rendered":"","protected":false},"excerpt":{"rendered":"","protected":false},"author":13,"featured_media":0,"parent":137384,"menu_order":0,"comment_status":"closed","ping_status":"open","template":"elementor_header_footer","meta":{"footnotes":""},"class_list":["post-137387","page","type-page","status-publish","hentry"],"acf":[],"yoast_head":"<!-- This site is optimized with the Yoast SEO plugin v24.3 - https:\/\/yoast.com\/wordpress\/plugins\/seo\/ -->\n<title>R\u0119kawice do prac ci\u0119\u017ckich - Safety Systems Hand Protection<\/title>\n<meta name=\"description\" content=\"R\u0119kawice ochrony mechanicznej - R\u0119kawice do ci\u0119\u017ckich prac musz\u0105 chroni\u0107 operatora przed urazami spowodowanymi otarciem.\" \/>\n<meta name=\"robots\" content=\"index, follow, max-snippet:-1, max-image-preview:large, max-video-preview:-1\" \/>\n<link rel=\"canonical\" href=\"https:\/\/lanzigroup.com\/handprotection\/pl\/rekawice-ochronne-mechaniczne\/rekawice-do-prac-ciezkich\/\" \/>\n<meta property=\"og:locale\" content=\"pl_PL\" \/>\n<meta property=\"og:type\" content=\"article\" \/>\n<meta property=\"og:title\" content=\"R\u0119kawice do prac ci\u0119\u017ckich - Safety Systems Hand Protection\" \/>\n<meta property=\"og:description\" content=\"R\u0119kawice ochrony mechanicznej - R\u0119kawice do ci\u0119\u017ckich prac musz\u0105 chroni\u0107 operatora przed urazami spowodowanymi otarciem.\" \/>\n<meta property=\"og:url\" content=\"https:\/\/lanzigroup.com\/handprotection\/pl\/rekawice-ochronne-mechaniczne\/rekawice-do-prac-ciezkich\/\" \/>\n<meta property=\"og:site_name\" content=\"Safety Systems Hand Protection\" \/>\n<meta property=\"article:modified_time\" content=\"2024-12-05T15:01:23+00:00\" \/>\n<meta name=\"twitter:card\" content=\"summary_large_image\" \/>\n<script type=\"application\/ld+json\" class=\"yoast-schema-graph\">{\"@context\":\"https:\/\/schema.org\",\"@graph\":[{\"@type\":\"WebPage\",\"@id\":\"https:\/\/lanzigroup.com\/handprotection\/pl\/rekawice-ochronne-mechaniczne\/rekawice-do-prac-ciezkich\/\",\"url\":\"https:\/\/lanzigroup.com\/handprotection\/pl\/rekawice-ochronne-mechaniczne\/rekawice-do-prac-ciezkich\/\",\"name\":\"R\u0119kawice do prac ci\u0119\u017ckich - Safety Systems Hand Protection\",\"isPartOf\":{\"@id\":\"https:\/\/lanzigroup.com\/handprotection\/pl\/#website\"},\"datePublished\":\"2020-07-09T17:15:20+00:00\",\"dateModified\":\"2024-12-05T15:01:23+00:00\",\"description\":\"R\u0119kawice ochrony mechanicznej - R\u0119kawice do ci\u0119\u017ckich prac musz\u0105 chroni\u0107 operatora przed urazami spowodowanymi otarciem.\",\"breadcrumb\":{\"@id\":\"https:\/\/lanzigroup.com\/handprotection\/pl\/rekawice-ochronne-mechaniczne\/rekawice-do-prac-ciezkich\/#breadcrumb\"},\"inLanguage\":\"pl-PL\",\"potentialAction\":[{\"@type\":\"ReadAction\",\"target\":[\"https:\/\/lanzigroup.com\/handprotection\/pl\/rekawice-ochronne-mechaniczne\/rekawice-do-prac-ciezkich\/\"]}]},{\"@type\":\"BreadcrumbList\",\"@id\":\"https:\/\/lanzigroup.com\/handprotection\/pl\/rekawice-ochronne-mechaniczne\/rekawice-do-prac-ciezkich\/#breadcrumb\",\"itemListElement\":[{\"@type\":\"ListItem\",\"position\":1,\"name\":\"Lanzi\",\"item\":\"https:\/\/lanzigroup.com\/pl\/\"},{\"@type\":\"ListItem\",\"position\":2,\"name\":\"SS Hand Protection\",\"item\":\"https:\/\/lanzigroup.com\/handprotection\/pl\/\"},{\"@type\":\"ListItem\",\"position\":3,\"name\":\"R\u0119kawice ochronne mechaniczne\",\"item\":\"https:\/\/lanzigroup.com\/handprotection\/pl\/rekawice-ochronne-mechaniczne\/\"},{\"@type\":\"ListItem\",\"position\":4,\"name\":\"R\u0119kawice do prac ci\u0119\u017ckich\"}]},{\"@type\":\"WebSite\",\"@id\":\"https:\/\/lanzigroup.com\/handprotection\/pl\/#website\",\"url\":\"https:\/\/lanzigroup.com\/handprotection\/pl\/\",\"name\":\"Safety Systems Hand Protection\",\"description\":\"\",\"publisher\":{\"@id\":\"https:\/\/lanzigroup.com\/handprotection\/pl\/#organization\"},\"potentialAction\":[{\"@type\":\"SearchAction\",\"target\":{\"@type\":\"EntryPoint\",\"urlTemplate\":\"https:\/\/lanzigroup.com\/handprotection\/pl\/?s={search_term_string}\"},\"query-input\":{\"@type\":\"PropertyValueSpecification\",\"valueRequired\":true,\"valueName\":\"search_term_string\"}}],\"inLanguage\":\"pl-PL\"},{\"@type\":\"Organization\",\"@id\":\"https:\/\/lanzigroup.com\/handprotection\/pl\/#organization\",\"name\":\"Safety Systems Hand Protection\",\"url\":\"https:\/\/lanzigroup.com\/handprotection\/pl\/\",\"logo\":{\"@type\":\"ImageObject\",\"inLanguage\":\"pl-PL\",\"@id\":\"https:\/\/lanzigroup.com\/handprotection\/pl\/#\/schema\/logo\/image\/\",\"url\":\"https:\/\/lanzigroup.com\/handprotection\/wp-content\/uploads\/sites\/9\/2021\/09\/SS-hand-protecyion-1.png\",\"contentUrl\":\"https:\/\/lanzigroup.com\/handprotection\/wp-content\/uploads\/sites\/9\/2021\/09\/SS-hand-protecyion-1.png\",\"width\":300,\"height\":146,\"caption\":\"Safety Systems Hand Protection\"},\"image\":{\"@id\":\"https:\/\/lanzigroup.com\/handprotection\/pl\/#\/schema\/logo\/image\/\"},\"sameAs\":[\"https:\/\/www.linkedin.com\/company\/lanzi-group\/\",\"https:\/\/www.youtube.com\/channel\/UCnPuBpzneOCV6CzbmM5n5tw\"]}]}<\/script>\n<!-- \/ Yoast SEO plugin. -->","yoast_head_json":{"title":"R\u0119kawice do prac ci\u0119\u017ckich - Safety Systems Hand Protection","description":"R\u0119kawice ochrony mechanicznej - R\u0119kawice do ci\u0119\u017ckich prac musz\u0105 chroni\u0107 operatora przed urazami spowodowanymi otarciem.","robots":{"index":"index","follow":"follow","max-snippet":"max-snippet:-1","max-image-preview":"max-image-preview:large","max-video-preview":"max-video-preview:-1"},"canonical":"https:\/\/lanzigroup.com\/handprotection\/pl\/rekawice-ochronne-mechaniczne\/rekawice-do-prac-ciezkich\/","og_locale":"pl_PL","og_type":"article","og_title":"R\u0119kawice do prac ci\u0119\u017ckich - Safety Systems Hand Protection","og_description":"R\u0119kawice ochrony mechanicznej - R\u0119kawice do ci\u0119\u017ckich prac musz\u0105 chroni\u0107 operatora przed urazami spowodowanymi otarciem.","og_url":"https:\/\/lanzigroup.com\/handprotection\/pl\/rekawice-ochronne-mechaniczne\/rekawice-do-prac-ciezkich\/","og_site_name":"Safety Systems Hand Protection","article_modified_time":"2024-12-05T15:01:23+00:00","twitter_card":"summary_large_image","schema":{"@context":"https:\/\/schema.org","@graph":[{"@type":"WebPage","@id":"https:\/\/lanzigroup.com\/handprotection\/pl\/rekawice-ochronne-mechaniczne\/rekawice-do-prac-ciezkich\/","url":"https:\/\/lanzigroup.com\/handprotection\/pl\/rekawice-ochronne-mechaniczne\/rekawice-do-prac-ciezkich\/","name":"R\u0119kawice do prac ci\u0119\u017ckich - Safety Systems Hand Protection","isPartOf":{"@id":"https:\/\/lanzigroup.com\/handprotection\/pl\/#website"},"datePublished":"2020-07-09T17:15:20+00:00","dateModified":"2024-12-05T15:01:23+00:00","description":"R\u0119kawice ochrony mechanicznej - R\u0119kawice do ci\u0119\u017ckich prac musz\u0105 chroni\u0107 operatora przed urazami spowodowanymi otarciem.","breadcrumb":{"@id":"https:\/\/lanzigroup.com\/handprotection\/pl\/rekawice-ochronne-mechaniczne\/rekawice-do-prac-ciezkich\/#breadcrumb"},"inLanguage":"pl-PL","potentialAction":[{"@type":"ReadAction","target":["https:\/\/lanzigroup.com\/handprotection\/pl\/rekawice-ochronne-mechaniczne\/rekawice-do-prac-ciezkich\/"]}]},{"@type":"BreadcrumbList","@id":"https:\/\/lanzigroup.com\/handprotection\/pl\/rekawice-ochronne-mechaniczne\/rekawice-do-prac-ciezkich\/#breadcrumb","itemListElement":[{"@type":"ListItem","position":1,"name":"Lanzi","item":"https:\/\/lanzigroup.com\/pl\/"},{"@type":"ListItem","position":2,"name":"SS Hand Protection","item":"https:\/\/lanzigroup.com\/handprotection\/pl\/"},{"@type":"ListItem","position":3,"name":"R\u0119kawice ochronne mechaniczne","item":"https:\/\/lanzigroup.com\/handprotection\/pl\/rekawice-ochronne-mechaniczne\/"},{"@type":"ListItem","position":4,"name":"R\u0119kawice do prac ci\u0119\u017ckich"}]},{"@type":"WebSite","@id":"https:\/\/lanzigroup.com\/handprotection\/pl\/#website","url":"https:\/\/lanzigroup.com\/handprotection\/pl\/","name":"Safety Systems Hand Protection","description":"","publisher":{"@id":"https:\/\/lanzigroup.com\/handprotection\/pl\/#organization"},"potentialAction":[{"@type":"SearchAction","target":{"@type":"EntryPoint","urlTemplate":"https:\/\/lanzigroup.com\/handprotection\/pl\/?s={search_term_string}"},"query-input":{"@type":"PropertyValueSpecification","valueRequired":true,"valueName":"search_term_string"}}],"inLanguage":"pl-PL"},{"@type":"Organization","@id":"https:\/\/lanzigroup.com\/handprotection\/pl\/#organization","name":"Safety Systems Hand Protection","url":"https:\/\/lanzigroup.com\/handprotection\/pl\/","logo":{"@type":"ImageObject","inLanguage":"pl-PL","@id":"https:\/\/lanzigroup.com\/handprotection\/pl\/#\/schema\/logo\/image\/","url":"https:\/\/lanzigroup.com\/handprotection\/wp-content\/uploads\/sites\/9\/2021\/09\/SS-hand-protecyion-1.png","contentUrl":"https:\/\/lanzigroup.com\/handprotection\/wp-content\/uploads\/sites\/9\/2021\/09\/SS-hand-protecyion-1.png","width":300,"height":146,"caption":"Safety Systems Hand Protection"},"image":{"@id":"https:\/\/lanzigroup.com\/handprotection\/pl\/#\/schema\/logo\/image\/"},"sameAs":["https:\/\/www.linkedin.com\/company\/lanzi-group\/","https:\/\/www.youtube.com\/channel\/UCnPuBpzneOCV6CzbmM5n5tw"]}]}},"_links":{"self":[{"href":"https:\/\/lanzigroup.com\/handprotection\/pl\/wp-json\/wp\/v2\/pages\/137387","targetHints":{"allow":["GET"]}}],"collection":[{"href":"https:\/\/lanzigroup.com\/handprotection\/pl\/wp-json\/wp\/v2\/pages"}],"about":[{"href":"https:\/\/lanzigroup.com\/handprotection\/pl\/wp-json\/wp\/v2\/types\/page"}],"author":[{"embeddable":true,"href":"https:\/\/lanzigroup.com\/handprotection\/pl\/wp-json\/wp\/v2\/users\/13"}],"replies":[{"embeddable":true,"href":"https:\/\/lanzigroup.com\/handprotection\/pl\/wp-json\/wp\/v2\/comments?post=137387"}],"version-history":[{"count":3,"href":"https:\/\/lanzigroup.com\/handprotection\/pl\/wp-json\/wp\/v2\/pages\/137387\/revisions"}],"predecessor-version":[{"id":137481,"href":"https:\/\/lanzigroup.com\/handprotection\/pl\/wp-json\/wp\/v2\/pages\/137387\/revisions\/137481"}],"up":[{"embeddable":true,"href":"https:\/\/lanzigroup.com\/handprotection\/pl\/wp-json\/wp\/v2\/pages\/137384"}],"wp:attachment":[{"href":"https:\/\/lanzigroup.com\/handprotection\/pl\/wp-json\/wp\/v2\/media?parent=137387"}],"curies":[{"name":"wp","href":"https:\/\/api.w.org\/{rel}","templated":true}]}}