{"id":137020,"date":"2024-11-15T10:01:12","date_gmt":"2024-11-15T10:01:12","guid":{"rendered":""},"modified":"2026-04-02T15:15:10","modified_gmt":"2026-04-02T15:15:10","slug":"gdy335g","status":"publish","type":"product","link":"https:\/\/lanzigroup.com\/handprotection\/pl\/produkty\/gdy335g\/","title":{"rendered":"GDY335G"},"content":{"rendered":"<p>Advanced Knitting Technology zapewniaj\u0105ca wi\u0119ksz\u0105 elastyczno\u015b\u0107 i wygod\u0119 podczas najbardziej delikatnych prac<br \/>Dzianina z cienkiej prz\u0119dzy technicznej zapewnia du\u017c\u0105 zr\u0119czno\u015b\u0107 i wra\u017cliwo\u015b\u0107 dotykow\u0105 podczas prac precyzyjnych<br \/>G\u0119sto\u015b\u0107 siatki ogranicza wnikanie kurzu od ty\u0142u, nawet w bardzo suchym i brudnym \u015brodowisku<\/p>\n<p>Szwy z nici para-aramidowej (podw\u00f3jne na opuszkach palc\u00f3w) zapewniaj\u0105ce przed\u0142u\u017con\u0105 trwa\u0142o\u015b\u0107<\/p>\n<p><\/p>\n<p>Odporno\u015b\u0107 na ciep\u0142o kontaktowe 1 (100 \u00b0C przez przynajmniej 15 sekund)<\/p>\n<p><\/p>\n<p>Elastyczny mankiet o zwi\u0119kszonej d\u0142ugo\u015bci<\/p>\n","protected":false},"excerpt":{"rendered":"<p>Advanced Knitting Technology zapewniaj\u0105ca wi\u0119ksz\u0105 elastyczno\u015b\u0107 i wygod\u0119 podczas najbardziej delikatnych prac<br \/>Dzianina z cienkiej prz\u0119dzy technicznej zapewnia du\u017c\u0105 zr\u0119czno\u015b\u0107 i wra\u017cliwo\u015b\u0107 dotykow\u0105 podczas prac precyzyjnych<br \/>G\u0119sto\u015b\u0107 siatki ogranicza wnikanie kurzu od ty\u0142u, nawet w bardzo suchym i brudnym \u015brodowisku<\/p>\n<p>Szwy z nici para-aramidowej (podw\u00f3jne na opuszkach palc\u00f3w) zapewniaj\u0105ce przed\u0142u\u017con\u0105 trwa\u0142o\u015b\u0107<\/p>\n<p><\/p>\n<p>Odporno\u015b\u0107 na ciep\u0142o kontaktowe 1 (100 \u00b0C przez przynajmniej 15 sekund)<\/p>\n<p><\/p>\n<p>Elastyczny mankiet o zwi\u0119kszonej d\u0142ugo\u015bci<\/p>\n","protected":false},"featured_media":0,"comment_status":"closed","ping_status":"closed","template":"","meta":[],"product_cat":[800],"product_tag":[],"class_list":{"0":"post-137020","1":"product","2":"type-product","3":"status-publish","5":"product_cat-rekawice-odporne-na-przeciecia","7":"first","8":"instock","9":"shipping-taxable","10":"product-type-simple"},"acf":[],"yoast_head":"<!-- This site is optimized with the Yoast SEO plugin v24.3 - https:\/\/yoast.com\/wordpress\/plugins\/seo\/ -->\n<title>GDY335G - Safety Systems Hand Protection<\/title>\n<meta name=\"robots\" content=\"index, follow, max-snippet:-1, max-image-preview:large, max-video-preview:-1\" \/>\n<link rel=\"canonical\" href=\"https:\/\/lanzigroup.com\/handprotection\/pl\/produkty\/gdy335g\/\" \/>\n<meta property=\"og:locale\" content=\"pl_PL\" \/>\n<meta property=\"og:type\" content=\"article\" \/>\n<meta property=\"og:title\" content=\"GDY335G - Safety Systems Hand Protection\" \/>\n<meta property=\"og:description\" content=\"Advanced Knitting Technology zapewniaj\u0105ca wi\u0119ksz\u0105 elastyczno\u015b\u0107 i wygod\u0119 podczas najbardziej delikatnych pracDzianina z cienkiej prz\u0119dzy technicznej zapewnia du\u017c\u0105 zr\u0119czno\u015b\u0107 i wra\u017cliwo\u015b\u0107 dotykow\u0105 podczas prac precyzyjnychG\u0119sto\u015b\u0107 siatki ogranicza wnikanie kurzu od ty\u0142u, nawet w bardzo suchym i brudnym \u015brodowiskuSzwy z nici para-aramidowej (podw\u00f3jne na opuszkach palc\u00f3w) zapewniaj\u0105ce przed\u0142u\u017con\u0105 trwa\u0142o\u015b\u0107Odporno\u015b\u0107 na ciep\u0142o kontaktowe 1 (100 \u00b0C przez przynajmniej 15 sekund)Elastyczny mankiet o zwi\u0119kszonej d\u0142ugo\u015bci\" \/>\n<meta property=\"og:url\" content=\"https:\/\/lanzigroup.com\/handprotection\/pl\/produkty\/gdy335g\/\" \/>\n<meta property=\"og:site_name\" content=\"Safety Systems Hand Protection\" \/>\n<meta property=\"article:modified_time\" content=\"2026-04-02T15:15:10+00:00\" \/>\n<meta name=\"twitter:card\" content=\"summary_large_image\" \/>\n<script type=\"application\/ld+json\" class=\"yoast-schema-graph\">{\"@context\":\"https:\/\/schema.org\",\"@graph\":[{\"@type\":\"WebPage\",\"@id\":\"https:\/\/lanzigroup.com\/handprotection\/pl\/produkty\/gdy335g\/\",\"url\":\"https:\/\/lanzigroup.com\/handprotection\/pl\/produkty\/gdy335g\/\",\"name\":\"GDY335G - Safety Systems Hand Protection\",\"isPartOf\":{\"@id\":\"https:\/\/lanzigroup.com\/handprotection\/pl\/#website\"},\"datePublished\":\"2024-11-15T10:01:12+00:00\",\"dateModified\":\"2026-04-02T15:15:10+00:00\",\"breadcrumb\":{\"@id\":\"https:\/\/lanzigroup.com\/handprotection\/pl\/produkty\/gdy335g\/#breadcrumb\"},\"inLanguage\":\"pl-PL\",\"potentialAction\":[{\"@type\":\"ReadAction\",\"target\":[\"https:\/\/lanzigroup.com\/handprotection\/pl\/produkty\/gdy335g\/\"]}]},{\"@type\":\"BreadcrumbList\",\"@id\":\"https:\/\/lanzigroup.com\/handprotection\/pl\/produkty\/gdy335g\/#breadcrumb\",\"itemListElement\":[{\"@type\":\"ListItem\",\"position\":1,\"name\":\"Lanzi\",\"item\":\"https:\/\/lanzigroup.com\/pl\/\"},{\"@type\":\"ListItem\",\"position\":2,\"name\":\"SS Hand Protection\",\"item\":\"https:\/\/lanzigroup.com\/handprotection\/pl\/\"},{\"@type\":\"ListItem\",\"position\":3,\"name\":\"Produkty\",\"item\":\"https:\/\/lanzigroup.com\/handprotection\/pl\/produkty\/\"},{\"@type\":\"ListItem\",\"position\":4,\"name\":\"R\u0119kawice odporne na przeci\u0119cia\",\"item\":\"https:\/\/lanzigroup.com\/handprotection\/pl\/c\/rekawice-odporne-na-przeciecia\/\"},{\"@type\":\"ListItem\",\"position\":5,\"name\":\"GDY335G\"}]},{\"@type\":\"WebSite\",\"@id\":\"https:\/\/lanzigroup.com\/handprotection\/pl\/#website\",\"url\":\"https:\/\/lanzigroup.com\/handprotection\/pl\/\",\"name\":\"Safety Systems Hand Protection\",\"description\":\"\",\"publisher\":{\"@id\":\"https:\/\/lanzigroup.com\/handprotection\/pl\/#organization\"},\"potentialAction\":[{\"@type\":\"SearchAction\",\"target\":{\"@type\":\"EntryPoint\",\"urlTemplate\":\"https:\/\/lanzigroup.com\/handprotection\/pl\/?s={search_term_string}\"},\"query-input\":{\"@type\":\"PropertyValueSpecification\",\"valueRequired\":true,\"valueName\":\"search_term_string\"}}],\"inLanguage\":\"pl-PL\"},{\"@type\":\"Organization\",\"@id\":\"https:\/\/lanzigroup.com\/handprotection\/pl\/#organization\",\"name\":\"Safety Systems Hand Protection\",\"url\":\"https:\/\/lanzigroup.com\/handprotection\/pl\/\",\"logo\":{\"@type\":\"ImageObject\",\"inLanguage\":\"pl-PL\",\"@id\":\"https:\/\/lanzigroup.com\/handprotection\/pl\/#\/schema\/logo\/image\/\",\"url\":\"https:\/\/lanzigroup.com\/handprotection\/wp-content\/uploads\/sites\/9\/2021\/09\/SS-hand-protecyion-1.png\",\"contentUrl\":\"https:\/\/lanzigroup.com\/handprotection\/wp-content\/uploads\/sites\/9\/2021\/09\/SS-hand-protecyion-1.png\",\"width\":300,\"height\":146,\"caption\":\"Safety Systems Hand Protection\"},\"image\":{\"@id\":\"https:\/\/lanzigroup.com\/handprotection\/pl\/#\/schema\/logo\/image\/\"},\"sameAs\":[\"https:\/\/www.linkedin.com\/company\/lanzi-group\/\",\"https:\/\/www.youtube.com\/channel\/UCnPuBpzneOCV6CzbmM5n5tw\"]}]}<\/script>\n<!-- \/ Yoast SEO plugin. -->","yoast_head_json":{"title":"GDY335G - Safety Systems Hand Protection","robots":{"index":"index","follow":"follow","max-snippet":"max-snippet:-1","max-image-preview":"max-image-preview:large","max-video-preview":"max-video-preview:-1"},"canonical":"https:\/\/lanzigroup.com\/handprotection\/pl\/produkty\/gdy335g\/","og_locale":"pl_PL","og_type":"article","og_title":"GDY335G - Safety Systems Hand Protection","og_description":"Advanced Knitting Technology zapewniaj\u0105ca wi\u0119ksz\u0105 elastyczno\u015b\u0107 i wygod\u0119 podczas najbardziej delikatnych pracDzianina z cienkiej prz\u0119dzy technicznej zapewnia du\u017c\u0105 zr\u0119czno\u015b\u0107 i wra\u017cliwo\u015b\u0107 dotykow\u0105 podczas prac precyzyjnychG\u0119sto\u015b\u0107 siatki ogranicza wnikanie kurzu od ty\u0142u, nawet w bardzo suchym i brudnym \u015brodowiskuSzwy z nici para-aramidowej (podw\u00f3jne na opuszkach palc\u00f3w) zapewniaj\u0105ce przed\u0142u\u017con\u0105 trwa\u0142o\u015b\u0107Odporno\u015b\u0107 na ciep\u0142o kontaktowe 1 (100 \u00b0C przez przynajmniej 15 sekund)Elastyczny mankiet o zwi\u0119kszonej d\u0142ugo\u015bci","og_url":"https:\/\/lanzigroup.com\/handprotection\/pl\/produkty\/gdy335g\/","og_site_name":"Safety Systems Hand Protection","article_modified_time":"2026-04-02T15:15:10+00:00","twitter_card":"summary_large_image","schema":{"@context":"https:\/\/schema.org","@graph":[{"@type":"WebPage","@id":"https:\/\/lanzigroup.com\/handprotection\/pl\/produkty\/gdy335g\/","url":"https:\/\/lanzigroup.com\/handprotection\/pl\/produkty\/gdy335g\/","name":"GDY335G - Safety Systems Hand Protection","isPartOf":{"@id":"https:\/\/lanzigroup.com\/handprotection\/pl\/#website"},"datePublished":"2024-11-15T10:01:12+00:00","dateModified":"2026-04-02T15:15:10+00:00","breadcrumb":{"@id":"https:\/\/lanzigroup.com\/handprotection\/pl\/produkty\/gdy335g\/#breadcrumb"},"inLanguage":"pl-PL","potentialAction":[{"@type":"ReadAction","target":["https:\/\/lanzigroup.com\/handprotection\/pl\/produkty\/gdy335g\/"]}]},{"@type":"BreadcrumbList","@id":"https:\/\/lanzigroup.com\/handprotection\/pl\/produkty\/gdy335g\/#breadcrumb","itemListElement":[{"@type":"ListItem","position":1,"name":"Lanzi","item":"https:\/\/lanzigroup.com\/pl\/"},{"@type":"ListItem","position":2,"name":"SS Hand Protection","item":"https:\/\/lanzigroup.com\/handprotection\/pl\/"},{"@type":"ListItem","position":3,"name":"Produkty","item":"https:\/\/lanzigroup.com\/handprotection\/pl\/produkty\/"},{"@type":"ListItem","position":4,"name":"R\u0119kawice odporne na przeci\u0119cia","item":"https:\/\/lanzigroup.com\/handprotection\/pl\/c\/rekawice-odporne-na-przeciecia\/"},{"@type":"ListItem","position":5,"name":"GDY335G"}]},{"@type":"WebSite","@id":"https:\/\/lanzigroup.com\/handprotection\/pl\/#website","url":"https:\/\/lanzigroup.com\/handprotection\/pl\/","name":"Safety Systems Hand Protection","description":"","publisher":{"@id":"https:\/\/lanzigroup.com\/handprotection\/pl\/#organization"},"potentialAction":[{"@type":"SearchAction","target":{"@type":"EntryPoint","urlTemplate":"https:\/\/lanzigroup.com\/handprotection\/pl\/?s={search_term_string}"},"query-input":{"@type":"PropertyValueSpecification","valueRequired":true,"valueName":"search_term_string"}}],"inLanguage":"pl-PL"},{"@type":"Organization","@id":"https:\/\/lanzigroup.com\/handprotection\/pl\/#organization","name":"Safety Systems Hand Protection","url":"https:\/\/lanzigroup.com\/handprotection\/pl\/","logo":{"@type":"ImageObject","inLanguage":"pl-PL","@id":"https:\/\/lanzigroup.com\/handprotection\/pl\/#\/schema\/logo\/image\/","url":"https:\/\/lanzigroup.com\/handprotection\/wp-content\/uploads\/sites\/9\/2021\/09\/SS-hand-protecyion-1.png","contentUrl":"https:\/\/lanzigroup.com\/handprotection\/wp-content\/uploads\/sites\/9\/2021\/09\/SS-hand-protecyion-1.png","width":300,"height":146,"caption":"Safety Systems Hand Protection"},"image":{"@id":"https:\/\/lanzigroup.com\/handprotection\/pl\/#\/schema\/logo\/image\/"},"sameAs":["https:\/\/www.linkedin.com\/company\/lanzi-group\/","https:\/\/www.youtube.com\/channel\/UCnPuBpzneOCV6CzbmM5n5tw"]}]}},"_links":{"self":[{"href":"https:\/\/lanzigroup.com\/handprotection\/pl\/wp-json\/wp\/v2\/product\/137020","targetHints":{"allow":["GET"]}}],"collection":[{"href":"https:\/\/lanzigroup.com\/handprotection\/pl\/wp-json\/wp\/v2\/product"}],"about":[{"href":"https:\/\/lanzigroup.com\/handprotection\/pl\/wp-json\/wp\/v2\/types\/product"}],"replies":[{"embeddable":true,"href":"https:\/\/lanzigroup.com\/handprotection\/pl\/wp-json\/wp\/v2\/comments?post=137020"}],"wp:attachment":[{"href":"https:\/\/lanzigroup.com\/handprotection\/pl\/wp-json\/wp\/v2\/media?parent=137020"}],"wp:term":[{"taxonomy":"product_cat","embeddable":true,"href":"https:\/\/lanzigroup.com\/handprotection\/pl\/wp-json\/wp\/v2\/product_cat?post=137020"},{"taxonomy":"product_tag","embeddable":true,"href":"https:\/\/lanzigroup.com\/handprotection\/pl\/wp-json\/wp\/v2\/product_tag?post=137020"}],"curies":[{"name":"wp","href":"https:\/\/api.w.org\/{rel}","templated":true}]}}