{"id":137061,"date":"2024-11-15T10:01:12","date_gmt":"2024-11-15T10:01:12","guid":{"rendered":""},"modified":"2026-04-02T15:15:10","modified_gmt":"2026-04-02T15:15:10","slug":"gdy460g","status":"publish","type":"product","link":"https:\/\/lanzigroup.com\/handprotection\/prodotto\/gdy460g\/","title":{"rendered":"GDY460G"},"content":{"rendered":"<p>Doppio strato per assicurare impermeabilit\u00e0 e grip in ambiente umido\/oleoso<br \/>Migliore presa in presenza di residui d'olio grazie al rinforzo sul palmo in pelle fiore<br \/>Rivestimento in nitrile impermeabile agli oli e benzine<br \/>Advanced Knitting Technology per una maggiore flessibilit\u00e0 e confort nelle manipolazioni pi\u00f9 delicate<br \/>Eccellente destrezza e tattilit\u00e0 grazie alla maglia in filato tecnico fine<br \/>Cuciture in filo para-aramidico (doppia sui polpastrelli) per una durabilit\u00e0 prolungata<\/p>\n<p>Resistenza al calore da contatto 1 (100 \u00b0C per almeno 15 secondi)<\/p>\n","protected":false},"excerpt":{"rendered":"<p>Doppio strato per assicurare impermeabilit\u00e0 e grip in ambiente umido\/oleoso<br \/>Migliore presa in presenza di residui d'olio grazie al rinforzo sul palmo in pelle fiore<br \/>Rivestimento in nitrile impermeabile agli oli e benzine<br \/>Advanced Knitting Technology per una maggiore flessibilit\u00e0 e confort nelle manipolazioni pi\u00f9 delicate<br \/>Eccellente destrezza e tattilit\u00e0 grazie alla maglia in filato tecnico fine<br \/>Cuciture in filo para-aramidico (doppia sui polpastrelli) per una durabilit\u00e0 prolungata<\/p>\n<p>Resistenza al calore da contatto 1 (100 \u00b0C per almeno 15 secondi)<\/p>\n","protected":false},"featured_media":0,"comment_status":"closed","ping_status":"closed","template":"","meta":[],"product_cat":[797],"product_tag":[],"class_list":{"0":"post-137061","1":"product","2":"type-product","3":"status-publish","5":"product_cat-guanti-e-manicotti-resistenti-al-taglio","7":"first","8":"instock","9":"shipping-taxable","10":"product-type-simple"},"acf":[],"yoast_head":"<!-- This site is optimized with the Yoast SEO plugin v24.3 - https:\/\/yoast.com\/wordpress\/plugins\/seo\/ -->\n<title>GDY460G - Safety Systems Hand Protection<\/title>\n<meta name=\"robots\" content=\"index, follow, max-snippet:-1, max-image-preview:large, max-video-preview:-1\" \/>\n<link rel=\"canonical\" href=\"https:\/\/lanzigroup.com\/handprotection\/prodotto\/gdy460g\/\" \/>\n<meta property=\"og:locale\" content=\"it_IT\" \/>\n<meta property=\"og:type\" content=\"article\" \/>\n<meta property=\"og:title\" content=\"GDY460G - Safety Systems Hand Protection\" \/>\n<meta property=\"og:description\" content=\"Doppio strato per assicurare impermeabilit\u00e0 e grip in ambiente umido\/oleosoMigliore presa in presenza di residui d&#039;olio grazie al rinforzo sul palmo in pelle fioreRivestimento in nitrile impermeabile agli oli e benzineAdvanced Knitting Technology per una maggiore flessibilit\u00e0 e confort nelle manipolazioni pi\u00f9 delicateEccellente destrezza e tattilit\u00e0 grazie alla maglia in filato tecnico fineCuciture in filo para-aramidico (doppia sui polpastrelli) per una durabilit\u00e0 prolungataResistenza al calore da contatto 1 (100 \u00b0C per almeno 15 secondi)\" \/>\n<meta property=\"og:url\" content=\"https:\/\/lanzigroup.com\/handprotection\/prodotto\/gdy460g\/\" \/>\n<meta property=\"og:site_name\" content=\"Safety Systems Hand Protection\" \/>\n<meta property=\"article:modified_time\" content=\"2026-04-02T15:15:10+00:00\" \/>\n<meta name=\"twitter:card\" content=\"summary_large_image\" \/>\n<script type=\"application\/ld+json\" class=\"yoast-schema-graph\">{\"@context\":\"https:\/\/schema.org\",\"@graph\":[{\"@type\":\"WebPage\",\"@id\":\"https:\/\/lanzigroup.com\/handprotection\/prodotto\/gdy460g\/\",\"url\":\"https:\/\/lanzigroup.com\/handprotection\/prodotto\/gdy460g\/\",\"name\":\"GDY460G - Safety Systems Hand Protection\",\"isPartOf\":{\"@id\":\"https:\/\/lanzigroup.com\/handprotection\/#website\"},\"datePublished\":\"2024-11-15T10:01:12+00:00\",\"dateModified\":\"2026-04-02T15:15:10+00:00\",\"breadcrumb\":{\"@id\":\"https:\/\/lanzigroup.com\/handprotection\/prodotto\/gdy460g\/#breadcrumb\"},\"inLanguage\":\"it-IT\",\"potentialAction\":[{\"@type\":\"ReadAction\",\"target\":[\"https:\/\/lanzigroup.com\/handprotection\/prodotto\/gdy460g\/\"]}]},{\"@type\":\"BreadcrumbList\",\"@id\":\"https:\/\/lanzigroup.com\/handprotection\/prodotto\/gdy460g\/#breadcrumb\",\"itemListElement\":[{\"@type\":\"ListItem\",\"position\":1,\"name\":\"Lanzi\",\"item\":\"https:\/\/lanzigroup.com\/\"},{\"@type\":\"ListItem\",\"position\":2,\"name\":\"SS Hand Protection\",\"item\":\"https:\/\/lanzigroup.com\/handprotection\/\"},{\"@type\":\"ListItem\",\"position\":3,\"name\":\"Prodotti\",\"item\":\"https:\/\/lanzigroup.com\/handprotection\/prodotti\/\"},{\"@type\":\"ListItem\",\"position\":4,\"name\":\"Guanti e manicotti resistenti al taglio\",\"item\":\"https:\/\/lanzigroup.com\/handprotection\/c\/guanti-e-manicotti-resistenti-al-taglio\/\"},{\"@type\":\"ListItem\",\"position\":5,\"name\":\"GDY460G\"}]},{\"@type\":\"WebSite\",\"@id\":\"https:\/\/lanzigroup.com\/handprotection\/#website\",\"url\":\"https:\/\/lanzigroup.com\/handprotection\/\",\"name\":\"Safety Systems Hand Protection\",\"description\":\"\",\"publisher\":{\"@id\":\"https:\/\/lanzigroup.com\/handprotection\/#organization\"},\"potentialAction\":[{\"@type\":\"SearchAction\",\"target\":{\"@type\":\"EntryPoint\",\"urlTemplate\":\"https:\/\/lanzigroup.com\/handprotection\/?s={search_term_string}\"},\"query-input\":{\"@type\":\"PropertyValueSpecification\",\"valueRequired\":true,\"valueName\":\"search_term_string\"}}],\"inLanguage\":\"it-IT\"},{\"@type\":\"Organization\",\"@id\":\"https:\/\/lanzigroup.com\/handprotection\/#organization\",\"name\":\"Safety Systems Hand Protection\",\"url\":\"https:\/\/lanzigroup.com\/handprotection\/\",\"logo\":{\"@type\":\"ImageObject\",\"inLanguage\":\"it-IT\",\"@id\":\"https:\/\/lanzigroup.com\/handprotection\/#\/schema\/logo\/image\/\",\"url\":\"https:\/\/lanzigroup.com\/handprotection\/wp-content\/uploads\/sites\/9\/2021\/09\/SS-hand-protecyion-1.png\",\"contentUrl\":\"https:\/\/lanzigroup.com\/handprotection\/wp-content\/uploads\/sites\/9\/2021\/09\/SS-hand-protecyion-1.png\",\"width\":300,\"height\":146,\"caption\":\"Safety Systems Hand Protection\"},\"image\":{\"@id\":\"https:\/\/lanzigroup.com\/handprotection\/#\/schema\/logo\/image\/\"},\"sameAs\":[\"https:\/\/www.linkedin.com\/company\/lanzi-group\/\",\"https:\/\/www.youtube.com\/channel\/UCnPuBpzneOCV6CzbmM5n5tw\"]}]}<\/script>\n<!-- \/ Yoast SEO plugin. -->","yoast_head_json":{"title":"GDY460G - Safety Systems Hand Protection","robots":{"index":"index","follow":"follow","max-snippet":"max-snippet:-1","max-image-preview":"max-image-preview:large","max-video-preview":"max-video-preview:-1"},"canonical":"https:\/\/lanzigroup.com\/handprotection\/prodotto\/gdy460g\/","og_locale":"it_IT","og_type":"article","og_title":"GDY460G - Safety Systems Hand Protection","og_description":"Doppio strato per assicurare impermeabilit\u00e0 e grip in ambiente umido\/oleosoMigliore presa in presenza di residui d'olio grazie al rinforzo sul palmo in pelle fioreRivestimento in nitrile impermeabile agli oli e benzineAdvanced Knitting Technology per una maggiore flessibilit\u00e0 e confort nelle manipolazioni pi\u00f9 delicateEccellente destrezza e tattilit\u00e0 grazie alla maglia in filato tecnico fineCuciture in filo para-aramidico (doppia sui polpastrelli) per una durabilit\u00e0 prolungataResistenza al calore da contatto 1 (100 \u00b0C per almeno 15 secondi)","og_url":"https:\/\/lanzigroup.com\/handprotection\/prodotto\/gdy460g\/","og_site_name":"Safety Systems Hand Protection","article_modified_time":"2026-04-02T15:15:10+00:00","twitter_card":"summary_large_image","schema":{"@context":"https:\/\/schema.org","@graph":[{"@type":"WebPage","@id":"https:\/\/lanzigroup.com\/handprotection\/prodotto\/gdy460g\/","url":"https:\/\/lanzigroup.com\/handprotection\/prodotto\/gdy460g\/","name":"GDY460G - Safety Systems Hand Protection","isPartOf":{"@id":"https:\/\/lanzigroup.com\/handprotection\/#website"},"datePublished":"2024-11-15T10:01:12+00:00","dateModified":"2026-04-02T15:15:10+00:00","breadcrumb":{"@id":"https:\/\/lanzigroup.com\/handprotection\/prodotto\/gdy460g\/#breadcrumb"},"inLanguage":"it-IT","potentialAction":[{"@type":"ReadAction","target":["https:\/\/lanzigroup.com\/handprotection\/prodotto\/gdy460g\/"]}]},{"@type":"BreadcrumbList","@id":"https:\/\/lanzigroup.com\/handprotection\/prodotto\/gdy460g\/#breadcrumb","itemListElement":[{"@type":"ListItem","position":1,"name":"Lanzi","item":"https:\/\/lanzigroup.com\/"},{"@type":"ListItem","position":2,"name":"SS Hand Protection","item":"https:\/\/lanzigroup.com\/handprotection\/"},{"@type":"ListItem","position":3,"name":"Prodotti","item":"https:\/\/lanzigroup.com\/handprotection\/prodotti\/"},{"@type":"ListItem","position":4,"name":"Guanti e manicotti resistenti al taglio","item":"https:\/\/lanzigroup.com\/handprotection\/c\/guanti-e-manicotti-resistenti-al-taglio\/"},{"@type":"ListItem","position":5,"name":"GDY460G"}]},{"@type":"WebSite","@id":"https:\/\/lanzigroup.com\/handprotection\/#website","url":"https:\/\/lanzigroup.com\/handprotection\/","name":"Safety Systems Hand Protection","description":"","publisher":{"@id":"https:\/\/lanzigroup.com\/handprotection\/#organization"},"potentialAction":[{"@type":"SearchAction","target":{"@type":"EntryPoint","urlTemplate":"https:\/\/lanzigroup.com\/handprotection\/?s={search_term_string}"},"query-input":{"@type":"PropertyValueSpecification","valueRequired":true,"valueName":"search_term_string"}}],"inLanguage":"it-IT"},{"@type":"Organization","@id":"https:\/\/lanzigroup.com\/handprotection\/#organization","name":"Safety Systems Hand Protection","url":"https:\/\/lanzigroup.com\/handprotection\/","logo":{"@type":"ImageObject","inLanguage":"it-IT","@id":"https:\/\/lanzigroup.com\/handprotection\/#\/schema\/logo\/image\/","url":"https:\/\/lanzigroup.com\/handprotection\/wp-content\/uploads\/sites\/9\/2021\/09\/SS-hand-protecyion-1.png","contentUrl":"https:\/\/lanzigroup.com\/handprotection\/wp-content\/uploads\/sites\/9\/2021\/09\/SS-hand-protecyion-1.png","width":300,"height":146,"caption":"Safety Systems Hand Protection"},"image":{"@id":"https:\/\/lanzigroup.com\/handprotection\/#\/schema\/logo\/image\/"},"sameAs":["https:\/\/www.linkedin.com\/company\/lanzi-group\/","https:\/\/www.youtube.com\/channel\/UCnPuBpzneOCV6CzbmM5n5tw"]}]}},"_links":{"self":[{"href":"https:\/\/lanzigroup.com\/handprotection\/wp-json\/wp\/v2\/product\/137061","targetHints":{"allow":["GET"]}}],"collection":[{"href":"https:\/\/lanzigroup.com\/handprotection\/wp-json\/wp\/v2\/product"}],"about":[{"href":"https:\/\/lanzigroup.com\/handprotection\/wp-json\/wp\/v2\/types\/product"}],"replies":[{"embeddable":true,"href":"https:\/\/lanzigroup.com\/handprotection\/wp-json\/wp\/v2\/comments?post=137061"}],"wp:attachment":[{"href":"https:\/\/lanzigroup.com\/handprotection\/wp-json\/wp\/v2\/media?parent=137061"}],"wp:term":[{"taxonomy":"product_cat","embeddable":true,"href":"https:\/\/lanzigroup.com\/handprotection\/wp-json\/wp\/v2\/product_cat?post=137061"},{"taxonomy":"product_tag","embeddable":true,"href":"https:\/\/lanzigroup.com\/handprotection\/wp-json\/wp\/v2\/product_tag?post=137061"}],"curies":[{"name":"wp","href":"https:\/\/api.w.org\/{rel}","templated":true}]}}