{"id":5442,"date":"2025-05-27T19:44:31","date_gmt":"2025-05-27T19:44:31","guid":{"rendered":""},"modified":"2026-03-31T11:02:02","modified_gmt":"2026-03-31T11:02:02","slug":"argo-lt-pro","status":"publish","type":"product","link":"https:\/\/lanzigroup.com\/industrialvending\/fr\/produit\/argo-lt-pro\/","title":{"rendered":"ARGO LT PRO"},"content":{"rendered":"<p>\u00c9cran tactile de 10 pouces pour le retrait et le retour guid\u00e9s des produits et la r\u00e9servation d'autres produits non inclus dans le distributeur automatique.<\/p>\n<p><\/p>\n<p>Compartiments dot\u00e9s de grandes portes de vitrine transparentes et r\u00e9glables en hauteur <\/p>\n<p><\/p>\n<p>Gestion et suivi des copies multiples d'un m\u00eame produit dans le compartiment.<\/p>\n","protected":false},"excerpt":{"rendered":"<p>\u00c9cran tactile de 10 pouces pour le retrait et le retour guid\u00e9s des produits et la r\u00e9servation d'autres produits non inclus dans le distributeur automatique. Compartiments dot\u00e9s de grandes portes de vitrine transparentes et r\u00e9glables en hauteur Gestion et suivi des copies multiples d'un m\u00eame produit dans le compartiment.<\/p>\n","protected":false},"featured_media":0,"comment_status":"closed","ping_status":"closed","template":"","meta":[],"product_cat":[23439],"product_tag":[],"class_list":{"0":"post-5442","1":"product","2":"type-product","3":"status-publish","5":"product_cat-magazzini","7":"first","8":"instock","9":"shipping-taxable","10":"product-type-simple"},"yoast_head":"<!-- This site is optimized with the Yoast SEO plugin v24.3 - https:\/\/yoast.com\/wordpress\/plugins\/seo\/ -->\n<title>ARGO LT PRO - Safety Systems Industrial Vending<\/title>\n<meta name=\"robots\" content=\"index, follow, max-snippet:-1, max-image-preview:large, max-video-preview:-1\" \/>\n<link rel=\"canonical\" href=\"https:\/\/lanzigroup.com\/industrialvending\/fr\/produit\/argo-lt-pro\/\" \/>\n<meta property=\"og:locale\" content=\"fr_FR\" \/>\n<meta property=\"og:type\" content=\"article\" \/>\n<meta property=\"og:title\" content=\"ARGO LT PRO - Safety Systems Industrial Vending\" \/>\n<meta property=\"og:description\" content=\"\u00c9cran tactile de 10 pouces pour le retrait et le retour guid\u00e9s des produits et la r\u00e9servation d&#039;autres produits non inclus dans le distributeur automatique. Compartiments dot\u00e9s de grandes portes de vitrine transparentes et r\u00e9glables en hauteur Gestion et suivi des copies multiples d&#039;un m\u00eame produit dans le compartiment.\" \/>\n<meta property=\"og:url\" content=\"https:\/\/lanzigroup.com\/industrialvending\/fr\/produit\/argo-lt-pro\/\" \/>\n<meta property=\"og:site_name\" content=\"Safety Systems Industrial Vending\" \/>\n<meta property=\"article:modified_time\" content=\"2026-03-31T11:02:02+00:00\" \/>\n<meta name=\"twitter:card\" content=\"summary_large_image\" \/>\n<script type=\"application\/ld+json\" class=\"yoast-schema-graph\">{\"@context\":\"https:\/\/schema.org\",\"@graph\":[{\"@type\":\"WebPage\",\"@id\":\"https:\/\/lanzigroup.com\/industrialvending\/fr\/produit\/argo-lt-pro\/\",\"url\":\"https:\/\/lanzigroup.com\/industrialvending\/fr\/produit\/argo-lt-pro\/\",\"name\":\"ARGO LT PRO - Safety Systems Industrial Vending\",\"isPartOf\":{\"@id\":\"https:\/\/lanzigroup.com\/industrialvending\/fr\/#website\"},\"datePublished\":\"2025-05-27T19:44:31+00:00\",\"dateModified\":\"2026-03-31T11:02:02+00:00\",\"breadcrumb\":{\"@id\":\"https:\/\/lanzigroup.com\/industrialvending\/fr\/produit\/argo-lt-pro\/#breadcrumb\"},\"inLanguage\":\"fr-FR\",\"potentialAction\":[{\"@type\":\"ReadAction\",\"target\":[\"https:\/\/lanzigroup.com\/industrialvending\/fr\/produit\/argo-lt-pro\/\"]}]},{\"@type\":\"BreadcrumbList\",\"@id\":\"https:\/\/lanzigroup.com\/industrialvending\/fr\/produit\/argo-lt-pro\/#breadcrumb\",\"itemListElement\":[{\"@type\":\"ListItem\",\"position\":1,\"name\":\"Lanzi\",\"item\":\"https:\/\/lanzigroup.com\/fr\/\"},{\"@type\":\"ListItem\",\"position\":2,\"name\":\"SS Industrial Vending\",\"item\":\"https:\/\/lanzigroup.com\/industrialvending\/fr\/\"},{\"@type\":\"ListItem\",\"position\":3,\"name\":\"Produits\",\"item\":\"https:\/\/lanzigroup.com\/industrialvending\/fr\/produits\/\"},{\"@type\":\"ListItem\",\"position\":4,\"name\":\"ARGO LT PRO\"}]},{\"@type\":\"WebSite\",\"@id\":\"https:\/\/lanzigroup.com\/industrialvending\/fr\/#website\",\"url\":\"https:\/\/lanzigroup.com\/industrialvending\/fr\/\",\"name\":\"Safety Systems Industrial Vending\",\"description\":\"\",\"publisher\":{\"@id\":\"https:\/\/lanzigroup.com\/industrialvending\/fr\/#organization\"},\"potentialAction\":[{\"@type\":\"SearchAction\",\"target\":{\"@type\":\"EntryPoint\",\"urlTemplate\":\"https:\/\/lanzigroup.com\/industrialvending\/fr\/?s={search_term_string}\"},\"query-input\":{\"@type\":\"PropertyValueSpecification\",\"valueRequired\":true,\"valueName\":\"search_term_string\"}}],\"inLanguage\":\"fr-FR\"},{\"@type\":\"Organization\",\"@id\":\"https:\/\/lanzigroup.com\/industrialvending\/fr\/#organization\",\"name\":\"Safety Systems Industrial Vending\",\"url\":\"https:\/\/lanzigroup.com\/industrialvending\/fr\/\",\"logo\":{\"@type\":\"ImageObject\",\"inLanguage\":\"fr-FR\",\"@id\":\"https:\/\/lanzigroup.com\/industrialvending\/fr\/#\/schema\/logo\/image\/\",\"url\":\"https:\/\/lanzigroup.com\/industrialvending\/wp-content\/uploads\/sites\/11\/2021\/09\/SS-industrial-vending-2.png\",\"contentUrl\":\"https:\/\/lanzigroup.com\/industrialvending\/wp-content\/uploads\/sites\/11\/2021\/09\/SS-industrial-vending-2.png\",\"width\":284,\"height\":146,\"caption\":\"Safety Systems Industrial Vending\"},\"image\":{\"@id\":\"https:\/\/lanzigroup.com\/industrialvending\/fr\/#\/schema\/logo\/image\/\"},\"sameAs\":[\"https:\/\/www.linkedin.com\/company\/lanzi-group\/\",\"https:\/\/www.youtube.com\/channel\/UCnPuBpzneOCV6CzbmM5n5tw\"]}]}<\/script>\n<!-- \/ Yoast SEO plugin. -->","yoast_head_json":{"title":"ARGO LT PRO - Safety Systems Industrial Vending","robots":{"index":"index","follow":"follow","max-snippet":"max-snippet:-1","max-image-preview":"max-image-preview:large","max-video-preview":"max-video-preview:-1"},"canonical":"https:\/\/lanzigroup.com\/industrialvending\/fr\/produit\/argo-lt-pro\/","og_locale":"fr_FR","og_type":"article","og_title":"ARGO LT PRO - Safety Systems Industrial Vending","og_description":"\u00c9cran tactile de 10 pouces pour le retrait et le retour guid\u00e9s des produits et la r\u00e9servation d'autres produits non inclus dans le distributeur automatique. Compartiments dot\u00e9s de grandes portes de vitrine transparentes et r\u00e9glables en hauteur Gestion et suivi des copies multiples d'un m\u00eame produit dans le compartiment.","og_url":"https:\/\/lanzigroup.com\/industrialvending\/fr\/produit\/argo-lt-pro\/","og_site_name":"Safety Systems Industrial Vending","article_modified_time":"2026-03-31T11:02:02+00:00","twitter_card":"summary_large_image","schema":{"@context":"https:\/\/schema.org","@graph":[{"@type":"WebPage","@id":"https:\/\/lanzigroup.com\/industrialvending\/fr\/produit\/argo-lt-pro\/","url":"https:\/\/lanzigroup.com\/industrialvending\/fr\/produit\/argo-lt-pro\/","name":"ARGO LT PRO - Safety Systems Industrial Vending","isPartOf":{"@id":"https:\/\/lanzigroup.com\/industrialvending\/fr\/#website"},"datePublished":"2025-05-27T19:44:31+00:00","dateModified":"2026-03-31T11:02:02+00:00","breadcrumb":{"@id":"https:\/\/lanzigroup.com\/industrialvending\/fr\/produit\/argo-lt-pro\/#breadcrumb"},"inLanguage":"fr-FR","potentialAction":[{"@type":"ReadAction","target":["https:\/\/lanzigroup.com\/industrialvending\/fr\/produit\/argo-lt-pro\/"]}]},{"@type":"BreadcrumbList","@id":"https:\/\/lanzigroup.com\/industrialvending\/fr\/produit\/argo-lt-pro\/#breadcrumb","itemListElement":[{"@type":"ListItem","position":1,"name":"Lanzi","item":"https:\/\/lanzigroup.com\/fr\/"},{"@type":"ListItem","position":2,"name":"SS Industrial Vending","item":"https:\/\/lanzigroup.com\/industrialvending\/fr\/"},{"@type":"ListItem","position":3,"name":"Produits","item":"https:\/\/lanzigroup.com\/industrialvending\/fr\/produits\/"},{"@type":"ListItem","position":4,"name":"ARGO LT PRO"}]},{"@type":"WebSite","@id":"https:\/\/lanzigroup.com\/industrialvending\/fr\/#website","url":"https:\/\/lanzigroup.com\/industrialvending\/fr\/","name":"Safety Systems Industrial Vending","description":"","publisher":{"@id":"https:\/\/lanzigroup.com\/industrialvending\/fr\/#organization"},"potentialAction":[{"@type":"SearchAction","target":{"@type":"EntryPoint","urlTemplate":"https:\/\/lanzigroup.com\/industrialvending\/fr\/?s={search_term_string}"},"query-input":{"@type":"PropertyValueSpecification","valueRequired":true,"valueName":"search_term_string"}}],"inLanguage":"fr-FR"},{"@type":"Organization","@id":"https:\/\/lanzigroup.com\/industrialvending\/fr\/#organization","name":"Safety Systems Industrial Vending","url":"https:\/\/lanzigroup.com\/industrialvending\/fr\/","logo":{"@type":"ImageObject","inLanguage":"fr-FR","@id":"https:\/\/lanzigroup.com\/industrialvending\/fr\/#\/schema\/logo\/image\/","url":"https:\/\/lanzigroup.com\/industrialvending\/wp-content\/uploads\/sites\/11\/2021\/09\/SS-industrial-vending-2.png","contentUrl":"https:\/\/lanzigroup.com\/industrialvending\/wp-content\/uploads\/sites\/11\/2021\/09\/SS-industrial-vending-2.png","width":284,"height":146,"caption":"Safety Systems Industrial Vending"},"image":{"@id":"https:\/\/lanzigroup.com\/industrialvending\/fr\/#\/schema\/logo\/image\/"},"sameAs":["https:\/\/www.linkedin.com\/company\/lanzi-group\/","https:\/\/www.youtube.com\/channel\/UCnPuBpzneOCV6CzbmM5n5tw"]}]}},"_links":{"self":[{"href":"https:\/\/lanzigroup.com\/industrialvending\/fr\/wp-json\/wp\/v2\/product\/5442","targetHints":{"allow":["GET"]}}],"collection":[{"href":"https:\/\/lanzigroup.com\/industrialvending\/fr\/wp-json\/wp\/v2\/product"}],"about":[{"href":"https:\/\/lanzigroup.com\/industrialvending\/fr\/wp-json\/wp\/v2\/types\/product"}],"replies":[{"embeddable":true,"href":"https:\/\/lanzigroup.com\/industrialvending\/fr\/wp-json\/wp\/v2\/comments?post=5442"}],"wp:attachment":[{"href":"https:\/\/lanzigroup.com\/industrialvending\/fr\/wp-json\/wp\/v2\/media?parent=5442"}],"wp:term":[{"taxonomy":"product_cat","embeddable":true,"href":"https:\/\/lanzigroup.com\/industrialvending\/fr\/wp-json\/wp\/v2\/product_cat?post=5442"},{"taxonomy":"product_tag","embeddable":true,"href":"https:\/\/lanzigroup.com\/industrialvending\/fr\/wp-json\/wp\/v2\/product_tag?post=5442"}],"curies":[{"name":"wp","href":"https:\/\/api.w.org\/{rel}","templated":true}]}}