{"id":5446,"date":"2025-05-27T19:45:47","date_gmt":"2025-05-27T19:45:47","guid":{"rendered":""},"modified":"2026-03-31T11:02:02","modified_gmt":"2026-03-31T11:02:02","slug":"argo-kpm-link2","status":"publish","type":"product","link":"https:\/\/lanzigroup.com\/industrialvending\/fr\/produit\/argo-kpm-link2\/","title":{"rendered":"ARGO KPM LINK"},"content":{"rendered":"<p>Pr\u00e9l\u00e8vement et restitution des cl\u00e9s avec les relatifs cadenas uniquement pour les utilisateurs autoris\u00e9s, sans surveillance du personnel en charge<\/p>\n<p><\/p>\n<p>Suivi et contr\u00f4le en temps r\u00e9el des retraits et des retours.<\/p>\n<p><\/p>\n<p>Id\u00e9al pour la gestion automatis\u00e9e des proc\u00e9dures de Lockout \/ Tagout (LOTO)<\/p>\n","protected":false},"excerpt":{"rendered":"<p>Pr\u00e9l\u00e8vement et restitution des cl\u00e9s avec les relatifs cadenas uniquement pour les utilisateurs autoris\u00e9s, sans surveillance du personnel en charge Suivi et contr\u00f4le en temps r\u00e9el des retraits et des retours. Id\u00e9al pour la gestion automatis\u00e9e des proc\u00e9dures de Lockout \/ Tagout (LOTO)<\/p>\n","protected":false},"featured_media":0,"comment_status":"closed","ping_status":"closed","template":"","meta":[],"product_cat":[23439],"product_tag":[],"class_list":{"0":"post-5446","1":"product","2":"type-product","3":"status-publish","5":"product_cat-magazzini","7":"first","8":"instock","9":"shipping-taxable","10":"product-type-simple"},"yoast_head":"<!-- This site is optimized with the Yoast SEO plugin v24.3 - https:\/\/yoast.com\/wordpress\/plugins\/seo\/ -->\n<title>ARGO KPM LINK - Safety Systems Industrial Vending<\/title>\n<meta name=\"robots\" content=\"index, follow, max-snippet:-1, max-image-preview:large, max-video-preview:-1\" \/>\n<link rel=\"canonical\" href=\"https:\/\/lanzigroup.com\/industrialvending\/fr\/produit\/argo-kpm-link2\/\" \/>\n<meta property=\"og:locale\" content=\"fr_FR\" \/>\n<meta property=\"og:type\" content=\"article\" \/>\n<meta property=\"og:title\" content=\"ARGO KPM LINK - Safety Systems Industrial Vending\" \/>\n<meta property=\"og:description\" content=\"Pr\u00e9l\u00e8vement et restitution des cl\u00e9s avec les relatifs cadenas uniquement pour les utilisateurs autoris\u00e9s, sans surveillance du personnel en charge Suivi et contr\u00f4le en temps r\u00e9el des retraits et des retours. Id\u00e9al pour la gestion automatis\u00e9e des proc\u00e9dures de Lockout \/ Tagout (LOTO)\" \/>\n<meta property=\"og:url\" content=\"https:\/\/lanzigroup.com\/industrialvending\/fr\/produit\/argo-kpm-link2\/\" \/>\n<meta property=\"og:site_name\" content=\"Safety Systems Industrial Vending\" \/>\n<meta property=\"article:modified_time\" content=\"2026-03-31T11:02:02+00:00\" \/>\n<meta name=\"twitter:card\" content=\"summary_large_image\" \/>\n<script type=\"application\/ld+json\" class=\"yoast-schema-graph\">{\"@context\":\"https:\/\/schema.org\",\"@graph\":[{\"@type\":\"WebPage\",\"@id\":\"https:\/\/lanzigroup.com\/industrialvending\/fr\/produit\/argo-kpm-link2\/\",\"url\":\"https:\/\/lanzigroup.com\/industrialvending\/fr\/produit\/argo-kpm-link2\/\",\"name\":\"ARGO KPM LINK - Safety Systems Industrial Vending\",\"isPartOf\":{\"@id\":\"https:\/\/lanzigroup.com\/industrialvending\/fr\/#website\"},\"datePublished\":\"2025-05-27T19:45:47+00:00\",\"dateModified\":\"2026-03-31T11:02:02+00:00\",\"breadcrumb\":{\"@id\":\"https:\/\/lanzigroup.com\/industrialvending\/fr\/produit\/argo-kpm-link2\/#breadcrumb\"},\"inLanguage\":\"fr-FR\",\"potentialAction\":[{\"@type\":\"ReadAction\",\"target\":[\"https:\/\/lanzigroup.com\/industrialvending\/fr\/produit\/argo-kpm-link2\/\"]}]},{\"@type\":\"BreadcrumbList\",\"@id\":\"https:\/\/lanzigroup.com\/industrialvending\/fr\/produit\/argo-kpm-link2\/#breadcrumb\",\"itemListElement\":[{\"@type\":\"ListItem\",\"position\":1,\"name\":\"Lanzi\",\"item\":\"https:\/\/lanzigroup.com\/fr\/\"},{\"@type\":\"ListItem\",\"position\":2,\"name\":\"SS Industrial Vending\",\"item\":\"https:\/\/lanzigroup.com\/industrialvending\/fr\/\"},{\"@type\":\"ListItem\",\"position\":3,\"name\":\"Produits\",\"item\":\"https:\/\/lanzigroup.com\/industrialvending\/fr\/produits\/\"},{\"@type\":\"ListItem\",\"position\":4,\"name\":\"ARGO KPM LINK\"}]},{\"@type\":\"WebSite\",\"@id\":\"https:\/\/lanzigroup.com\/industrialvending\/fr\/#website\",\"url\":\"https:\/\/lanzigroup.com\/industrialvending\/fr\/\",\"name\":\"Safety Systems Industrial Vending\",\"description\":\"\",\"publisher\":{\"@id\":\"https:\/\/lanzigroup.com\/industrialvending\/fr\/#organization\"},\"potentialAction\":[{\"@type\":\"SearchAction\",\"target\":{\"@type\":\"EntryPoint\",\"urlTemplate\":\"https:\/\/lanzigroup.com\/industrialvending\/fr\/?s={search_term_string}\"},\"query-input\":{\"@type\":\"PropertyValueSpecification\",\"valueRequired\":true,\"valueName\":\"search_term_string\"}}],\"inLanguage\":\"fr-FR\"},{\"@type\":\"Organization\",\"@id\":\"https:\/\/lanzigroup.com\/industrialvending\/fr\/#organization\",\"name\":\"Safety Systems Industrial Vending\",\"url\":\"https:\/\/lanzigroup.com\/industrialvending\/fr\/\",\"logo\":{\"@type\":\"ImageObject\",\"inLanguage\":\"fr-FR\",\"@id\":\"https:\/\/lanzigroup.com\/industrialvending\/fr\/#\/schema\/logo\/image\/\",\"url\":\"https:\/\/lanzigroup.com\/industrialvending\/wp-content\/uploads\/sites\/11\/2021\/09\/SS-industrial-vending-2.png\",\"contentUrl\":\"https:\/\/lanzigroup.com\/industrialvending\/wp-content\/uploads\/sites\/11\/2021\/09\/SS-industrial-vending-2.png\",\"width\":284,\"height\":146,\"caption\":\"Safety Systems Industrial Vending\"},\"image\":{\"@id\":\"https:\/\/lanzigroup.com\/industrialvending\/fr\/#\/schema\/logo\/image\/\"},\"sameAs\":[\"https:\/\/www.linkedin.com\/company\/lanzi-group\/\",\"https:\/\/www.youtube.com\/channel\/UCnPuBpzneOCV6CzbmM5n5tw\"]}]}<\/script>\n<!-- \/ Yoast SEO plugin. -->","yoast_head_json":{"title":"ARGO KPM LINK - Safety Systems Industrial Vending","robots":{"index":"index","follow":"follow","max-snippet":"max-snippet:-1","max-image-preview":"max-image-preview:large","max-video-preview":"max-video-preview:-1"},"canonical":"https:\/\/lanzigroup.com\/industrialvending\/fr\/produit\/argo-kpm-link2\/","og_locale":"fr_FR","og_type":"article","og_title":"ARGO KPM LINK - Safety Systems Industrial Vending","og_description":"Pr\u00e9l\u00e8vement et restitution des cl\u00e9s avec les relatifs cadenas uniquement pour les utilisateurs autoris\u00e9s, sans surveillance du personnel en charge Suivi et contr\u00f4le en temps r\u00e9el des retraits et des retours. Id\u00e9al pour la gestion automatis\u00e9e des proc\u00e9dures de Lockout \/ Tagout (LOTO)","og_url":"https:\/\/lanzigroup.com\/industrialvending\/fr\/produit\/argo-kpm-link2\/","og_site_name":"Safety Systems Industrial Vending","article_modified_time":"2026-03-31T11:02:02+00:00","twitter_card":"summary_large_image","schema":{"@context":"https:\/\/schema.org","@graph":[{"@type":"WebPage","@id":"https:\/\/lanzigroup.com\/industrialvending\/fr\/produit\/argo-kpm-link2\/","url":"https:\/\/lanzigroup.com\/industrialvending\/fr\/produit\/argo-kpm-link2\/","name":"ARGO KPM LINK - Safety Systems Industrial Vending","isPartOf":{"@id":"https:\/\/lanzigroup.com\/industrialvending\/fr\/#website"},"datePublished":"2025-05-27T19:45:47+00:00","dateModified":"2026-03-31T11:02:02+00:00","breadcrumb":{"@id":"https:\/\/lanzigroup.com\/industrialvending\/fr\/produit\/argo-kpm-link2\/#breadcrumb"},"inLanguage":"fr-FR","potentialAction":[{"@type":"ReadAction","target":["https:\/\/lanzigroup.com\/industrialvending\/fr\/produit\/argo-kpm-link2\/"]}]},{"@type":"BreadcrumbList","@id":"https:\/\/lanzigroup.com\/industrialvending\/fr\/produit\/argo-kpm-link2\/#breadcrumb","itemListElement":[{"@type":"ListItem","position":1,"name":"Lanzi","item":"https:\/\/lanzigroup.com\/fr\/"},{"@type":"ListItem","position":2,"name":"SS Industrial Vending","item":"https:\/\/lanzigroup.com\/industrialvending\/fr\/"},{"@type":"ListItem","position":3,"name":"Produits","item":"https:\/\/lanzigroup.com\/industrialvending\/fr\/produits\/"},{"@type":"ListItem","position":4,"name":"ARGO KPM LINK"}]},{"@type":"WebSite","@id":"https:\/\/lanzigroup.com\/industrialvending\/fr\/#website","url":"https:\/\/lanzigroup.com\/industrialvending\/fr\/","name":"Safety Systems Industrial Vending","description":"","publisher":{"@id":"https:\/\/lanzigroup.com\/industrialvending\/fr\/#organization"},"potentialAction":[{"@type":"SearchAction","target":{"@type":"EntryPoint","urlTemplate":"https:\/\/lanzigroup.com\/industrialvending\/fr\/?s={search_term_string}"},"query-input":{"@type":"PropertyValueSpecification","valueRequired":true,"valueName":"search_term_string"}}],"inLanguage":"fr-FR"},{"@type":"Organization","@id":"https:\/\/lanzigroup.com\/industrialvending\/fr\/#organization","name":"Safety Systems Industrial Vending","url":"https:\/\/lanzigroup.com\/industrialvending\/fr\/","logo":{"@type":"ImageObject","inLanguage":"fr-FR","@id":"https:\/\/lanzigroup.com\/industrialvending\/fr\/#\/schema\/logo\/image\/","url":"https:\/\/lanzigroup.com\/industrialvending\/wp-content\/uploads\/sites\/11\/2021\/09\/SS-industrial-vending-2.png","contentUrl":"https:\/\/lanzigroup.com\/industrialvending\/wp-content\/uploads\/sites\/11\/2021\/09\/SS-industrial-vending-2.png","width":284,"height":146,"caption":"Safety Systems Industrial Vending"},"image":{"@id":"https:\/\/lanzigroup.com\/industrialvending\/fr\/#\/schema\/logo\/image\/"},"sameAs":["https:\/\/www.linkedin.com\/company\/lanzi-group\/","https:\/\/www.youtube.com\/channel\/UCnPuBpzneOCV6CzbmM5n5tw"]}]}},"_links":{"self":[{"href":"https:\/\/lanzigroup.com\/industrialvending\/fr\/wp-json\/wp\/v2\/product\/5446","targetHints":{"allow":["GET"]}}],"collection":[{"href":"https:\/\/lanzigroup.com\/industrialvending\/fr\/wp-json\/wp\/v2\/product"}],"about":[{"href":"https:\/\/lanzigroup.com\/industrialvending\/fr\/wp-json\/wp\/v2\/types\/product"}],"replies":[{"embeddable":true,"href":"https:\/\/lanzigroup.com\/industrialvending\/fr\/wp-json\/wp\/v2\/comments?post=5446"}],"wp:attachment":[{"href":"https:\/\/lanzigroup.com\/industrialvending\/fr\/wp-json\/wp\/v2\/media?parent=5446"}],"wp:term":[{"taxonomy":"product_cat","embeddable":true,"href":"https:\/\/lanzigroup.com\/industrialvending\/fr\/wp-json\/wp\/v2\/product_cat?post=5446"},{"taxonomy":"product_tag","embeddable":true,"href":"https:\/\/lanzigroup.com\/industrialvending\/fr\/wp-json\/wp\/v2\/product_tag?post=5446"}],"curies":[{"name":"wp","href":"https:\/\/api.w.org\/{rel}","templated":true}]}}