{"id":4608,"date":"2020-09-04T15:14:49","date_gmt":"2020-09-04T13:14:49","guid":{"rendered":"https:\/\/lanzigroup.com\/industrialvending\/mro-magazzini-automatici\/"},"modified":"2025-01-09T11:12:29","modified_gmt":"2025-01-09T10:12:29","slug":"mro","status":"publish","type":"page","link":"https:\/\/lanzigroup.com\/industrialvending\/pl\/mro\/","title":{"rendered":"Magazyny automatyczne Mro"},"content":{"rendered":"","protected":false},"excerpt":{"rendered":"","protected":false},"author":13,"featured_media":0,"parent":0,"menu_order":0,"comment_status":"open","ping_status":"open","template":"","meta":{"footnotes":""},"class_list":["post-4608","page","type-page","status-publish","hentry"],"yoast_head":"<!-- This site is optimized with the Yoast SEO plugin v24.3 - https:\/\/yoast.com\/wordpress\/plugins\/seo\/ -->\n<title>Magazyny automatyczne Mro - Safety Systems Industrial Vending<\/title>\n<meta name=\"description\" content=\"Automaty sprzedaj\u0105ce MRO i zautomatyzowane rozwi\u0105zania do dystrybucji, odbioru i zarz\u0105dzania materia\u0142ami po\u015brednimi. Skontaktuj si\u0119 z nami\" \/>\n<meta name=\"robots\" content=\"index, follow, max-snippet:-1, max-image-preview:large, max-video-preview:-1\" \/>\n<link rel=\"canonical\" href=\"https:\/\/lanzigroup.com\/industrialvending\/pl\/mro\/\" \/>\n<meta property=\"og:locale\" content=\"pl_PL\" \/>\n<meta property=\"og:type\" content=\"article\" \/>\n<meta property=\"og:title\" content=\"Magazyny automatyczne Mro - Safety Systems Industrial Vending\" \/>\n<meta property=\"og:description\" content=\"Automaty sprzedaj\u0105ce MRO i zautomatyzowane rozwi\u0105zania do dystrybucji, odbioru i zarz\u0105dzania materia\u0142ami po\u015brednimi. Skontaktuj si\u0119 z nami\" \/>\n<meta property=\"og:url\" content=\"https:\/\/lanzigroup.com\/industrialvending\/pl\/mro\/\" \/>\n<meta property=\"og:site_name\" content=\"Safety Systems Industrial Vending\" \/>\n<meta property=\"article:modified_time\" content=\"2025-01-09T10:12:29+00:00\" \/>\n<meta name=\"twitter:card\" content=\"summary_large_image\" \/>\n<meta name=\"twitter:label1\" content=\"Szacowany czas czytania\" \/>\n\t<meta name=\"twitter:data1\" content=\"5 minut\" \/>\n<script type=\"application\/ld+json\" class=\"yoast-schema-graph\">{\"@context\":\"https:\/\/schema.org\",\"@graph\":[{\"@type\":\"WebPage\",\"@id\":\"https:\/\/lanzigroup.com\/industrialvending\/pl\/mro\/\",\"url\":\"https:\/\/lanzigroup.com\/industrialvending\/pl\/mro\/\",\"name\":\"Magazyny automatyczne Mro - Safety Systems Industrial Vending\",\"isPartOf\":{\"@id\":\"https:\/\/lanzigroup.com\/industrialvending\/pl\/#website\"},\"datePublished\":\"2020-09-04T13:14:49+00:00\",\"dateModified\":\"2025-01-09T10:12:29+00:00\",\"description\":\"Automaty sprzedaj\u0105ce MRO i zautomatyzowane rozwi\u0105zania do dystrybucji, odbioru i zarz\u0105dzania materia\u0142ami po\u015brednimi. Skontaktuj si\u0119 z nami\",\"breadcrumb\":{\"@id\":\"https:\/\/lanzigroup.com\/industrialvending\/pl\/mro\/#breadcrumb\"},\"inLanguage\":\"pl-PL\",\"potentialAction\":[{\"@type\":\"ReadAction\",\"target\":[\"https:\/\/lanzigroup.com\/industrialvending\/pl\/mro\/\"]}]},{\"@type\":\"BreadcrumbList\",\"@id\":\"https:\/\/lanzigroup.com\/industrialvending\/pl\/mro\/#breadcrumb\",\"itemListElement\":[{\"@type\":\"ListItem\",\"position\":1,\"name\":\"Lanzi\",\"item\":\"https:\/\/lanzigroup.com\/pl\/\"},{\"@type\":\"ListItem\",\"position\":2,\"name\":\"SS Industrial Vending\",\"item\":\"https:\/\/lanzigroup.com\/industrialvending\/pl\/\"},{\"@type\":\"ListItem\",\"position\":3,\"name\":\"Magazyny automatyczne Mro\"}]},{\"@type\":\"WebSite\",\"@id\":\"https:\/\/lanzigroup.com\/industrialvending\/pl\/#website\",\"url\":\"https:\/\/lanzigroup.com\/industrialvending\/pl\/\",\"name\":\"Safety Systems Industrial Vending\",\"description\":\"\",\"publisher\":{\"@id\":\"https:\/\/lanzigroup.com\/industrialvending\/pl\/#organization\"},\"potentialAction\":[{\"@type\":\"SearchAction\",\"target\":{\"@type\":\"EntryPoint\",\"urlTemplate\":\"https:\/\/lanzigroup.com\/industrialvending\/pl\/?s={search_term_string}\"},\"query-input\":{\"@type\":\"PropertyValueSpecification\",\"valueRequired\":true,\"valueName\":\"search_term_string\"}}],\"inLanguage\":\"pl-PL\"},{\"@type\":\"Organization\",\"@id\":\"https:\/\/lanzigroup.com\/industrialvending\/pl\/#organization\",\"name\":\"Safety Systems Industrial Vending\",\"url\":\"https:\/\/lanzigroup.com\/industrialvending\/pl\/\",\"logo\":{\"@type\":\"ImageObject\",\"inLanguage\":\"pl-PL\",\"@id\":\"https:\/\/lanzigroup.com\/industrialvending\/pl\/#\/schema\/logo\/image\/\",\"url\":\"https:\/\/lanzigroup.com\/industrialvending\/wp-content\/uploads\/sites\/11\/2021\/09\/SS-industrial-vending-2.png\",\"contentUrl\":\"https:\/\/lanzigroup.com\/industrialvending\/wp-content\/uploads\/sites\/11\/2021\/09\/SS-industrial-vending-2.png\",\"width\":284,\"height\":146,\"caption\":\"Safety Systems Industrial Vending\"},\"image\":{\"@id\":\"https:\/\/lanzigroup.com\/industrialvending\/pl\/#\/schema\/logo\/image\/\"},\"sameAs\":[\"https:\/\/www.linkedin.com\/company\/lanzi-group\/\",\"https:\/\/www.youtube.com\/channel\/UCnPuBpzneOCV6CzbmM5n5tw\"]}]}<\/script>\n<!-- \/ Yoast SEO plugin. -->","yoast_head_json":{"title":"Magazyny automatyczne Mro - Safety Systems Industrial Vending","description":"Automaty sprzedaj\u0105ce MRO i zautomatyzowane rozwi\u0105zania do dystrybucji, odbioru i zarz\u0105dzania materia\u0142ami po\u015brednimi. Skontaktuj si\u0119 z nami","robots":{"index":"index","follow":"follow","max-snippet":"max-snippet:-1","max-image-preview":"max-image-preview:large","max-video-preview":"max-video-preview:-1"},"canonical":"https:\/\/lanzigroup.com\/industrialvending\/pl\/mro\/","og_locale":"pl_PL","og_type":"article","og_title":"Magazyny automatyczne Mro - Safety Systems Industrial Vending","og_description":"Automaty sprzedaj\u0105ce MRO i zautomatyzowane rozwi\u0105zania do dystrybucji, odbioru i zarz\u0105dzania materia\u0142ami po\u015brednimi. Skontaktuj si\u0119 z nami","og_url":"https:\/\/lanzigroup.com\/industrialvending\/pl\/mro\/","og_site_name":"Safety Systems Industrial Vending","article_modified_time":"2025-01-09T10:12:29+00:00","twitter_card":"summary_large_image","twitter_misc":{"Szacowany czas czytania":"5 minut"},"schema":{"@context":"https:\/\/schema.org","@graph":[{"@type":"WebPage","@id":"https:\/\/lanzigroup.com\/industrialvending\/pl\/mro\/","url":"https:\/\/lanzigroup.com\/industrialvending\/pl\/mro\/","name":"Magazyny automatyczne Mro - Safety Systems Industrial Vending","isPartOf":{"@id":"https:\/\/lanzigroup.com\/industrialvending\/pl\/#website"},"datePublished":"2020-09-04T13:14:49+00:00","dateModified":"2025-01-09T10:12:29+00:00","description":"Automaty sprzedaj\u0105ce MRO i zautomatyzowane rozwi\u0105zania do dystrybucji, odbioru i zarz\u0105dzania materia\u0142ami po\u015brednimi. Skontaktuj si\u0119 z nami","breadcrumb":{"@id":"https:\/\/lanzigroup.com\/industrialvending\/pl\/mro\/#breadcrumb"},"inLanguage":"pl-PL","potentialAction":[{"@type":"ReadAction","target":["https:\/\/lanzigroup.com\/industrialvending\/pl\/mro\/"]}]},{"@type":"BreadcrumbList","@id":"https:\/\/lanzigroup.com\/industrialvending\/pl\/mro\/#breadcrumb","itemListElement":[{"@type":"ListItem","position":1,"name":"Lanzi","item":"https:\/\/lanzigroup.com\/pl\/"},{"@type":"ListItem","position":2,"name":"SS Industrial Vending","item":"https:\/\/lanzigroup.com\/industrialvending\/pl\/"},{"@type":"ListItem","position":3,"name":"Magazyny automatyczne Mro"}]},{"@type":"WebSite","@id":"https:\/\/lanzigroup.com\/industrialvending\/pl\/#website","url":"https:\/\/lanzigroup.com\/industrialvending\/pl\/","name":"Safety Systems Industrial Vending","description":"","publisher":{"@id":"https:\/\/lanzigroup.com\/industrialvending\/pl\/#organization"},"potentialAction":[{"@type":"SearchAction","target":{"@type":"EntryPoint","urlTemplate":"https:\/\/lanzigroup.com\/industrialvending\/pl\/?s={search_term_string}"},"query-input":{"@type":"PropertyValueSpecification","valueRequired":true,"valueName":"search_term_string"}}],"inLanguage":"pl-PL"},{"@type":"Organization","@id":"https:\/\/lanzigroup.com\/industrialvending\/pl\/#organization","name":"Safety Systems Industrial Vending","url":"https:\/\/lanzigroup.com\/industrialvending\/pl\/","logo":{"@type":"ImageObject","inLanguage":"pl-PL","@id":"https:\/\/lanzigroup.com\/industrialvending\/pl\/#\/schema\/logo\/image\/","url":"https:\/\/lanzigroup.com\/industrialvending\/wp-content\/uploads\/sites\/11\/2021\/09\/SS-industrial-vending-2.png","contentUrl":"https:\/\/lanzigroup.com\/industrialvending\/wp-content\/uploads\/sites\/11\/2021\/09\/SS-industrial-vending-2.png","width":284,"height":146,"caption":"Safety Systems Industrial Vending"},"image":{"@id":"https:\/\/lanzigroup.com\/industrialvending\/pl\/#\/schema\/logo\/image\/"},"sameAs":["https:\/\/www.linkedin.com\/company\/lanzi-group\/","https:\/\/www.youtube.com\/channel\/UCnPuBpzneOCV6CzbmM5n5tw"]}]}},"_links":{"self":[{"href":"https:\/\/lanzigroup.com\/industrialvending\/pl\/wp-json\/wp\/v2\/pages\/4608","targetHints":{"allow":["GET"]}}],"collection":[{"href":"https:\/\/lanzigroup.com\/industrialvending\/pl\/wp-json\/wp\/v2\/pages"}],"about":[{"href":"https:\/\/lanzigroup.com\/industrialvending\/pl\/wp-json\/wp\/v2\/types\/page"}],"author":[{"embeddable":true,"href":"https:\/\/lanzigroup.com\/industrialvending\/pl\/wp-json\/wp\/v2\/users\/13"}],"replies":[{"embeddable":true,"href":"https:\/\/lanzigroup.com\/industrialvending\/pl\/wp-json\/wp\/v2\/comments?post=4608"}],"version-history":[{"count":2,"href":"https:\/\/lanzigroup.com\/industrialvending\/pl\/wp-json\/wp\/v2\/pages\/4608\/revisions"}],"predecessor-version":[{"id":4795,"href":"https:\/\/lanzigroup.com\/industrialvending\/pl\/wp-json\/wp\/v2\/pages\/4608\/revisions\/4795"}],"wp:attachment":[{"href":"https:\/\/lanzigroup.com\/industrialvending\/pl\/wp-json\/wp\/v2\/media?parent=4608"}],"curies":[{"name":"wp","href":"https:\/\/api.w.org\/{rel}","templated":true}]}}