{"id":4631,"date":"2020-11-05T17:12:10","date_gmt":"2020-11-05T16:12:10","guid":{"rendered":"https:\/\/lanzigroup.com\/industrialvending\/smartdpiready\/"},"modified":"2025-01-09T11:50:53","modified_gmt":"2025-01-09T10:50:53","slug":"smartdpiready","status":"publish","type":"page","link":"https:\/\/lanzigroup.com\/industrialvending\/pl\/smartdpiready\/","title":{"rendered":"smartdpiready"},"content":{"rendered":"","protected":false},"excerpt":{"rendered":"","protected":false},"author":13,"featured_media":0,"parent":0,"menu_order":0,"comment_status":"closed","ping_status":"closed","template":"","meta":{"footnotes":""},"class_list":["post-4631","page","type-page","status-publish","hentry"],"yoast_head":"<!-- This site is optimized with the Yoast SEO plugin v24.3 - https:\/\/yoast.com\/wordpress\/plugins\/seo\/ -->\n<title>smartdpiready - Safety Systems Industrial Vending<\/title>\n<meta name=\"description\" content=\"Inteligentne magazyny przemys\u0142owe zautomatyzowane z obs\u0142ug\u0105 DPI umo\u017cliwiaj\u0105 \u015bledzenie \u015brodk\u00f3w ochrony osobistej i mog\u0105 zosta\u0107 rozpoznane za pomoc\u0105 punktu kontrolnego,\" \/>\n<meta name=\"robots\" content=\"index, follow, max-snippet:-1, max-image-preview:large, max-video-preview:-1\" \/>\n<link rel=\"canonical\" href=\"https:\/\/lanzigroup.com\/industrialvending\/pl\/smartdpiready\/\" \/>\n<meta property=\"og:locale\" content=\"pl_PL\" \/>\n<meta property=\"og:type\" content=\"article\" \/>\n<meta property=\"og:title\" content=\"smartdpiready - Safety Systems Industrial Vending\" \/>\n<meta property=\"og:description\" content=\"Inteligentne magazyny przemys\u0142owe zautomatyzowane z obs\u0142ug\u0105 DPI umo\u017cliwiaj\u0105 \u015bledzenie \u015brodk\u00f3w ochrony osobistej i mog\u0105 zosta\u0107 rozpoznane za pomoc\u0105 punktu kontrolnego,\" \/>\n<meta property=\"og:url\" content=\"https:\/\/lanzigroup.com\/industrialvending\/pl\/smartdpiready\/\" \/>\n<meta property=\"og:site_name\" content=\"Safety Systems Industrial Vending\" \/>\n<meta property=\"article:modified_time\" content=\"2025-01-09T10:50:53+00:00\" \/>\n<meta name=\"twitter:card\" content=\"summary_large_image\" \/>\n<script type=\"application\/ld+json\" class=\"yoast-schema-graph\">{\"@context\":\"https:\/\/schema.org\",\"@graph\":[{\"@type\":\"WebPage\",\"@id\":\"https:\/\/lanzigroup.com\/industrialvending\/pl\/smartdpiready\/\",\"url\":\"https:\/\/lanzigroup.com\/industrialvending\/pl\/smartdpiready\/\",\"name\":\"smartdpiready - Safety Systems Industrial Vending\",\"isPartOf\":{\"@id\":\"https:\/\/lanzigroup.com\/industrialvending\/pl\/#website\"},\"datePublished\":\"2020-11-05T16:12:10+00:00\",\"dateModified\":\"2025-01-09T10:50:53+00:00\",\"description\":\"Inteligentne magazyny przemys\u0142owe zautomatyzowane z obs\u0142ug\u0105 DPI umo\u017cliwiaj\u0105 \u015bledzenie \u015brodk\u00f3w ochrony osobistej i mog\u0105 zosta\u0107 rozpoznane za pomoc\u0105 punktu kontrolnego,\",\"breadcrumb\":{\"@id\":\"https:\/\/lanzigroup.com\/industrialvending\/pl\/smartdpiready\/#breadcrumb\"},\"inLanguage\":\"pl-PL\",\"potentialAction\":[{\"@type\":\"ReadAction\",\"target\":[\"https:\/\/lanzigroup.com\/industrialvending\/pl\/smartdpiready\/\"]}]},{\"@type\":\"BreadcrumbList\",\"@id\":\"https:\/\/lanzigroup.com\/industrialvending\/pl\/smartdpiready\/#breadcrumb\",\"itemListElement\":[{\"@type\":\"ListItem\",\"position\":1,\"name\":\"Lanzi\",\"item\":\"https:\/\/lanzigroup.com\/pl\/\"},{\"@type\":\"ListItem\",\"position\":2,\"name\":\"SS Industrial Vending\",\"item\":\"https:\/\/lanzigroup.com\/industrialvending\/pl\/\"},{\"@type\":\"ListItem\",\"position\":3,\"name\":\"smartdpiready\"}]},{\"@type\":\"WebSite\",\"@id\":\"https:\/\/lanzigroup.com\/industrialvending\/pl\/#website\",\"url\":\"https:\/\/lanzigroup.com\/industrialvending\/pl\/\",\"name\":\"Safety Systems Industrial Vending\",\"description\":\"\",\"publisher\":{\"@id\":\"https:\/\/lanzigroup.com\/industrialvending\/pl\/#organization\"},\"potentialAction\":[{\"@type\":\"SearchAction\",\"target\":{\"@type\":\"EntryPoint\",\"urlTemplate\":\"https:\/\/lanzigroup.com\/industrialvending\/pl\/?s={search_term_string}\"},\"query-input\":{\"@type\":\"PropertyValueSpecification\",\"valueRequired\":true,\"valueName\":\"search_term_string\"}}],\"inLanguage\":\"pl-PL\"},{\"@type\":\"Organization\",\"@id\":\"https:\/\/lanzigroup.com\/industrialvending\/pl\/#organization\",\"name\":\"Safety Systems Industrial Vending\",\"url\":\"https:\/\/lanzigroup.com\/industrialvending\/pl\/\",\"logo\":{\"@type\":\"ImageObject\",\"inLanguage\":\"pl-PL\",\"@id\":\"https:\/\/lanzigroup.com\/industrialvending\/pl\/#\/schema\/logo\/image\/\",\"url\":\"https:\/\/lanzigroup.com\/industrialvending\/wp-content\/uploads\/sites\/11\/2021\/09\/SS-industrial-vending-2.png\",\"contentUrl\":\"https:\/\/lanzigroup.com\/industrialvending\/wp-content\/uploads\/sites\/11\/2021\/09\/SS-industrial-vending-2.png\",\"width\":284,\"height\":146,\"caption\":\"Safety Systems Industrial Vending\"},\"image\":{\"@id\":\"https:\/\/lanzigroup.com\/industrialvending\/pl\/#\/schema\/logo\/image\/\"},\"sameAs\":[\"https:\/\/www.linkedin.com\/company\/lanzi-group\/\",\"https:\/\/www.youtube.com\/channel\/UCnPuBpzneOCV6CzbmM5n5tw\"]}]}<\/script>\n<!-- \/ Yoast SEO plugin. -->","yoast_head_json":{"title":"smartdpiready - Safety Systems Industrial Vending","description":"Inteligentne magazyny przemys\u0142owe zautomatyzowane z obs\u0142ug\u0105 DPI umo\u017cliwiaj\u0105 \u015bledzenie \u015brodk\u00f3w ochrony osobistej i mog\u0105 zosta\u0107 rozpoznane za pomoc\u0105 punktu kontrolnego,","robots":{"index":"index","follow":"follow","max-snippet":"max-snippet:-1","max-image-preview":"max-image-preview:large","max-video-preview":"max-video-preview:-1"},"canonical":"https:\/\/lanzigroup.com\/industrialvending\/pl\/smartdpiready\/","og_locale":"pl_PL","og_type":"article","og_title":"smartdpiready - Safety Systems Industrial Vending","og_description":"Inteligentne magazyny przemys\u0142owe zautomatyzowane z obs\u0142ug\u0105 DPI umo\u017cliwiaj\u0105 \u015bledzenie \u015brodk\u00f3w ochrony osobistej i mog\u0105 zosta\u0107 rozpoznane za pomoc\u0105 punktu kontrolnego,","og_url":"https:\/\/lanzigroup.com\/industrialvending\/pl\/smartdpiready\/","og_site_name":"Safety Systems Industrial Vending","article_modified_time":"2025-01-09T10:50:53+00:00","twitter_card":"summary_large_image","schema":{"@context":"https:\/\/schema.org","@graph":[{"@type":"WebPage","@id":"https:\/\/lanzigroup.com\/industrialvending\/pl\/smartdpiready\/","url":"https:\/\/lanzigroup.com\/industrialvending\/pl\/smartdpiready\/","name":"smartdpiready - Safety Systems Industrial Vending","isPartOf":{"@id":"https:\/\/lanzigroup.com\/industrialvending\/pl\/#website"},"datePublished":"2020-11-05T16:12:10+00:00","dateModified":"2025-01-09T10:50:53+00:00","description":"Inteligentne magazyny przemys\u0142owe zautomatyzowane z obs\u0142ug\u0105 DPI umo\u017cliwiaj\u0105 \u015bledzenie \u015brodk\u00f3w ochrony osobistej i mog\u0105 zosta\u0107 rozpoznane za pomoc\u0105 punktu kontrolnego,","breadcrumb":{"@id":"https:\/\/lanzigroup.com\/industrialvending\/pl\/smartdpiready\/#breadcrumb"},"inLanguage":"pl-PL","potentialAction":[{"@type":"ReadAction","target":["https:\/\/lanzigroup.com\/industrialvending\/pl\/smartdpiready\/"]}]},{"@type":"BreadcrumbList","@id":"https:\/\/lanzigroup.com\/industrialvending\/pl\/smartdpiready\/#breadcrumb","itemListElement":[{"@type":"ListItem","position":1,"name":"Lanzi","item":"https:\/\/lanzigroup.com\/pl\/"},{"@type":"ListItem","position":2,"name":"SS Industrial Vending","item":"https:\/\/lanzigroup.com\/industrialvending\/pl\/"},{"@type":"ListItem","position":3,"name":"smartdpiready"}]},{"@type":"WebSite","@id":"https:\/\/lanzigroup.com\/industrialvending\/pl\/#website","url":"https:\/\/lanzigroup.com\/industrialvending\/pl\/","name":"Safety Systems Industrial Vending","description":"","publisher":{"@id":"https:\/\/lanzigroup.com\/industrialvending\/pl\/#organization"},"potentialAction":[{"@type":"SearchAction","target":{"@type":"EntryPoint","urlTemplate":"https:\/\/lanzigroup.com\/industrialvending\/pl\/?s={search_term_string}"},"query-input":{"@type":"PropertyValueSpecification","valueRequired":true,"valueName":"search_term_string"}}],"inLanguage":"pl-PL"},{"@type":"Organization","@id":"https:\/\/lanzigroup.com\/industrialvending\/pl\/#organization","name":"Safety Systems Industrial Vending","url":"https:\/\/lanzigroup.com\/industrialvending\/pl\/","logo":{"@type":"ImageObject","inLanguage":"pl-PL","@id":"https:\/\/lanzigroup.com\/industrialvending\/pl\/#\/schema\/logo\/image\/","url":"https:\/\/lanzigroup.com\/industrialvending\/wp-content\/uploads\/sites\/11\/2021\/09\/SS-industrial-vending-2.png","contentUrl":"https:\/\/lanzigroup.com\/industrialvending\/wp-content\/uploads\/sites\/11\/2021\/09\/SS-industrial-vending-2.png","width":284,"height":146,"caption":"Safety Systems Industrial Vending"},"image":{"@id":"https:\/\/lanzigroup.com\/industrialvending\/pl\/#\/schema\/logo\/image\/"},"sameAs":["https:\/\/www.linkedin.com\/company\/lanzi-group\/","https:\/\/www.youtube.com\/channel\/UCnPuBpzneOCV6CzbmM5n5tw"]}]}},"_links":{"self":[{"href":"https:\/\/lanzigroup.com\/industrialvending\/pl\/wp-json\/wp\/v2\/pages\/4631","targetHints":{"allow":["GET"]}}],"collection":[{"href":"https:\/\/lanzigroup.com\/industrialvending\/pl\/wp-json\/wp\/v2\/pages"}],"about":[{"href":"https:\/\/lanzigroup.com\/industrialvending\/pl\/wp-json\/wp\/v2\/types\/page"}],"author":[{"embeddable":true,"href":"https:\/\/lanzigroup.com\/industrialvending\/pl\/wp-json\/wp\/v2\/users\/13"}],"replies":[{"embeddable":true,"href":"https:\/\/lanzigroup.com\/industrialvending\/pl\/wp-json\/wp\/v2\/comments?post=4631"}],"version-history":[{"count":1,"href":"https:\/\/lanzigroup.com\/industrialvending\/pl\/wp-json\/wp\/v2\/pages\/4631\/revisions"}],"predecessor-version":[{"id":4634,"href":"https:\/\/lanzigroup.com\/industrialvending\/pl\/wp-json\/wp\/v2\/pages\/4631\/revisions\/4634"}],"wp:attachment":[{"href":"https:\/\/lanzigroup.com\/industrialvending\/pl\/wp-json\/wp\/v2\/media?parent=4631"}],"curies":[{"name":"wp","href":"https:\/\/api.w.org\/{rel}","templated":true}]}}