{"id":6839,"date":"2020-04-20T17:49:38","date_gmt":"2020-04-20T15:49:38","guid":{"rendered":"https:\/\/lanzigroup.com\/?page_id=6839"},"modified":"2024-12-18T09:39:16","modified_gmt":"2024-12-18T08:39:16","slug":"home","status":"publish","type":"page","link":"https:\/\/lanzigroup.com\/pl\/","title":{"rendered":"Home"},"content":{"rendered":"","protected":false},"excerpt":{"rendered":"","protected":false},"author":13,"featured_media":5033,"parent":0,"menu_order":0,"comment_status":"closed","ping_status":"closed","template":"elementor_header_footer","meta":{"_acf_changed":false,"footnotes":""},"class_list":["post-6839","page","type-page","status-publish","has-post-thumbnail","hentry"],"acf":[],"yoast_head":"<!-- This site is optimized with the Yoast SEO plugin v24.3 - https:\/\/yoast.com\/wordpress\/plugins\/seo\/ -->\n<title>Lanzi Group - Safety Systems<\/title>\n<meta name=\"description\" content=\"Od 1978 roku Grupa Lanzi jest wiod\u0105cym graczem na rynku mi\u0119dzynarodowym, koncentruj\u0105c si\u0119 na ochronie i dobrym samopoczuciu pracownik\u00f3w Safety Systems\" \/>\n<meta name=\"robots\" content=\"index, follow, max-snippet:-1, max-image-preview:large, max-video-preview:-1\" \/>\n<link rel=\"canonical\" href=\"https:\/\/lanzigroup.com\/pl\/\" \/>\n<meta property=\"og:locale\" content=\"pl_PL\" \/>\n<meta property=\"og:type\" content=\"article\" \/>\n<meta property=\"og:title\" content=\"Lanzi Group - Safety Systems\" \/>\n<meta property=\"og:description\" content=\"Od 1978 roku Grupa Lanzi jest wiod\u0105cym graczem na rynku mi\u0119dzynarodowym, koncentruj\u0105c si\u0119 na ochronie i dobrym samopoczuciu pracownik\u00f3w Safety Systems\" \/>\n<meta property=\"og:url\" content=\"https:\/\/lanzigroup.com\/pl\/\" \/>\n<meta property=\"og:site_name\" content=\"Lanzi Group\" \/>\n<meta property=\"article:modified_time\" content=\"2024-12-18T08:39:16+00:00\" \/>\n<meta property=\"og:image\" content=\"https:\/\/lanzigroup.com\/wp-content\/uploads\/2020\/04\/smart-dpi-ready.jpg\" \/>\n\t<meta property=\"og:image:width\" content=\"1920\" \/>\n\t<meta property=\"og:image:height\" content=\"1280\" \/>\n\t<meta property=\"og:image:type\" content=\"image\/jpeg\" \/>\n<meta name=\"twitter:card\" content=\"summary_large_image\" \/>\n<meta name=\"twitter:label1\" content=\"Szacowany czas czytania\" \/>\n\t<meta name=\"twitter:data1\" content=\"10 minut\" \/>\n<script type=\"application\/ld+json\" class=\"yoast-schema-graph\">{\"@context\":\"https:\/\/schema.org\",\"@graph\":[{\"@type\":\"WebPage\",\"@id\":\"https:\/\/lanzigroup.com\/pl\/\",\"url\":\"https:\/\/lanzigroup.com\/pl\/\",\"name\":\"Lanzi Group - Safety Systems\",\"isPartOf\":{\"@id\":\"https:\/\/lanzigroup.com\/pl\/#website\"},\"primaryImageOfPage\":{\"@id\":\"https:\/\/lanzigroup.com\/pl\/#primaryimage\"},\"image\":{\"@id\":\"https:\/\/lanzigroup.com\/pl\/#primaryimage\"},\"thumbnailUrl\":\"https:\/\/lanzigroup.com\/wp-content\/uploads\/2020\/04\/smart-dpi-ready.jpg\",\"datePublished\":\"2020-04-20T15:49:38+00:00\",\"dateModified\":\"2024-12-18T08:39:16+00:00\",\"description\":\"Od 1978 roku Grupa Lanzi jest wiod\u0105cym graczem na rynku mi\u0119dzynarodowym, koncentruj\u0105c si\u0119 na ochronie i dobrym samopoczuciu pracownik\u00f3w Safety Systems\",\"breadcrumb\":{\"@id\":\"https:\/\/lanzigroup.com\/pl\/#breadcrumb\"},\"inLanguage\":\"pl-PL\",\"potentialAction\":[{\"@type\":\"ReadAction\",\"target\":[\"https:\/\/lanzigroup.com\/pl\/\"]}]},{\"@type\":\"ImageObject\",\"inLanguage\":\"pl-PL\",\"@id\":\"https:\/\/lanzigroup.com\/pl\/#primaryimage\",\"url\":\"https:\/\/lanzigroup.com\/wp-content\/uploads\/2020\/04\/smart-dpi-ready.jpg\",\"contentUrl\":\"https:\/\/lanzigroup.com\/wp-content\/uploads\/2020\/04\/smart-dpi-ready.jpg\",\"width\":1920,\"height\":1280},{\"@type\":\"BreadcrumbList\",\"@id\":\"https:\/\/lanzigroup.com\/pl\/#breadcrumb\",\"itemListElement\":[{\"@type\":\"ListItem\",\"position\":1,\"name\":\"Lanzi\",\"item\":\"https:\/\/lanzigroup.com\/pl\/\"},{\"@type\":\"ListItem\",\"position\":2,\"name\":\"Home\"}]},{\"@type\":\"WebSite\",\"@id\":\"https:\/\/lanzigroup.com\/pl\/#website\",\"url\":\"https:\/\/lanzigroup.com\/pl\/\",\"name\":\"Lanzi Group\",\"description\":\"\",\"publisher\":{\"@id\":\"https:\/\/lanzigroup.com\/pl\/#organization\"},\"potentialAction\":[{\"@type\":\"SearchAction\",\"target\":{\"@type\":\"EntryPoint\",\"urlTemplate\":\"https:\/\/lanzigroup.com\/pl\/?s={search_term_string}\"},\"query-input\":{\"@type\":\"PropertyValueSpecification\",\"valueRequired\":true,\"valueName\":\"search_term_string\"}}],\"inLanguage\":\"pl-PL\"},{\"@type\":\"Organization\",\"@id\":\"https:\/\/lanzigroup.com\/pl\/#organization\",\"name\":\"Lanzi Group\",\"url\":\"https:\/\/lanzigroup.com\/pl\/\",\"logo\":{\"@type\":\"ImageObject\",\"inLanguage\":\"pl-PL\",\"@id\":\"https:\/\/lanzigroup.com\/pl\/#\/schema\/logo\/image\/\",\"url\":\"https:\/\/lanzigroup.com\/wp-content\/uploads\/2024\/12\/logo-lanzi-group.png\",\"contentUrl\":\"https:\/\/lanzigroup.com\/wp-content\/uploads\/2024\/12\/logo-lanzi-group.png\",\"width\":190,\"height\":88,\"caption\":\"Lanzi Group\"},\"image\":{\"@id\":\"https:\/\/lanzigroup.com\/pl\/#\/schema\/logo\/image\/\"},\"sameAs\":[\"https:\/\/www.linkedin.com\/company\/lanzi-group\/\",\"https:\/\/www.youtube.com\/channel\/UCnPuBpzneOCV6CzbmM5n5tw\"]}]}<\/script>\n<!-- \/ Yoast SEO plugin. -->","yoast_head_json":{"title":"Lanzi Group - Safety Systems","description":"Od 1978 roku Grupa Lanzi jest wiod\u0105cym graczem na rynku mi\u0119dzynarodowym, koncentruj\u0105c si\u0119 na ochronie i dobrym samopoczuciu pracownik\u00f3w Safety Systems","robots":{"index":"index","follow":"follow","max-snippet":"max-snippet:-1","max-image-preview":"max-image-preview:large","max-video-preview":"max-video-preview:-1"},"canonical":"https:\/\/lanzigroup.com\/pl\/","og_locale":"pl_PL","og_type":"article","og_title":"Lanzi Group - Safety Systems","og_description":"Od 1978 roku Grupa Lanzi jest wiod\u0105cym graczem na rynku mi\u0119dzynarodowym, koncentruj\u0105c si\u0119 na ochronie i dobrym samopoczuciu pracownik\u00f3w Safety Systems","og_url":"https:\/\/lanzigroup.com\/pl\/","og_site_name":"Lanzi Group","article_modified_time":"2024-12-18T08:39:16+00:00","og_image":[{"width":1920,"height":1280,"url":"https:\/\/lanzigroup.com\/wp-content\/uploads\/2020\/04\/smart-dpi-ready.jpg","type":"image\/jpeg"}],"twitter_card":"summary_large_image","twitter_misc":{"Szacowany czas czytania":"10 minut"},"schema":{"@context":"https:\/\/schema.org","@graph":[{"@type":"WebPage","@id":"https:\/\/lanzigroup.com\/pl\/","url":"https:\/\/lanzigroup.com\/pl\/","name":"Lanzi Group - Safety Systems","isPartOf":{"@id":"https:\/\/lanzigroup.com\/pl\/#website"},"primaryImageOfPage":{"@id":"https:\/\/lanzigroup.com\/pl\/#primaryimage"},"image":{"@id":"https:\/\/lanzigroup.com\/pl\/#primaryimage"},"thumbnailUrl":"https:\/\/lanzigroup.com\/wp-content\/uploads\/2020\/04\/smart-dpi-ready.jpg","datePublished":"2020-04-20T15:49:38+00:00","dateModified":"2024-12-18T08:39:16+00:00","description":"Od 1978 roku Grupa Lanzi jest wiod\u0105cym graczem na rynku mi\u0119dzynarodowym, koncentruj\u0105c si\u0119 na ochronie i dobrym samopoczuciu pracownik\u00f3w Safety Systems","breadcrumb":{"@id":"https:\/\/lanzigroup.com\/pl\/#breadcrumb"},"inLanguage":"pl-PL","potentialAction":[{"@type":"ReadAction","target":["https:\/\/lanzigroup.com\/pl\/"]}]},{"@type":"ImageObject","inLanguage":"pl-PL","@id":"https:\/\/lanzigroup.com\/pl\/#primaryimage","url":"https:\/\/lanzigroup.com\/wp-content\/uploads\/2020\/04\/smart-dpi-ready.jpg","contentUrl":"https:\/\/lanzigroup.com\/wp-content\/uploads\/2020\/04\/smart-dpi-ready.jpg","width":1920,"height":1280},{"@type":"BreadcrumbList","@id":"https:\/\/lanzigroup.com\/pl\/#breadcrumb","itemListElement":[{"@type":"ListItem","position":1,"name":"Lanzi","item":"https:\/\/lanzigroup.com\/pl\/"},{"@type":"ListItem","position":2,"name":"Home"}]},{"@type":"WebSite","@id":"https:\/\/lanzigroup.com\/pl\/#website","url":"https:\/\/lanzigroup.com\/pl\/","name":"Lanzi Group","description":"","publisher":{"@id":"https:\/\/lanzigroup.com\/pl\/#organization"},"potentialAction":[{"@type":"SearchAction","target":{"@type":"EntryPoint","urlTemplate":"https:\/\/lanzigroup.com\/pl\/?s={search_term_string}"},"query-input":{"@type":"PropertyValueSpecification","valueRequired":true,"valueName":"search_term_string"}}],"inLanguage":"pl-PL"},{"@type":"Organization","@id":"https:\/\/lanzigroup.com\/pl\/#organization","name":"Lanzi Group","url":"https:\/\/lanzigroup.com\/pl\/","logo":{"@type":"ImageObject","inLanguage":"pl-PL","@id":"https:\/\/lanzigroup.com\/pl\/#\/schema\/logo\/image\/","url":"https:\/\/lanzigroup.com\/wp-content\/uploads\/2024\/12\/logo-lanzi-group.png","contentUrl":"https:\/\/lanzigroup.com\/wp-content\/uploads\/2024\/12\/logo-lanzi-group.png","width":190,"height":88,"caption":"Lanzi Group"},"image":{"@id":"https:\/\/lanzigroup.com\/pl\/#\/schema\/logo\/image\/"},"sameAs":["https:\/\/www.linkedin.com\/company\/lanzi-group\/","https:\/\/www.youtube.com\/channel\/UCnPuBpzneOCV6CzbmM5n5tw"]}]}},"_links":{"self":[{"href":"https:\/\/lanzigroup.com\/pl\/wp-json\/wp\/v2\/pages\/6839","targetHints":{"allow":["GET"]}}],"collection":[{"href":"https:\/\/lanzigroup.com\/pl\/wp-json\/wp\/v2\/pages"}],"about":[{"href":"https:\/\/lanzigroup.com\/pl\/wp-json\/wp\/v2\/types\/page"}],"author":[{"embeddable":true,"href":"https:\/\/lanzigroup.com\/pl\/wp-json\/wp\/v2\/users\/13"}],"replies":[{"embeddable":true,"href":"https:\/\/lanzigroup.com\/pl\/wp-json\/wp\/v2\/comments?post=6839"}],"version-history":[{"count":1,"href":"https:\/\/lanzigroup.com\/pl\/wp-json\/wp\/v2\/pages\/6839\/revisions"}],"predecessor-version":[{"id":6840,"href":"https:\/\/lanzigroup.com\/pl\/wp-json\/wp\/v2\/pages\/6839\/revisions\/6840"}],"wp:featuredmedia":[{"embeddable":true,"href":"https:\/\/lanzigroup.com\/pl\/wp-json\/wp\/v2\/media\/5033"}],"wp:attachment":[{"href":"https:\/\/lanzigroup.com\/pl\/wp-json\/wp\/v2\/media?parent=6839"}],"curies":[{"name":"wp","href":"https:\/\/api.w.org\/{rel}","templated":true}]}}