{"id":6856,"date":"2022-01-13T17:30:55","date_gmt":"2022-01-13T16:30:55","guid":{"rendered":"https:\/\/lanzigroup.com\/?page_id=6856"},"modified":"2024-12-18T11:00:59","modified_gmt":"2024-12-18T10:00:59","slug":"kariery","status":"publish","type":"page","link":"https:\/\/lanzigroup.com\/pl\/kariery\/","title":{"rendered":"Kariery"},"content":{"rendered":"","protected":false},"excerpt":{"rendered":"","protected":false},"author":13,"featured_media":0,"parent":0,"menu_order":0,"comment_status":"closed","ping_status":"closed","template":"elementor_header_footer","meta":{"_acf_changed":false,"footnotes":""},"class_list":["post-6856","page","type-page","status-publish","hentry"],"acf":[],"yoast_head":"<!-- This site is optimized with the Yoast SEO plugin v24.3 - https:\/\/yoast.com\/wordpress\/plugins\/seo\/ -->\n<title>Pracuj z nami - Lanzi Group<\/title>\n<meta name=\"description\" content=\"Lanzi Group Praca w zakresie rozwi\u0105za\u0144 w materii bezpiecze\u0144stwa\" \/>\n<meta name=\"robots\" content=\"index, follow, max-snippet:-1, max-image-preview:large, max-video-preview:-1\" \/>\n<link rel=\"canonical\" href=\"https:\/\/lanzigroup.com\/pl\/kariery\/\" \/>\n<meta property=\"og:locale\" content=\"pl_PL\" \/>\n<meta property=\"og:type\" content=\"article\" \/>\n<meta property=\"og:title\" content=\"Pracuj z nami - Lanzi Group\" \/>\n<meta property=\"og:description\" content=\"Lanzi Group Praca w zakresie rozwi\u0105za\u0144 w materii bezpiecze\u0144stwa\" \/>\n<meta property=\"og:url\" content=\"https:\/\/lanzigroup.com\/pl\/kariery\/\" \/>\n<meta property=\"og:site_name\" content=\"Lanzi Group\" \/>\n<meta property=\"article:modified_time\" content=\"2024-12-18T10:00:59+00:00\" \/>\n<meta name=\"twitter:card\" content=\"summary_large_image\" \/>\n<script type=\"application\/ld+json\" class=\"yoast-schema-graph\">{\"@context\":\"https:\/\/schema.org\",\"@graph\":[{\"@type\":\"WebPage\",\"@id\":\"https:\/\/lanzigroup.com\/pl\/kariery\/\",\"url\":\"https:\/\/lanzigroup.com\/pl\/kariery\/\",\"name\":\"Pracuj z nami - Lanzi Group\",\"isPartOf\":{\"@id\":\"https:\/\/lanzigroup.com\/pl\/#website\"},\"datePublished\":\"2022-01-13T16:30:55+00:00\",\"dateModified\":\"2024-12-18T10:00:59+00:00\",\"description\":\"Lanzi Group Praca w zakresie rozwi\u0105za\u0144 w materii bezpiecze\u0144stwa\",\"breadcrumb\":{\"@id\":\"https:\/\/lanzigroup.com\/pl\/kariery\/#breadcrumb\"},\"inLanguage\":\"pl-PL\",\"potentialAction\":[{\"@type\":\"ReadAction\",\"target\":[\"https:\/\/lanzigroup.com\/pl\/kariery\/\"]}]},{\"@type\":\"BreadcrumbList\",\"@id\":\"https:\/\/lanzigroup.com\/pl\/kariery\/#breadcrumb\",\"itemListElement\":[{\"@type\":\"ListItem\",\"position\":1,\"name\":\"Lanzi\",\"item\":\"https:\/\/lanzigroup.com\/pl\/\"},{\"@type\":\"ListItem\",\"position\":2,\"name\":\"Kariery\"}]},{\"@type\":\"WebSite\",\"@id\":\"https:\/\/lanzigroup.com\/pl\/#website\",\"url\":\"https:\/\/lanzigroup.com\/pl\/\",\"name\":\"Lanzi Group\",\"description\":\"\",\"publisher\":{\"@id\":\"https:\/\/lanzigroup.com\/pl\/#organization\"},\"potentialAction\":[{\"@type\":\"SearchAction\",\"target\":{\"@type\":\"EntryPoint\",\"urlTemplate\":\"https:\/\/lanzigroup.com\/pl\/?s={search_term_string}\"},\"query-input\":{\"@type\":\"PropertyValueSpecification\",\"valueRequired\":true,\"valueName\":\"search_term_string\"}}],\"inLanguage\":\"pl-PL\"},{\"@type\":\"Organization\",\"@id\":\"https:\/\/lanzigroup.com\/pl\/#organization\",\"name\":\"Lanzi Group\",\"url\":\"https:\/\/lanzigroup.com\/pl\/\",\"logo\":{\"@type\":\"ImageObject\",\"inLanguage\":\"pl-PL\",\"@id\":\"https:\/\/lanzigroup.com\/pl\/#\/schema\/logo\/image\/\",\"url\":\"https:\/\/lanzigroup.com\/wp-content\/uploads\/2024\/12\/logo-lanzi-group.png\",\"contentUrl\":\"https:\/\/lanzigroup.com\/wp-content\/uploads\/2024\/12\/logo-lanzi-group.png\",\"width\":190,\"height\":88,\"caption\":\"Lanzi Group\"},\"image\":{\"@id\":\"https:\/\/lanzigroup.com\/pl\/#\/schema\/logo\/image\/\"},\"sameAs\":[\"https:\/\/www.linkedin.com\/company\/lanzi-group\/\",\"https:\/\/www.youtube.com\/channel\/UCnPuBpzneOCV6CzbmM5n5tw\"]}]}<\/script>\n<!-- \/ Yoast SEO plugin. -->","yoast_head_json":{"title":"Pracuj z nami - Lanzi Group","description":"Lanzi Group Praca w zakresie rozwi\u0105za\u0144 w materii bezpiecze\u0144stwa","robots":{"index":"index","follow":"follow","max-snippet":"max-snippet:-1","max-image-preview":"max-image-preview:large","max-video-preview":"max-video-preview:-1"},"canonical":"https:\/\/lanzigroup.com\/pl\/kariery\/","og_locale":"pl_PL","og_type":"article","og_title":"Pracuj z nami - Lanzi Group","og_description":"Lanzi Group Praca w zakresie rozwi\u0105za\u0144 w materii bezpiecze\u0144stwa","og_url":"https:\/\/lanzigroup.com\/pl\/kariery\/","og_site_name":"Lanzi Group","article_modified_time":"2024-12-18T10:00:59+00:00","twitter_card":"summary_large_image","schema":{"@context":"https:\/\/schema.org","@graph":[{"@type":"WebPage","@id":"https:\/\/lanzigroup.com\/pl\/kariery\/","url":"https:\/\/lanzigroup.com\/pl\/kariery\/","name":"Pracuj z nami - Lanzi Group","isPartOf":{"@id":"https:\/\/lanzigroup.com\/pl\/#website"},"datePublished":"2022-01-13T16:30:55+00:00","dateModified":"2024-12-18T10:00:59+00:00","description":"Lanzi Group Praca w zakresie rozwi\u0105za\u0144 w materii bezpiecze\u0144stwa","breadcrumb":{"@id":"https:\/\/lanzigroup.com\/pl\/kariery\/#breadcrumb"},"inLanguage":"pl-PL","potentialAction":[{"@type":"ReadAction","target":["https:\/\/lanzigroup.com\/pl\/kariery\/"]}]},{"@type":"BreadcrumbList","@id":"https:\/\/lanzigroup.com\/pl\/kariery\/#breadcrumb","itemListElement":[{"@type":"ListItem","position":1,"name":"Lanzi","item":"https:\/\/lanzigroup.com\/pl\/"},{"@type":"ListItem","position":2,"name":"Kariery"}]},{"@type":"WebSite","@id":"https:\/\/lanzigroup.com\/pl\/#website","url":"https:\/\/lanzigroup.com\/pl\/","name":"Lanzi Group","description":"","publisher":{"@id":"https:\/\/lanzigroup.com\/pl\/#organization"},"potentialAction":[{"@type":"SearchAction","target":{"@type":"EntryPoint","urlTemplate":"https:\/\/lanzigroup.com\/pl\/?s={search_term_string}"},"query-input":{"@type":"PropertyValueSpecification","valueRequired":true,"valueName":"search_term_string"}}],"inLanguage":"pl-PL"},{"@type":"Organization","@id":"https:\/\/lanzigroup.com\/pl\/#organization","name":"Lanzi Group","url":"https:\/\/lanzigroup.com\/pl\/","logo":{"@type":"ImageObject","inLanguage":"pl-PL","@id":"https:\/\/lanzigroup.com\/pl\/#\/schema\/logo\/image\/","url":"https:\/\/lanzigroup.com\/wp-content\/uploads\/2024\/12\/logo-lanzi-group.png","contentUrl":"https:\/\/lanzigroup.com\/wp-content\/uploads\/2024\/12\/logo-lanzi-group.png","width":190,"height":88,"caption":"Lanzi Group"},"image":{"@id":"https:\/\/lanzigroup.com\/pl\/#\/schema\/logo\/image\/"},"sameAs":["https:\/\/www.linkedin.com\/company\/lanzi-group\/","https:\/\/www.youtube.com\/channel\/UCnPuBpzneOCV6CzbmM5n5tw"]}]}},"_links":{"self":[{"href":"https:\/\/lanzigroup.com\/pl\/wp-json\/wp\/v2\/pages\/6856","targetHints":{"allow":["GET"]}}],"collection":[{"href":"https:\/\/lanzigroup.com\/pl\/wp-json\/wp\/v2\/pages"}],"about":[{"href":"https:\/\/lanzigroup.com\/pl\/wp-json\/wp\/v2\/types\/page"}],"author":[{"embeddable":true,"href":"https:\/\/lanzigroup.com\/pl\/wp-json\/wp\/v2\/users\/13"}],"replies":[{"embeddable":true,"href":"https:\/\/lanzigroup.com\/pl\/wp-json\/wp\/v2\/comments?post=6856"}],"version-history":[{"count":1,"href":"https:\/\/lanzigroup.com\/pl\/wp-json\/wp\/v2\/pages\/6856\/revisions"}],"predecessor-version":[{"id":6857,"href":"https:\/\/lanzigroup.com\/pl\/wp-json\/wp\/v2\/pages\/6856\/revisions\/6857"}],"wp:attachment":[{"href":"https:\/\/lanzigroup.com\/pl\/wp-json\/wp\/v2\/media?parent=6856"}],"curies":[{"name":"wp","href":"https:\/\/api.w.org\/{rel}","templated":true}]}}