{"id":6871,"date":"2020-04-20T17:49:38","date_gmt":"2020-04-20T15:49:38","guid":{"rendered":"https:\/\/lanzigroup.com\/?page_id=6871"},"modified":"2025-03-11T12:25:12","modified_gmt":"2025-03-11T11:25:12","slug":"okulary-na-recepte","status":"publish","type":"page","link":"https:\/\/lanzigroup.com\/pl\/dzial-operacyjny\/dystrybucja\/okulary-na-recepte\/","title":{"rendered":"Okulary Na Recept\u0119"},"content":{"rendered":"","protected":false},"excerpt":{"rendered":"","protected":false},"author":13,"featured_media":5006,"parent":6868,"menu_order":0,"comment_status":"closed","ping_status":"closed","template":"","meta":{"_acf_changed":false,"footnotes":""},"class_list":["post-6871","page","type-page","status-publish","has-post-thumbnail","hentry"],"acf":[],"yoast_head":"<!-- This site is optimized with the Yoast SEO plugin v24.3 - https:\/\/yoast.com\/wordpress\/plugins\/seo\/ -->\n<title>Okulary Na Recept\u0119<\/title>\n<meta name=\"description\" content=\"Okulary Na Recept\u0119 Okulary korekcyjne Linia okular\u00f3w korekcyjnych zawiera wygodne i lekkie modele posiadaj\u0105ce szk\u0142a koryguj\u0105ce, dzi\u0119ki kt\u00f3rym osoby z wadami wzroku (kr\u00f3tkowzroczno\u015b\u0107, hypermetropia, astygmatyzm, dalekowzroczno\u015b\u0107 starcza) mog\u0105 bezpiecznie pracowa\u0107.\" \/>\n<meta name=\"robots\" content=\"index, follow, max-snippet:-1, max-image-preview:large, max-video-preview:-1\" \/>\n<link rel=\"canonical\" href=\"https:\/\/lanzigroup.com\/pl\/dzial-operacyjny\/dystrybucja\/okulary-na-recepte\/\" \/>\n<meta property=\"og:locale\" content=\"pl_PL\" \/>\n<meta property=\"og:type\" content=\"article\" \/>\n<meta property=\"og:title\" content=\"Okulary Na Recept\u0119\" \/>\n<meta property=\"og:description\" content=\"Okulary Na Recept\u0119 Okulary korekcyjne Linia okular\u00f3w korekcyjnych zawiera wygodne i lekkie modele posiadaj\u0105ce szk\u0142a koryguj\u0105ce, dzi\u0119ki kt\u00f3rym osoby z wadami wzroku (kr\u00f3tkowzroczno\u015b\u0107, hypermetropia, astygmatyzm, dalekowzroczno\u015b\u0107 starcza) mog\u0105 bezpiecznie pracowa\u0107.\" \/>\n<meta property=\"og:url\" content=\"https:\/\/lanzigroup.com\/pl\/dzial-operacyjny\/dystrybucja\/okulary-na-recepte\/\" \/>\n<meta property=\"og:site_name\" content=\"Lanzi Group\" \/>\n<meta property=\"article:modified_time\" content=\"2025-03-11T11:25:12+00:00\" \/>\n<meta property=\"og:image\" content=\"https:\/\/lanzigroup.com\/wp-content\/uploads\/2020\/04\/occhiali-correttivi.jpg\" \/>\n\t<meta property=\"og:image:width\" content=\"500\" \/>\n\t<meta property=\"og:image:height\" content=\"500\" \/>\n\t<meta property=\"og:image:type\" content=\"image\/jpeg\" \/>\n<meta name=\"twitter:card\" content=\"summary_large_image\" \/>\n<meta name=\"twitter:label1\" content=\"Szacowany czas czytania\" \/>\n\t<meta name=\"twitter:data1\" content=\"1 minuta\" \/>\n<script type=\"application\/ld+json\" class=\"yoast-schema-graph\">{\"@context\":\"https:\/\/schema.org\",\"@graph\":[{\"@type\":\"WebPage\",\"@id\":\"https:\/\/lanzigroup.com\/pl\/dzial-operacyjny\/dystrybucja\/okulary-na-recepte\/\",\"url\":\"https:\/\/lanzigroup.com\/pl\/dzial-operacyjny\/dystrybucja\/okulary-na-recepte\/\",\"name\":\"Okulary Na Recept\u0119\",\"isPartOf\":{\"@id\":\"https:\/\/lanzigroup.com\/pl\/#website\"},\"primaryImageOfPage\":{\"@id\":\"https:\/\/lanzigroup.com\/pl\/dzial-operacyjny\/dystrybucja\/okulary-na-recepte\/#primaryimage\"},\"image\":{\"@id\":\"https:\/\/lanzigroup.com\/pl\/dzial-operacyjny\/dystrybucja\/okulary-na-recepte\/#primaryimage\"},\"thumbnailUrl\":\"https:\/\/lanzigroup.com\/wp-content\/uploads\/2020\/04\/occhiali-correttivi.jpg\",\"datePublished\":\"2020-04-20T15:49:38+00:00\",\"dateModified\":\"2025-03-11T11:25:12+00:00\",\"description\":\"Okulary Na Recept\u0119 Okulary korekcyjne Linia okular\u00f3w korekcyjnych zawiera wygodne i lekkie modele posiadaj\u0105ce szk\u0142a koryguj\u0105ce, dzi\u0119ki kt\u00f3rym osoby z wadami wzroku (kr\u00f3tkowzroczno\u015b\u0107, hypermetropia, astygmatyzm, dalekowzroczno\u015b\u0107 starcza) mog\u0105 bezpiecznie pracowa\u0107.\",\"breadcrumb\":{\"@id\":\"https:\/\/lanzigroup.com\/pl\/dzial-operacyjny\/dystrybucja\/okulary-na-recepte\/#breadcrumb\"},\"inLanguage\":\"pl-PL\",\"potentialAction\":[{\"@type\":\"ReadAction\",\"target\":[\"https:\/\/lanzigroup.com\/pl\/dzial-operacyjny\/dystrybucja\/okulary-na-recepte\/\"]}]},{\"@type\":\"ImageObject\",\"inLanguage\":\"pl-PL\",\"@id\":\"https:\/\/lanzigroup.com\/pl\/dzial-operacyjny\/dystrybucja\/okulary-na-recepte\/#primaryimage\",\"url\":\"https:\/\/lanzigroup.com\/wp-content\/uploads\/2020\/04\/occhiali-correttivi.jpg\",\"contentUrl\":\"https:\/\/lanzigroup.com\/wp-content\/uploads\/2020\/04\/occhiali-correttivi.jpg\",\"width\":500,\"height\":500},{\"@type\":\"BreadcrumbList\",\"@id\":\"https:\/\/lanzigroup.com\/pl\/dzial-operacyjny\/dystrybucja\/okulary-na-recepte\/#breadcrumb\",\"itemListElement\":[{\"@type\":\"ListItem\",\"position\":1,\"name\":\"Lanzi\",\"item\":\"https:\/\/lanzigroup.com\/pl\/\"},{\"@type\":\"ListItem\",\"position\":2,\"name\":\"Dzia\u0142\",\"item\":\"https:\/\/lanzigroup.com\/pl\/dzial-operacyjny\/\"},{\"@type\":\"ListItem\",\"position\":3,\"name\":\"Dystrybucja\",\"item\":\"https:\/\/lanzigroup.com\/pl\/dzial-operacyjny\/dystrybucja\/\"},{\"@type\":\"ListItem\",\"position\":4,\"name\":\"Okulary Na Recept\u0119\"}]},{\"@type\":\"WebSite\",\"@id\":\"https:\/\/lanzigroup.com\/pl\/#website\",\"url\":\"https:\/\/lanzigroup.com\/pl\/\",\"name\":\"Lanzi Group\",\"description\":\"\",\"publisher\":{\"@id\":\"https:\/\/lanzigroup.com\/pl\/#organization\"},\"potentialAction\":[{\"@type\":\"SearchAction\",\"target\":{\"@type\":\"EntryPoint\",\"urlTemplate\":\"https:\/\/lanzigroup.com\/pl\/?s={search_term_string}\"},\"query-input\":{\"@type\":\"PropertyValueSpecification\",\"valueRequired\":true,\"valueName\":\"search_term_string\"}}],\"inLanguage\":\"pl-PL\"},{\"@type\":\"Organization\",\"@id\":\"https:\/\/lanzigroup.com\/pl\/#organization\",\"name\":\"Lanzi Group\",\"url\":\"https:\/\/lanzigroup.com\/pl\/\",\"logo\":{\"@type\":\"ImageObject\",\"inLanguage\":\"pl-PL\",\"@id\":\"https:\/\/lanzigroup.com\/pl\/#\/schema\/logo\/image\/\",\"url\":\"https:\/\/lanzigroup.com\/wp-content\/uploads\/2024\/12\/logo-lanzi-group.png\",\"contentUrl\":\"https:\/\/lanzigroup.com\/wp-content\/uploads\/2024\/12\/logo-lanzi-group.png\",\"width\":190,\"height\":88,\"caption\":\"Lanzi Group\"},\"image\":{\"@id\":\"https:\/\/lanzigroup.com\/pl\/#\/schema\/logo\/image\/\"},\"sameAs\":[\"https:\/\/www.linkedin.com\/company\/lanzi-group\/\",\"https:\/\/www.youtube.com\/channel\/UCnPuBpzneOCV6CzbmM5n5tw\"]}]}<\/script>\n<!-- \/ Yoast SEO plugin. -->","yoast_head_json":{"title":"Okulary Na Recept\u0119","description":"Okulary Na Recept\u0119 Okulary korekcyjne Linia okular\u00f3w korekcyjnych zawiera wygodne i lekkie modele posiadaj\u0105ce szk\u0142a koryguj\u0105ce, dzi\u0119ki kt\u00f3rym osoby z wadami wzroku (kr\u00f3tkowzroczno\u015b\u0107, hypermetropia, astygmatyzm, dalekowzroczno\u015b\u0107 starcza) mog\u0105 bezpiecznie pracowa\u0107.","robots":{"index":"index","follow":"follow","max-snippet":"max-snippet:-1","max-image-preview":"max-image-preview:large","max-video-preview":"max-video-preview:-1"},"canonical":"https:\/\/lanzigroup.com\/pl\/dzial-operacyjny\/dystrybucja\/okulary-na-recepte\/","og_locale":"pl_PL","og_type":"article","og_title":"Okulary Na Recept\u0119","og_description":"Okulary Na Recept\u0119 Okulary korekcyjne Linia okular\u00f3w korekcyjnych zawiera wygodne i lekkie modele posiadaj\u0105ce szk\u0142a koryguj\u0105ce, dzi\u0119ki kt\u00f3rym osoby z wadami wzroku (kr\u00f3tkowzroczno\u015b\u0107, hypermetropia, astygmatyzm, dalekowzroczno\u015b\u0107 starcza) mog\u0105 bezpiecznie pracowa\u0107.","og_url":"https:\/\/lanzigroup.com\/pl\/dzial-operacyjny\/dystrybucja\/okulary-na-recepte\/","og_site_name":"Lanzi Group","article_modified_time":"2025-03-11T11:25:12+00:00","og_image":[{"width":500,"height":500,"url":"https:\/\/lanzigroup.com\/wp-content\/uploads\/2020\/04\/occhiali-correttivi.jpg","type":"image\/jpeg"}],"twitter_card":"summary_large_image","twitter_misc":{"Szacowany czas czytania":"1 minuta"},"schema":{"@context":"https:\/\/schema.org","@graph":[{"@type":"WebPage","@id":"https:\/\/lanzigroup.com\/pl\/dzial-operacyjny\/dystrybucja\/okulary-na-recepte\/","url":"https:\/\/lanzigroup.com\/pl\/dzial-operacyjny\/dystrybucja\/okulary-na-recepte\/","name":"Okulary Na Recept\u0119","isPartOf":{"@id":"https:\/\/lanzigroup.com\/pl\/#website"},"primaryImageOfPage":{"@id":"https:\/\/lanzigroup.com\/pl\/dzial-operacyjny\/dystrybucja\/okulary-na-recepte\/#primaryimage"},"image":{"@id":"https:\/\/lanzigroup.com\/pl\/dzial-operacyjny\/dystrybucja\/okulary-na-recepte\/#primaryimage"},"thumbnailUrl":"https:\/\/lanzigroup.com\/wp-content\/uploads\/2020\/04\/occhiali-correttivi.jpg","datePublished":"2020-04-20T15:49:38+00:00","dateModified":"2025-03-11T11:25:12+00:00","description":"Okulary Na Recept\u0119 Okulary korekcyjne Linia okular\u00f3w korekcyjnych zawiera wygodne i lekkie modele posiadaj\u0105ce szk\u0142a koryguj\u0105ce, dzi\u0119ki kt\u00f3rym osoby z wadami wzroku (kr\u00f3tkowzroczno\u015b\u0107, hypermetropia, astygmatyzm, dalekowzroczno\u015b\u0107 starcza) mog\u0105 bezpiecznie pracowa\u0107.","breadcrumb":{"@id":"https:\/\/lanzigroup.com\/pl\/dzial-operacyjny\/dystrybucja\/okulary-na-recepte\/#breadcrumb"},"inLanguage":"pl-PL","potentialAction":[{"@type":"ReadAction","target":["https:\/\/lanzigroup.com\/pl\/dzial-operacyjny\/dystrybucja\/okulary-na-recepte\/"]}]},{"@type":"ImageObject","inLanguage":"pl-PL","@id":"https:\/\/lanzigroup.com\/pl\/dzial-operacyjny\/dystrybucja\/okulary-na-recepte\/#primaryimage","url":"https:\/\/lanzigroup.com\/wp-content\/uploads\/2020\/04\/occhiali-correttivi.jpg","contentUrl":"https:\/\/lanzigroup.com\/wp-content\/uploads\/2020\/04\/occhiali-correttivi.jpg","width":500,"height":500},{"@type":"BreadcrumbList","@id":"https:\/\/lanzigroup.com\/pl\/dzial-operacyjny\/dystrybucja\/okulary-na-recepte\/#breadcrumb","itemListElement":[{"@type":"ListItem","position":1,"name":"Lanzi","item":"https:\/\/lanzigroup.com\/pl\/"},{"@type":"ListItem","position":2,"name":"Dzia\u0142","item":"https:\/\/lanzigroup.com\/pl\/dzial-operacyjny\/"},{"@type":"ListItem","position":3,"name":"Dystrybucja","item":"https:\/\/lanzigroup.com\/pl\/dzial-operacyjny\/dystrybucja\/"},{"@type":"ListItem","position":4,"name":"Okulary Na Recept\u0119"}]},{"@type":"WebSite","@id":"https:\/\/lanzigroup.com\/pl\/#website","url":"https:\/\/lanzigroup.com\/pl\/","name":"Lanzi Group","description":"","publisher":{"@id":"https:\/\/lanzigroup.com\/pl\/#organization"},"potentialAction":[{"@type":"SearchAction","target":{"@type":"EntryPoint","urlTemplate":"https:\/\/lanzigroup.com\/pl\/?s={search_term_string}"},"query-input":{"@type":"PropertyValueSpecification","valueRequired":true,"valueName":"search_term_string"}}],"inLanguage":"pl-PL"},{"@type":"Organization","@id":"https:\/\/lanzigroup.com\/pl\/#organization","name":"Lanzi Group","url":"https:\/\/lanzigroup.com\/pl\/","logo":{"@type":"ImageObject","inLanguage":"pl-PL","@id":"https:\/\/lanzigroup.com\/pl\/#\/schema\/logo\/image\/","url":"https:\/\/lanzigroup.com\/wp-content\/uploads\/2024\/12\/logo-lanzi-group.png","contentUrl":"https:\/\/lanzigroup.com\/wp-content\/uploads\/2024\/12\/logo-lanzi-group.png","width":190,"height":88,"caption":"Lanzi Group"},"image":{"@id":"https:\/\/lanzigroup.com\/pl\/#\/schema\/logo\/image\/"},"sameAs":["https:\/\/www.linkedin.com\/company\/lanzi-group\/","https:\/\/www.youtube.com\/channel\/UCnPuBpzneOCV6CzbmM5n5tw"]}]}},"_links":{"self":[{"href":"https:\/\/lanzigroup.com\/pl\/wp-json\/wp\/v2\/pages\/6871","targetHints":{"allow":["GET"]}}],"collection":[{"href":"https:\/\/lanzigroup.com\/pl\/wp-json\/wp\/v2\/pages"}],"about":[{"href":"https:\/\/lanzigroup.com\/pl\/wp-json\/wp\/v2\/types\/page"}],"author":[{"embeddable":true,"href":"https:\/\/lanzigroup.com\/pl\/wp-json\/wp\/v2\/users\/13"}],"replies":[{"embeddable":true,"href":"https:\/\/lanzigroup.com\/pl\/wp-json\/wp\/v2\/comments?post=6871"}],"version-history":[{"count":1,"href":"https:\/\/lanzigroup.com\/pl\/wp-json\/wp\/v2\/pages\/6871\/revisions"}],"predecessor-version":[{"id":6872,"href":"https:\/\/lanzigroup.com\/pl\/wp-json\/wp\/v2\/pages\/6871\/revisions\/6872"}],"up":[{"embeddable":true,"href":"https:\/\/lanzigroup.com\/pl\/wp-json\/wp\/v2\/pages\/6868"}],"wp:featuredmedia":[{"embeddable":true,"href":"https:\/\/lanzigroup.com\/pl\/wp-json\/wp\/v2\/media\/5006"}],"wp:attachment":[{"href":"https:\/\/lanzigroup.com\/pl\/wp-json\/wp\/v2\/media?parent=6871"}],"curies":[{"name":"wp","href":"https:\/\/api.w.org\/{rel}","templated":true}]}}