{"id":6876,"date":"2020-04-20T17:49:38","date_gmt":"2020-04-20T15:49:38","guid":{"rendered":"https:\/\/lanzigroup.com\/?page_id=6876"},"modified":"2025-03-11T12:25:22","modified_gmt":"2025-03-11T11:25:22","slug":"regeneracja-rekawic","status":"publish","type":"page","link":"https:\/\/lanzigroup.com\/pl\/dzial-operacyjny\/dystrybucja\/regeneracja-rekawic\/","title":{"rendered":"Regeneracja R\u0119kawic"},"content":{"rendered":"","protected":false},"excerpt":{"rendered":"","protected":false},"author":13,"featured_media":5021,"parent":6868,"menu_order":0,"comment_status":"closed","ping_status":"closed","template":"","meta":{"_acf_changed":false,"footnotes":""},"class_list":["post-6876","page","type-page","status-publish","has-post-thumbnail","hentry"],"acf":[],"yoast_head":"<!-- This site is optimized with the Yoast SEO plugin v24.3 - https:\/\/yoast.com\/wordpress\/plugins\/seo\/ -->\n<title>Regeneracja R\u0119kawic - Lanzi Group<\/title>\n<meta name=\"description\" content=\"Lanzi Safety Service oferuje us\u0142ug\u0119 regeneracji r\u0119kawic, zawieraj\u0105c\u0105 pranie, selekcj\u0119, kontrol\u0119 oraz certyfikacj\u0119 zgodno\u015bci zregenerowanych produkt\u00f3w.\" \/>\n<meta name=\"robots\" content=\"index, follow, max-snippet:-1, max-image-preview:large, max-video-preview:-1\" \/>\n<link rel=\"canonical\" href=\"https:\/\/lanzigroup.com\/pl\/dzial-operacyjny\/dystrybucja\/regeneracja-rekawic\/\" \/>\n<meta property=\"og:locale\" content=\"pl_PL\" \/>\n<meta property=\"og:type\" content=\"article\" \/>\n<meta property=\"og:title\" content=\"Regeneracja R\u0119kawic - Lanzi Group\" \/>\n<meta property=\"og:description\" content=\"Lanzi Safety Service oferuje us\u0142ug\u0119 regeneracji r\u0119kawic, zawieraj\u0105c\u0105 pranie, selekcj\u0119, kontrol\u0119 oraz certyfikacj\u0119 zgodno\u015bci zregenerowanych produkt\u00f3w.\" \/>\n<meta property=\"og:url\" content=\"https:\/\/lanzigroup.com\/pl\/dzial-operacyjny\/dystrybucja\/regeneracja-rekawic\/\" \/>\n<meta property=\"og:site_name\" content=\"Lanzi Group\" \/>\n<meta property=\"article:modified_time\" content=\"2025-03-11T11:25:22+00:00\" \/>\n<meta property=\"og:image\" content=\"https:\/\/lanzigroup.com\/wp-content\/uploads\/2020\/04\/Processo-di-rigenerazione-guanti.jpg\" \/>\n\t<meta property=\"og:image:width\" content=\"500\" \/>\n\t<meta property=\"og:image:height\" content=\"500\" \/>\n\t<meta property=\"og:image:type\" content=\"image\/jpeg\" \/>\n<meta name=\"twitter:card\" content=\"summary_large_image\" \/>\n<script type=\"application\/ld+json\" class=\"yoast-schema-graph\">{\"@context\":\"https:\/\/schema.org\",\"@graph\":[{\"@type\":\"WebPage\",\"@id\":\"https:\/\/lanzigroup.com\/pl\/dzial-operacyjny\/dystrybucja\/regeneracja-rekawic\/\",\"url\":\"https:\/\/lanzigroup.com\/pl\/dzial-operacyjny\/dystrybucja\/regeneracja-rekawic\/\",\"name\":\"Regeneracja R\u0119kawic - Lanzi Group\",\"isPartOf\":{\"@id\":\"https:\/\/lanzigroup.com\/pl\/#website\"},\"primaryImageOfPage\":{\"@id\":\"https:\/\/lanzigroup.com\/pl\/dzial-operacyjny\/dystrybucja\/regeneracja-rekawic\/#primaryimage\"},\"image\":{\"@id\":\"https:\/\/lanzigroup.com\/pl\/dzial-operacyjny\/dystrybucja\/regeneracja-rekawic\/#primaryimage\"},\"thumbnailUrl\":\"https:\/\/lanzigroup.com\/wp-content\/uploads\/2020\/04\/Processo-di-rigenerazione-guanti.jpg\",\"datePublished\":\"2020-04-20T15:49:38+00:00\",\"dateModified\":\"2025-03-11T11:25:22+00:00\",\"description\":\"Lanzi Safety Service oferuje us\u0142ug\u0119 regeneracji r\u0119kawic, zawieraj\u0105c\u0105 pranie, selekcj\u0119, kontrol\u0119 oraz certyfikacj\u0119 zgodno\u015bci zregenerowanych produkt\u00f3w.\",\"breadcrumb\":{\"@id\":\"https:\/\/lanzigroup.com\/pl\/dzial-operacyjny\/dystrybucja\/regeneracja-rekawic\/#breadcrumb\"},\"inLanguage\":\"pl-PL\",\"potentialAction\":[{\"@type\":\"ReadAction\",\"target\":[\"https:\/\/lanzigroup.com\/pl\/dzial-operacyjny\/dystrybucja\/regeneracja-rekawic\/\"]}]},{\"@type\":\"ImageObject\",\"inLanguage\":\"pl-PL\",\"@id\":\"https:\/\/lanzigroup.com\/pl\/dzial-operacyjny\/dystrybucja\/regeneracja-rekawic\/#primaryimage\",\"url\":\"https:\/\/lanzigroup.com\/wp-content\/uploads\/2020\/04\/Processo-di-rigenerazione-guanti.jpg\",\"contentUrl\":\"https:\/\/lanzigroup.com\/wp-content\/uploads\/2020\/04\/Processo-di-rigenerazione-guanti.jpg\",\"width\":500,\"height\":500},{\"@type\":\"BreadcrumbList\",\"@id\":\"https:\/\/lanzigroup.com\/pl\/dzial-operacyjny\/dystrybucja\/regeneracja-rekawic\/#breadcrumb\",\"itemListElement\":[{\"@type\":\"ListItem\",\"position\":1,\"name\":\"Lanzi\",\"item\":\"https:\/\/lanzigroup.com\/pl\/\"},{\"@type\":\"ListItem\",\"position\":2,\"name\":\"Dzia\u0142\",\"item\":\"https:\/\/lanzigroup.com\/pl\/dzial-operacyjny\/\"},{\"@type\":\"ListItem\",\"position\":3,\"name\":\"Dystrybucja\",\"item\":\"https:\/\/lanzigroup.com\/pl\/dzial-operacyjny\/dystrybucja\/\"},{\"@type\":\"ListItem\",\"position\":4,\"name\":\"Regeneracja R\u0119kawic\"}]},{\"@type\":\"WebSite\",\"@id\":\"https:\/\/lanzigroup.com\/pl\/#website\",\"url\":\"https:\/\/lanzigroup.com\/pl\/\",\"name\":\"Lanzi Group\",\"description\":\"\",\"publisher\":{\"@id\":\"https:\/\/lanzigroup.com\/pl\/#organization\"},\"potentialAction\":[{\"@type\":\"SearchAction\",\"target\":{\"@type\":\"EntryPoint\",\"urlTemplate\":\"https:\/\/lanzigroup.com\/pl\/?s={search_term_string}\"},\"query-input\":{\"@type\":\"PropertyValueSpecification\",\"valueRequired\":true,\"valueName\":\"search_term_string\"}}],\"inLanguage\":\"pl-PL\"},{\"@type\":\"Organization\",\"@id\":\"https:\/\/lanzigroup.com\/pl\/#organization\",\"name\":\"Lanzi Group\",\"url\":\"https:\/\/lanzigroup.com\/pl\/\",\"logo\":{\"@type\":\"ImageObject\",\"inLanguage\":\"pl-PL\",\"@id\":\"https:\/\/lanzigroup.com\/pl\/#\/schema\/logo\/image\/\",\"url\":\"https:\/\/lanzigroup.com\/wp-content\/uploads\/2024\/12\/logo-lanzi-group.png\",\"contentUrl\":\"https:\/\/lanzigroup.com\/wp-content\/uploads\/2024\/12\/logo-lanzi-group.png\",\"width\":190,\"height\":88,\"caption\":\"Lanzi Group\"},\"image\":{\"@id\":\"https:\/\/lanzigroup.com\/pl\/#\/schema\/logo\/image\/\"},\"sameAs\":[\"https:\/\/www.linkedin.com\/company\/lanzi-group\/\",\"https:\/\/www.youtube.com\/channel\/UCnPuBpzneOCV6CzbmM5n5tw\"]}]}<\/script>\n<!-- \/ Yoast SEO plugin. -->","yoast_head_json":{"title":"Regeneracja R\u0119kawic - Lanzi Group","description":"Lanzi Safety Service oferuje us\u0142ug\u0119 regeneracji r\u0119kawic, zawieraj\u0105c\u0105 pranie, selekcj\u0119, kontrol\u0119 oraz certyfikacj\u0119 zgodno\u015bci zregenerowanych produkt\u00f3w.","robots":{"index":"index","follow":"follow","max-snippet":"max-snippet:-1","max-image-preview":"max-image-preview:large","max-video-preview":"max-video-preview:-1"},"canonical":"https:\/\/lanzigroup.com\/pl\/dzial-operacyjny\/dystrybucja\/regeneracja-rekawic\/","og_locale":"pl_PL","og_type":"article","og_title":"Regeneracja R\u0119kawic - Lanzi Group","og_description":"Lanzi Safety Service oferuje us\u0142ug\u0119 regeneracji r\u0119kawic, zawieraj\u0105c\u0105 pranie, selekcj\u0119, kontrol\u0119 oraz certyfikacj\u0119 zgodno\u015bci zregenerowanych produkt\u00f3w.","og_url":"https:\/\/lanzigroup.com\/pl\/dzial-operacyjny\/dystrybucja\/regeneracja-rekawic\/","og_site_name":"Lanzi Group","article_modified_time":"2025-03-11T11:25:22+00:00","og_image":[{"width":500,"height":500,"url":"https:\/\/lanzigroup.com\/wp-content\/uploads\/2020\/04\/Processo-di-rigenerazione-guanti.jpg","type":"image\/jpeg"}],"twitter_card":"summary_large_image","schema":{"@context":"https:\/\/schema.org","@graph":[{"@type":"WebPage","@id":"https:\/\/lanzigroup.com\/pl\/dzial-operacyjny\/dystrybucja\/regeneracja-rekawic\/","url":"https:\/\/lanzigroup.com\/pl\/dzial-operacyjny\/dystrybucja\/regeneracja-rekawic\/","name":"Regeneracja R\u0119kawic - Lanzi Group","isPartOf":{"@id":"https:\/\/lanzigroup.com\/pl\/#website"},"primaryImageOfPage":{"@id":"https:\/\/lanzigroup.com\/pl\/dzial-operacyjny\/dystrybucja\/regeneracja-rekawic\/#primaryimage"},"image":{"@id":"https:\/\/lanzigroup.com\/pl\/dzial-operacyjny\/dystrybucja\/regeneracja-rekawic\/#primaryimage"},"thumbnailUrl":"https:\/\/lanzigroup.com\/wp-content\/uploads\/2020\/04\/Processo-di-rigenerazione-guanti.jpg","datePublished":"2020-04-20T15:49:38+00:00","dateModified":"2025-03-11T11:25:22+00:00","description":"Lanzi Safety Service oferuje us\u0142ug\u0119 regeneracji r\u0119kawic, zawieraj\u0105c\u0105 pranie, selekcj\u0119, kontrol\u0119 oraz certyfikacj\u0119 zgodno\u015bci zregenerowanych produkt\u00f3w.","breadcrumb":{"@id":"https:\/\/lanzigroup.com\/pl\/dzial-operacyjny\/dystrybucja\/regeneracja-rekawic\/#breadcrumb"},"inLanguage":"pl-PL","potentialAction":[{"@type":"ReadAction","target":["https:\/\/lanzigroup.com\/pl\/dzial-operacyjny\/dystrybucja\/regeneracja-rekawic\/"]}]},{"@type":"ImageObject","inLanguage":"pl-PL","@id":"https:\/\/lanzigroup.com\/pl\/dzial-operacyjny\/dystrybucja\/regeneracja-rekawic\/#primaryimage","url":"https:\/\/lanzigroup.com\/wp-content\/uploads\/2020\/04\/Processo-di-rigenerazione-guanti.jpg","contentUrl":"https:\/\/lanzigroup.com\/wp-content\/uploads\/2020\/04\/Processo-di-rigenerazione-guanti.jpg","width":500,"height":500},{"@type":"BreadcrumbList","@id":"https:\/\/lanzigroup.com\/pl\/dzial-operacyjny\/dystrybucja\/regeneracja-rekawic\/#breadcrumb","itemListElement":[{"@type":"ListItem","position":1,"name":"Lanzi","item":"https:\/\/lanzigroup.com\/pl\/"},{"@type":"ListItem","position":2,"name":"Dzia\u0142","item":"https:\/\/lanzigroup.com\/pl\/dzial-operacyjny\/"},{"@type":"ListItem","position":3,"name":"Dystrybucja","item":"https:\/\/lanzigroup.com\/pl\/dzial-operacyjny\/dystrybucja\/"},{"@type":"ListItem","position":4,"name":"Regeneracja R\u0119kawic"}]},{"@type":"WebSite","@id":"https:\/\/lanzigroup.com\/pl\/#website","url":"https:\/\/lanzigroup.com\/pl\/","name":"Lanzi Group","description":"","publisher":{"@id":"https:\/\/lanzigroup.com\/pl\/#organization"},"potentialAction":[{"@type":"SearchAction","target":{"@type":"EntryPoint","urlTemplate":"https:\/\/lanzigroup.com\/pl\/?s={search_term_string}"},"query-input":{"@type":"PropertyValueSpecification","valueRequired":true,"valueName":"search_term_string"}}],"inLanguage":"pl-PL"},{"@type":"Organization","@id":"https:\/\/lanzigroup.com\/pl\/#organization","name":"Lanzi Group","url":"https:\/\/lanzigroup.com\/pl\/","logo":{"@type":"ImageObject","inLanguage":"pl-PL","@id":"https:\/\/lanzigroup.com\/pl\/#\/schema\/logo\/image\/","url":"https:\/\/lanzigroup.com\/wp-content\/uploads\/2024\/12\/logo-lanzi-group.png","contentUrl":"https:\/\/lanzigroup.com\/wp-content\/uploads\/2024\/12\/logo-lanzi-group.png","width":190,"height":88,"caption":"Lanzi Group"},"image":{"@id":"https:\/\/lanzigroup.com\/pl\/#\/schema\/logo\/image\/"},"sameAs":["https:\/\/www.linkedin.com\/company\/lanzi-group\/","https:\/\/www.youtube.com\/channel\/UCnPuBpzneOCV6CzbmM5n5tw"]}]}},"_links":{"self":[{"href":"https:\/\/lanzigroup.com\/pl\/wp-json\/wp\/v2\/pages\/6876","targetHints":{"allow":["GET"]}}],"collection":[{"href":"https:\/\/lanzigroup.com\/pl\/wp-json\/wp\/v2\/pages"}],"about":[{"href":"https:\/\/lanzigroup.com\/pl\/wp-json\/wp\/v2\/types\/page"}],"author":[{"embeddable":true,"href":"https:\/\/lanzigroup.com\/pl\/wp-json\/wp\/v2\/users\/13"}],"replies":[{"embeddable":true,"href":"https:\/\/lanzigroup.com\/pl\/wp-json\/wp\/v2\/comments?post=6876"}],"version-history":[{"count":1,"href":"https:\/\/lanzigroup.com\/pl\/wp-json\/wp\/v2\/pages\/6876\/revisions"}],"predecessor-version":[{"id":6877,"href":"https:\/\/lanzigroup.com\/pl\/wp-json\/wp\/v2\/pages\/6876\/revisions\/6877"}],"up":[{"embeddable":true,"href":"https:\/\/lanzigroup.com\/pl\/wp-json\/wp\/v2\/pages\/6868"}],"wp:featuredmedia":[{"embeddable":true,"href":"https:\/\/lanzigroup.com\/pl\/wp-json\/wp\/v2\/media\/5021"}],"wp:attachment":[{"href":"https:\/\/lanzigroup.com\/pl\/wp-json\/wp\/v2\/media?parent=6876"}],"curies":[{"name":"wp","href":"https:\/\/api.w.org\/{rel}","templated":true}]}}