{"id":6900,"date":"2024-02-12T13:11:08","date_gmt":"2024-02-12T12:11:08","guid":{"rendered":"https:\/\/lanzigroup.com\/?page_id=6900"},"modified":"2025-07-24T13:06:17","modified_gmt":"2025-07-24T11:06:17","slug":"whistleblowing_2","status":"publish","type":"page","link":"https:\/\/lanzigroup.com\/pl\/whistleblowing_2\/","title":{"rendered":"Whistleblowing (old)"},"content":{"rendered":"","protected":false},"excerpt":{"rendered":"","protected":false},"author":13,"featured_media":6303,"parent":0,"menu_order":0,"comment_status":"closed","ping_status":"closed","template":"","meta":{"_acf_changed":false,"footnotes":""},"class_list":["post-6900","page","type-page","status-publish","has-post-thumbnail","hentry"],"acf":[],"yoast_head":"<!-- This site is optimized with the Yoast SEO plugin v24.3 - https:\/\/yoast.com\/wordpress\/plugins\/seo\/ -->\n<title>Whistleblowing (old) - Lanzi Group<\/title>\n<meta name=\"description\" content=\"Je\u015bli masz poufne informacje do podzielenia si\u0119 anonimowo, mo\u017cesz to zrobi\u0107 za po\u015brednictwem jednego z poni\u017cszych kana\u0142\u00f3w. Tw\u00f3j wk\u0142ad jest kluczowy dla zapewnienia przejrzysto\u015bci i odpowiedzialno\u015bci.\" \/>\n<meta name=\"robots\" content=\"index, follow, max-snippet:-1, max-image-preview:large, max-video-preview:-1\" \/>\n<link rel=\"canonical\" href=\"https:\/\/lanzigroup.com\/pl\/whistleblowing_2\/\" \/>\n<meta property=\"og:locale\" content=\"pl_PL\" \/>\n<meta property=\"og:type\" content=\"article\" \/>\n<meta property=\"og:title\" content=\"Whistleblowing (old) - Lanzi Group\" \/>\n<meta property=\"og:description\" content=\"Je\u015bli masz poufne informacje do podzielenia si\u0119 anonimowo, mo\u017cesz to zrobi\u0107 za po\u015brednictwem jednego z poni\u017cszych kana\u0142\u00f3w. Tw\u00f3j wk\u0142ad jest kluczowy dla zapewnienia przejrzysto\u015bci i odpowiedzialno\u015bci.\" \/>\n<meta property=\"og:url\" content=\"https:\/\/lanzigroup.com\/pl\/whistleblowing_2\/\" \/>\n<meta property=\"og:site_name\" content=\"Lanzi Group\" \/>\n<meta property=\"article:modified_time\" content=\"2025-07-24T11:06:17+00:00\" \/>\n<meta property=\"og:image\" content=\"https:\/\/lanzigroup.com\/wp-content\/uploads\/2024\/02\/fischietto-180.png\" \/>\n\t<meta property=\"og:image:width\" content=\"180\" \/>\n\t<meta property=\"og:image:height\" content=\"113\" \/>\n\t<meta property=\"og:image:type\" content=\"image\/png\" \/>\n<meta name=\"twitter:card\" content=\"summary_large_image\" \/>\n<meta name=\"twitter:label1\" content=\"Szacowany czas czytania\" \/>\n\t<meta name=\"twitter:data1\" content=\"1 minuta\" \/>\n<script type=\"application\/ld+json\" class=\"yoast-schema-graph\">{\"@context\":\"https:\/\/schema.org\",\"@graph\":[{\"@type\":\"WebPage\",\"@id\":\"https:\/\/lanzigroup.com\/pl\/whistleblowing_2\/\",\"url\":\"https:\/\/lanzigroup.com\/pl\/whistleblowing_2\/\",\"name\":\"Whistleblowing (old) - Lanzi Group\",\"isPartOf\":{\"@id\":\"https:\/\/lanzigroup.com\/pl\/#website\"},\"primaryImageOfPage\":{\"@id\":\"https:\/\/lanzigroup.com\/pl\/whistleblowing_2\/#primaryimage\"},\"image\":{\"@id\":\"https:\/\/lanzigroup.com\/pl\/whistleblowing_2\/#primaryimage\"},\"thumbnailUrl\":\"https:\/\/lanzigroup.com\/wp-content\/uploads\/2024\/02\/fischietto-180.png\",\"datePublished\":\"2024-02-12T12:11:08+00:00\",\"dateModified\":\"2025-07-24T11:06:17+00:00\",\"description\":\"Je\u015bli masz poufne informacje do podzielenia si\u0119 anonimowo, mo\u017cesz to zrobi\u0107 za po\u015brednictwem jednego z poni\u017cszych kana\u0142\u00f3w. Tw\u00f3j wk\u0142ad jest kluczowy dla zapewnienia przejrzysto\u015bci i odpowiedzialno\u015bci.\",\"breadcrumb\":{\"@id\":\"https:\/\/lanzigroup.com\/pl\/whistleblowing_2\/#breadcrumb\"},\"inLanguage\":\"pl-PL\",\"potentialAction\":[{\"@type\":\"ReadAction\",\"target\":[\"https:\/\/lanzigroup.com\/pl\/whistleblowing_2\/\"]}]},{\"@type\":\"ImageObject\",\"inLanguage\":\"pl-PL\",\"@id\":\"https:\/\/lanzigroup.com\/pl\/whistleblowing_2\/#primaryimage\",\"url\":\"https:\/\/lanzigroup.com\/wp-content\/uploads\/2024\/02\/fischietto-180.png\",\"contentUrl\":\"https:\/\/lanzigroup.com\/wp-content\/uploads\/2024\/02\/fischietto-180.png\",\"width\":180,\"height\":113},{\"@type\":\"BreadcrumbList\",\"@id\":\"https:\/\/lanzigroup.com\/pl\/whistleblowing_2\/#breadcrumb\",\"itemListElement\":[{\"@type\":\"ListItem\",\"position\":1,\"name\":\"Lanzi\",\"item\":\"https:\/\/lanzigroup.com\/pl\/\"},{\"@type\":\"ListItem\",\"position\":2,\"name\":\"Whistleblowing (old)\"}]},{\"@type\":\"WebSite\",\"@id\":\"https:\/\/lanzigroup.com\/pl\/#website\",\"url\":\"https:\/\/lanzigroup.com\/pl\/\",\"name\":\"Lanzi Group\",\"description\":\"\",\"publisher\":{\"@id\":\"https:\/\/lanzigroup.com\/pl\/#organization\"},\"potentialAction\":[{\"@type\":\"SearchAction\",\"target\":{\"@type\":\"EntryPoint\",\"urlTemplate\":\"https:\/\/lanzigroup.com\/pl\/?s={search_term_string}\"},\"query-input\":{\"@type\":\"PropertyValueSpecification\",\"valueRequired\":true,\"valueName\":\"search_term_string\"}}],\"inLanguage\":\"pl-PL\"},{\"@type\":\"Organization\",\"@id\":\"https:\/\/lanzigroup.com\/pl\/#organization\",\"name\":\"Lanzi Group\",\"url\":\"https:\/\/lanzigroup.com\/pl\/\",\"logo\":{\"@type\":\"ImageObject\",\"inLanguage\":\"pl-PL\",\"@id\":\"https:\/\/lanzigroup.com\/pl\/#\/schema\/logo\/image\/\",\"url\":\"https:\/\/lanzigroup.com\/wp-content\/uploads\/2024\/12\/logo-lanzi-group.png\",\"contentUrl\":\"https:\/\/lanzigroup.com\/wp-content\/uploads\/2024\/12\/logo-lanzi-group.png\",\"width\":190,\"height\":88,\"caption\":\"Lanzi Group\"},\"image\":{\"@id\":\"https:\/\/lanzigroup.com\/pl\/#\/schema\/logo\/image\/\"},\"sameAs\":[\"https:\/\/www.linkedin.com\/company\/lanzi-group\/\",\"https:\/\/www.youtube.com\/channel\/UCnPuBpzneOCV6CzbmM5n5tw\"]}]}<\/script>\n<!-- \/ Yoast SEO plugin. -->","yoast_head_json":{"title":"Whistleblowing (old) - Lanzi Group","description":"Je\u015bli masz poufne informacje do podzielenia si\u0119 anonimowo, mo\u017cesz to zrobi\u0107 za po\u015brednictwem jednego z poni\u017cszych kana\u0142\u00f3w. Tw\u00f3j wk\u0142ad jest kluczowy dla zapewnienia przejrzysto\u015bci i odpowiedzialno\u015bci.","robots":{"index":"index","follow":"follow","max-snippet":"max-snippet:-1","max-image-preview":"max-image-preview:large","max-video-preview":"max-video-preview:-1"},"canonical":"https:\/\/lanzigroup.com\/pl\/whistleblowing_2\/","og_locale":"pl_PL","og_type":"article","og_title":"Whistleblowing (old) - Lanzi Group","og_description":"Je\u015bli masz poufne informacje do podzielenia si\u0119 anonimowo, mo\u017cesz to zrobi\u0107 za po\u015brednictwem jednego z poni\u017cszych kana\u0142\u00f3w. Tw\u00f3j wk\u0142ad jest kluczowy dla zapewnienia przejrzysto\u015bci i odpowiedzialno\u015bci.","og_url":"https:\/\/lanzigroup.com\/pl\/whistleblowing_2\/","og_site_name":"Lanzi Group","article_modified_time":"2025-07-24T11:06:17+00:00","og_image":[{"width":180,"height":113,"url":"https:\/\/lanzigroup.com\/wp-content\/uploads\/2024\/02\/fischietto-180.png","type":"image\/png"}],"twitter_card":"summary_large_image","twitter_misc":{"Szacowany czas czytania":"1 minuta"},"schema":{"@context":"https:\/\/schema.org","@graph":[{"@type":"WebPage","@id":"https:\/\/lanzigroup.com\/pl\/whistleblowing_2\/","url":"https:\/\/lanzigroup.com\/pl\/whistleblowing_2\/","name":"Whistleblowing (old) - Lanzi Group","isPartOf":{"@id":"https:\/\/lanzigroup.com\/pl\/#website"},"primaryImageOfPage":{"@id":"https:\/\/lanzigroup.com\/pl\/whistleblowing_2\/#primaryimage"},"image":{"@id":"https:\/\/lanzigroup.com\/pl\/whistleblowing_2\/#primaryimage"},"thumbnailUrl":"https:\/\/lanzigroup.com\/wp-content\/uploads\/2024\/02\/fischietto-180.png","datePublished":"2024-02-12T12:11:08+00:00","dateModified":"2025-07-24T11:06:17+00:00","description":"Je\u015bli masz poufne informacje do podzielenia si\u0119 anonimowo, mo\u017cesz to zrobi\u0107 za po\u015brednictwem jednego z poni\u017cszych kana\u0142\u00f3w. Tw\u00f3j wk\u0142ad jest kluczowy dla zapewnienia przejrzysto\u015bci i odpowiedzialno\u015bci.","breadcrumb":{"@id":"https:\/\/lanzigroup.com\/pl\/whistleblowing_2\/#breadcrumb"},"inLanguage":"pl-PL","potentialAction":[{"@type":"ReadAction","target":["https:\/\/lanzigroup.com\/pl\/whistleblowing_2\/"]}]},{"@type":"ImageObject","inLanguage":"pl-PL","@id":"https:\/\/lanzigroup.com\/pl\/whistleblowing_2\/#primaryimage","url":"https:\/\/lanzigroup.com\/wp-content\/uploads\/2024\/02\/fischietto-180.png","contentUrl":"https:\/\/lanzigroup.com\/wp-content\/uploads\/2024\/02\/fischietto-180.png","width":180,"height":113},{"@type":"BreadcrumbList","@id":"https:\/\/lanzigroup.com\/pl\/whistleblowing_2\/#breadcrumb","itemListElement":[{"@type":"ListItem","position":1,"name":"Lanzi","item":"https:\/\/lanzigroup.com\/pl\/"},{"@type":"ListItem","position":2,"name":"Whistleblowing (old)"}]},{"@type":"WebSite","@id":"https:\/\/lanzigroup.com\/pl\/#website","url":"https:\/\/lanzigroup.com\/pl\/","name":"Lanzi Group","description":"","publisher":{"@id":"https:\/\/lanzigroup.com\/pl\/#organization"},"potentialAction":[{"@type":"SearchAction","target":{"@type":"EntryPoint","urlTemplate":"https:\/\/lanzigroup.com\/pl\/?s={search_term_string}"},"query-input":{"@type":"PropertyValueSpecification","valueRequired":true,"valueName":"search_term_string"}}],"inLanguage":"pl-PL"},{"@type":"Organization","@id":"https:\/\/lanzigroup.com\/pl\/#organization","name":"Lanzi Group","url":"https:\/\/lanzigroup.com\/pl\/","logo":{"@type":"ImageObject","inLanguage":"pl-PL","@id":"https:\/\/lanzigroup.com\/pl\/#\/schema\/logo\/image\/","url":"https:\/\/lanzigroup.com\/wp-content\/uploads\/2024\/12\/logo-lanzi-group.png","contentUrl":"https:\/\/lanzigroup.com\/wp-content\/uploads\/2024\/12\/logo-lanzi-group.png","width":190,"height":88,"caption":"Lanzi Group"},"image":{"@id":"https:\/\/lanzigroup.com\/pl\/#\/schema\/logo\/image\/"},"sameAs":["https:\/\/www.linkedin.com\/company\/lanzi-group\/","https:\/\/www.youtube.com\/channel\/UCnPuBpzneOCV6CzbmM5n5tw"]}]}},"_links":{"self":[{"href":"https:\/\/lanzigroup.com\/pl\/wp-json\/wp\/v2\/pages\/6900","targetHints":{"allow":["GET"]}}],"collection":[{"href":"https:\/\/lanzigroup.com\/pl\/wp-json\/wp\/v2\/pages"}],"about":[{"href":"https:\/\/lanzigroup.com\/pl\/wp-json\/wp\/v2\/types\/page"}],"author":[{"embeddable":true,"href":"https:\/\/lanzigroup.com\/pl\/wp-json\/wp\/v2\/users\/13"}],"replies":[{"embeddable":true,"href":"https:\/\/lanzigroup.com\/pl\/wp-json\/wp\/v2\/comments?post=6900"}],"version-history":[{"count":2,"href":"https:\/\/lanzigroup.com\/pl\/wp-json\/wp\/v2\/pages\/6900\/revisions"}],"predecessor-version":[{"id":8494,"href":"https:\/\/lanzigroup.com\/pl\/wp-json\/wp\/v2\/pages\/6900\/revisions\/8494"}],"wp:featuredmedia":[{"embeddable":true,"href":"https:\/\/lanzigroup.com\/pl\/wp-json\/wp\/v2\/media\/6303"}],"wp:attachment":[{"href":"https:\/\/lanzigroup.com\/pl\/wp-json\/wp\/v2\/media?parent=6900"}],"curies":[{"name":"wp","href":"https:\/\/api.w.org\/{rel}","templated":true}]}}