{"id":6902,"date":"2021-09-22T11:21:01","date_gmt":"2021-09-22T09:21:01","guid":{"rendered":"https:\/\/lanzigroup.com\/?page_id=6902"},"modified":"2024-12-18T12:57:30","modified_gmt":"2024-12-18T11:57:30","slug":"partner","status":"publish","type":"page","link":"https:\/\/lanzigroup.com\/pl\/partner\/","title":{"rendered":"Partner"},"content":{"rendered":"","protected":false},"excerpt":{"rendered":"","protected":false},"author":13,"featured_media":6903,"parent":0,"menu_order":0,"comment_status":"closed","ping_status":"closed","template":"elementor_header_footer","meta":{"_acf_changed":false,"footnotes":""},"class_list":["post-6902","page","type-page","status-publish","has-post-thumbnail","hentry"],"acf":[],"yoast_head":"<!-- This site is optimized with the Yoast SEO plugin v24.3 - https:\/\/yoast.com\/wordpress\/plugins\/seo\/ -->\n<title>Partner - Lanzi Group<\/title>\n<meta name=\"description\" content=\"Aby osi\u0105gn\u0105\u0107 dalekosi\u0119\u017cne cele, potrzebny jest partner, kt\u00f3ry potrafi sprosta\u0107 wyzwaniu. Dzi\u0119ki Lanzi zyskujesz po swojej stronie si\u0142\u0119 grupy o d\u0142ugiej historii sukces\u00f3w i ca\u0142kowicie made in Italy.\" \/>\n<meta name=\"robots\" content=\"index, follow, max-snippet:-1, max-image-preview:large, max-video-preview:-1\" \/>\n<link rel=\"canonical\" href=\"https:\/\/lanzigroup.com\/pl\/partner\/\" \/>\n<meta property=\"og:locale\" content=\"pl_PL\" \/>\n<meta property=\"og:type\" content=\"article\" \/>\n<meta property=\"og:title\" content=\"Partner - Lanzi Group\" \/>\n<meta property=\"og:description\" content=\"Aby osi\u0105gn\u0105\u0107 dalekosi\u0119\u017cne cele, potrzebny jest partner, kt\u00f3ry potrafi sprosta\u0107 wyzwaniu. Dzi\u0119ki Lanzi zyskujesz po swojej stronie si\u0142\u0119 grupy o d\u0142ugiej historii sukces\u00f3w i ca\u0142kowicie made in Italy.\" \/>\n<meta property=\"og:url\" content=\"https:\/\/lanzigroup.com\/pl\/partner\/\" \/>\n<meta property=\"og:site_name\" content=\"Lanzi Group\" \/>\n<meta property=\"article:modified_time\" content=\"2024-12-18T11:57:30+00:00\" \/>\n<meta property=\"og:image\" content=\"https:\/\/lanzigroup.com\/wp-content\/uploads\/2024\/12\/visual-export-PL.jpg\" \/>\n\t<meta property=\"og:image:width\" content=\"1300\" \/>\n\t<meta property=\"og:image:height\" content=\"1207\" \/>\n\t<meta property=\"og:image:type\" content=\"image\/jpeg\" \/>\n<meta name=\"twitter:card\" content=\"summary_large_image\" \/>\n<meta name=\"twitter:label1\" content=\"Szacowany czas czytania\" \/>\n\t<meta name=\"twitter:data1\" content=\"1 minuta\" \/>\n<script type=\"application\/ld+json\" class=\"yoast-schema-graph\">{\"@context\":\"https:\/\/schema.org\",\"@graph\":[{\"@type\":\"WebPage\",\"@id\":\"https:\/\/lanzigroup.com\/pl\/partner\/\",\"url\":\"https:\/\/lanzigroup.com\/pl\/partner\/\",\"name\":\"Partner - Lanzi Group\",\"isPartOf\":{\"@id\":\"https:\/\/lanzigroup.com\/pl\/#website\"},\"primaryImageOfPage\":{\"@id\":\"https:\/\/lanzigroup.com\/pl\/partner\/#primaryimage\"},\"image\":{\"@id\":\"https:\/\/lanzigroup.com\/pl\/partner\/#primaryimage\"},\"thumbnailUrl\":\"https:\/\/lanzigroup.com\/wp-content\/uploads\/2024\/12\/visual-export-PL.jpg\",\"datePublished\":\"2021-09-22T09:21:01+00:00\",\"dateModified\":\"2024-12-18T11:57:30+00:00\",\"description\":\"Aby osi\u0105gn\u0105\u0107 dalekosi\u0119\u017cne cele, potrzebny jest partner, kt\u00f3ry potrafi sprosta\u0107 wyzwaniu. Dzi\u0119ki Lanzi zyskujesz po swojej stronie si\u0142\u0119 grupy o d\u0142ugiej historii sukces\u00f3w i ca\u0142kowicie made in Italy.\",\"breadcrumb\":{\"@id\":\"https:\/\/lanzigroup.com\/pl\/partner\/#breadcrumb\"},\"inLanguage\":\"pl-PL\",\"potentialAction\":[{\"@type\":\"ReadAction\",\"target\":[\"https:\/\/lanzigroup.com\/pl\/partner\/\"]}]},{\"@type\":\"ImageObject\",\"inLanguage\":\"pl-PL\",\"@id\":\"https:\/\/lanzigroup.com\/pl\/partner\/#primaryimage\",\"url\":\"https:\/\/lanzigroup.com\/wp-content\/uploads\/2024\/12\/visual-export-PL.jpg\",\"contentUrl\":\"https:\/\/lanzigroup.com\/wp-content\/uploads\/2024\/12\/visual-export-PL.jpg\",\"width\":1300,\"height\":1207},{\"@type\":\"BreadcrumbList\",\"@id\":\"https:\/\/lanzigroup.com\/pl\/partner\/#breadcrumb\",\"itemListElement\":[{\"@type\":\"ListItem\",\"position\":1,\"name\":\"Lanzi\",\"item\":\"https:\/\/lanzigroup.com\/pl\/\"},{\"@type\":\"ListItem\",\"position\":2,\"name\":\"Partner\"}]},{\"@type\":\"WebSite\",\"@id\":\"https:\/\/lanzigroup.com\/pl\/#website\",\"url\":\"https:\/\/lanzigroup.com\/pl\/\",\"name\":\"Lanzi Group\",\"description\":\"\",\"publisher\":{\"@id\":\"https:\/\/lanzigroup.com\/pl\/#organization\"},\"potentialAction\":[{\"@type\":\"SearchAction\",\"target\":{\"@type\":\"EntryPoint\",\"urlTemplate\":\"https:\/\/lanzigroup.com\/pl\/?s={search_term_string}\"},\"query-input\":{\"@type\":\"PropertyValueSpecification\",\"valueRequired\":true,\"valueName\":\"search_term_string\"}}],\"inLanguage\":\"pl-PL\"},{\"@type\":\"Organization\",\"@id\":\"https:\/\/lanzigroup.com\/pl\/#organization\",\"name\":\"Lanzi Group\",\"url\":\"https:\/\/lanzigroup.com\/pl\/\",\"logo\":{\"@type\":\"ImageObject\",\"inLanguage\":\"pl-PL\",\"@id\":\"https:\/\/lanzigroup.com\/pl\/#\/schema\/logo\/image\/\",\"url\":\"https:\/\/lanzigroup.com\/wp-content\/uploads\/2024\/12\/logo-lanzi-group.png\",\"contentUrl\":\"https:\/\/lanzigroup.com\/wp-content\/uploads\/2024\/12\/logo-lanzi-group.png\",\"width\":190,\"height\":88,\"caption\":\"Lanzi Group\"},\"image\":{\"@id\":\"https:\/\/lanzigroup.com\/pl\/#\/schema\/logo\/image\/\"},\"sameAs\":[\"https:\/\/www.linkedin.com\/company\/lanzi-group\/\",\"https:\/\/www.youtube.com\/channel\/UCnPuBpzneOCV6CzbmM5n5tw\"]}]}<\/script>\n<!-- \/ Yoast SEO plugin. -->","yoast_head_json":{"title":"Partner - Lanzi Group","description":"Aby osi\u0105gn\u0105\u0107 dalekosi\u0119\u017cne cele, potrzebny jest partner, kt\u00f3ry potrafi sprosta\u0107 wyzwaniu. Dzi\u0119ki Lanzi zyskujesz po swojej stronie si\u0142\u0119 grupy o d\u0142ugiej historii sukces\u00f3w i ca\u0142kowicie made in Italy.","robots":{"index":"index","follow":"follow","max-snippet":"max-snippet:-1","max-image-preview":"max-image-preview:large","max-video-preview":"max-video-preview:-1"},"canonical":"https:\/\/lanzigroup.com\/pl\/partner\/","og_locale":"pl_PL","og_type":"article","og_title":"Partner - Lanzi Group","og_description":"Aby osi\u0105gn\u0105\u0107 dalekosi\u0119\u017cne cele, potrzebny jest partner, kt\u00f3ry potrafi sprosta\u0107 wyzwaniu. Dzi\u0119ki Lanzi zyskujesz po swojej stronie si\u0142\u0119 grupy o d\u0142ugiej historii sukces\u00f3w i ca\u0142kowicie made in Italy.","og_url":"https:\/\/lanzigroup.com\/pl\/partner\/","og_site_name":"Lanzi Group","article_modified_time":"2024-12-18T11:57:30+00:00","og_image":[{"width":1300,"height":1207,"url":"https:\/\/lanzigroup.com\/wp-content\/uploads\/2024\/12\/visual-export-PL.jpg","type":"image\/jpeg"}],"twitter_card":"summary_large_image","twitter_misc":{"Szacowany czas czytania":"1 minuta"},"schema":{"@context":"https:\/\/schema.org","@graph":[{"@type":"WebPage","@id":"https:\/\/lanzigroup.com\/pl\/partner\/","url":"https:\/\/lanzigroup.com\/pl\/partner\/","name":"Partner - Lanzi Group","isPartOf":{"@id":"https:\/\/lanzigroup.com\/pl\/#website"},"primaryImageOfPage":{"@id":"https:\/\/lanzigroup.com\/pl\/partner\/#primaryimage"},"image":{"@id":"https:\/\/lanzigroup.com\/pl\/partner\/#primaryimage"},"thumbnailUrl":"https:\/\/lanzigroup.com\/wp-content\/uploads\/2024\/12\/visual-export-PL.jpg","datePublished":"2021-09-22T09:21:01+00:00","dateModified":"2024-12-18T11:57:30+00:00","description":"Aby osi\u0105gn\u0105\u0107 dalekosi\u0119\u017cne cele, potrzebny jest partner, kt\u00f3ry potrafi sprosta\u0107 wyzwaniu. Dzi\u0119ki Lanzi zyskujesz po swojej stronie si\u0142\u0119 grupy o d\u0142ugiej historii sukces\u00f3w i ca\u0142kowicie made in Italy.","breadcrumb":{"@id":"https:\/\/lanzigroup.com\/pl\/partner\/#breadcrumb"},"inLanguage":"pl-PL","potentialAction":[{"@type":"ReadAction","target":["https:\/\/lanzigroup.com\/pl\/partner\/"]}]},{"@type":"ImageObject","inLanguage":"pl-PL","@id":"https:\/\/lanzigroup.com\/pl\/partner\/#primaryimage","url":"https:\/\/lanzigroup.com\/wp-content\/uploads\/2024\/12\/visual-export-PL.jpg","contentUrl":"https:\/\/lanzigroup.com\/wp-content\/uploads\/2024\/12\/visual-export-PL.jpg","width":1300,"height":1207},{"@type":"BreadcrumbList","@id":"https:\/\/lanzigroup.com\/pl\/partner\/#breadcrumb","itemListElement":[{"@type":"ListItem","position":1,"name":"Lanzi","item":"https:\/\/lanzigroup.com\/pl\/"},{"@type":"ListItem","position":2,"name":"Partner"}]},{"@type":"WebSite","@id":"https:\/\/lanzigroup.com\/pl\/#website","url":"https:\/\/lanzigroup.com\/pl\/","name":"Lanzi Group","description":"","publisher":{"@id":"https:\/\/lanzigroup.com\/pl\/#organization"},"potentialAction":[{"@type":"SearchAction","target":{"@type":"EntryPoint","urlTemplate":"https:\/\/lanzigroup.com\/pl\/?s={search_term_string}"},"query-input":{"@type":"PropertyValueSpecification","valueRequired":true,"valueName":"search_term_string"}}],"inLanguage":"pl-PL"},{"@type":"Organization","@id":"https:\/\/lanzigroup.com\/pl\/#organization","name":"Lanzi Group","url":"https:\/\/lanzigroup.com\/pl\/","logo":{"@type":"ImageObject","inLanguage":"pl-PL","@id":"https:\/\/lanzigroup.com\/pl\/#\/schema\/logo\/image\/","url":"https:\/\/lanzigroup.com\/wp-content\/uploads\/2024\/12\/logo-lanzi-group.png","contentUrl":"https:\/\/lanzigroup.com\/wp-content\/uploads\/2024\/12\/logo-lanzi-group.png","width":190,"height":88,"caption":"Lanzi Group"},"image":{"@id":"https:\/\/lanzigroup.com\/pl\/#\/schema\/logo\/image\/"},"sameAs":["https:\/\/www.linkedin.com\/company\/lanzi-group\/","https:\/\/www.youtube.com\/channel\/UCnPuBpzneOCV6CzbmM5n5tw"]}]}},"_links":{"self":[{"href":"https:\/\/lanzigroup.com\/pl\/wp-json\/wp\/v2\/pages\/6902","targetHints":{"allow":["GET"]}}],"collection":[{"href":"https:\/\/lanzigroup.com\/pl\/wp-json\/wp\/v2\/pages"}],"about":[{"href":"https:\/\/lanzigroup.com\/pl\/wp-json\/wp\/v2\/types\/page"}],"author":[{"embeddable":true,"href":"https:\/\/lanzigroup.com\/pl\/wp-json\/wp\/v2\/users\/13"}],"replies":[{"embeddable":true,"href":"https:\/\/lanzigroup.com\/pl\/wp-json\/wp\/v2\/comments?post=6902"}],"version-history":[{"count":1,"href":"https:\/\/lanzigroup.com\/pl\/wp-json\/wp\/v2\/pages\/6902\/revisions"}],"predecessor-version":[{"id":6907,"href":"https:\/\/lanzigroup.com\/pl\/wp-json\/wp\/v2\/pages\/6902\/revisions\/6907"}],"wp:featuredmedia":[{"embeddable":true,"href":"https:\/\/lanzigroup.com\/pl\/wp-json\/wp\/v2\/media\/6903"}],"wp:attachment":[{"href":"https:\/\/lanzigroup.com\/pl\/wp-json\/wp\/v2\/media?parent=6902"}],"curies":[{"name":"wp","href":"https:\/\/api.w.org\/{rel}","templated":true}]}}